{"id":9125,"date":"2021-01-19T11:19:09","date_gmt":"2021-01-19T11:19:09","guid":{"rendered":"https:\/\/frigoscandia.com\/warehouse\/vara-lager\/"},"modified":"2025-03-18T13:10:04","modified_gmt":"2025-03-18T12:10:04","slug":"vara-lager","status":"publish","type":"page","link":"https:\/\/frigoscandia.com\/en\/warehouse\/vara-lager\/","title":{"rendered":"Warehouse adresses"},"content":{"rendered":"<div class=\"wpb-content-wrapper\"><p>[vc_row el_class=&#8221;respfix1 nocenter&#8221;][vc_column width=&#8221;1\/2&#8243; el_class=&#8221;textblock&#8221;][vc_column_text css=&#8221;&#8221; el_class=&#8221;textblock&#8221;]<strong>Helsingborg &#8211; Hyllinge<\/strong><br \/>\nFrigoscandia<br \/>\n<span data-teams=\"true\">Br\u00e4nnaregatan 11<br \/>\nSE- 265 75 Hyllinge<\/span><\/p>\n<p><strong>Helsingborg &#8211; Vasatorp<\/strong><br \/>\nFrigoscandia<br \/>\nMineralgatan 1A<br \/>\nSE-254 64 Helsingborg<\/p>\n<p><strong>Helsingborg &#8211; Ljusekulla<\/strong><br \/>\nFrigoscandia<br \/>\nKardangatan 21<br \/>\nSE-256 66 Helsingborg[\/vc_column_text][\/vc_column][vc_column width=&#8221;1\/2&#8243; el_class=&#8221;textblock&#8221;][vc_column_text css=&#8221;&#8221; el_class=&#8221;textblock&#8221;]<strong>\u00d6rebro<\/strong><br \/>\nFrigoscandia<br \/>\nVattenverksv\u00e4gen 6<br \/>\nSE-702 27 \u00d6rebro<\/p>\n<p><strong>G\u00f6teborg<\/strong><br \/>\nFrigoscandia<br \/>\nSkagerack 12<br \/>\nSE-418 34 G\u00f6teborg<\/p>\n<p><strong>Stockholm &#8211; Lagerv\u00e4gen<\/strong><br \/>\nFrigoscandia<br \/>\nLagerv\u00e4gen 11<br \/>\nSE-136 50 Jordbro<\/p>\n<p><strong>Stockholm &#8211; Lillsj\u00f6v\u00e4gen<\/strong><br \/>\nFrigoscandia<br \/>\nLillsj\u00f6v\u00e4gen 50<br \/>\nSE-136 50 Jordbro[\/vc_column_text][\/vc_column][vc_column el_class=&#8221;respfix2&#8243;][vc_gmaps link=&#8221;#E-8_JTNDaWZyYW1lJTIwc3JjJTNEJTIyaHR0cHMlM0ElMkYlMkZ3d3cuZ29vZ2xlLmNvbSUyRm1hcHMlMkZkJTJGZW1iZWQlM0ZtaWQlM0QxZkw0RHNMaDZGa1o1a3R6MTBqSFhIMzNBd0tKRzYxSSUyNmVoYmMlM0QyRTMxMkYlMjIlMjB3aWR0aCUzRCUyMjEwMjQlMjIlMjBoZWlnaHQlM0QlMjI2NDAlMjIlM0UlM0MlMkZpZnJhbWUlM0U=&#8221;][\/vc_column][\/vc_row][vc_row][vc_column css=&#8221;.vc_custom_1629449310783{background-image: url(https:\/\/frigoscandia.com\/wp-content\/uploads\/2021\/08\/FRIGO_imagebild_homepage_1400x580px_textyta_PA_2.jpg?id=3214) !important;}&#8221; el_class=&#8221;imageback&#8221;][vc_column_text]<\/p>\n<h3>Matf\u00f6rs\u00f6rjning med Norden som hemmamarknad<\/h3>\n<p>Har ni fr\u00e5gor kring hur ert f\u00f6retags livsmedelslogistik skulle kunna optimeras och integreras b\u00e4ttre in i er verksamhet? Vi har den r\u00e4tta kunskapen och logistikn\u00e4tverket f\u00f6r att hitta er optimala l\u00f6sning. Tveka inte att h\u00f6ra av er till oss.[\/vc_column_text][vc_btn title=&#8221;Offertf\u00f6rfr\u00e5gan&#8221; color=&#8221;green&#8221; align=&#8221;center&#8221; link=&#8221;url:https%3A%2F%2Ffrigoscandia.com%2Fbegar-offert%2F|title:Beg%C3%A4r%20offert&#8221;][\/vc_column][\/vc_row]<\/p>\n<\/div>","protected":false},"excerpt":{"rendered":"<p>[vc_row el_class=&#8221;respfix1 nocenter&#8221;][vc_column width=&#8221;1\/2&#8243; el_class=&#8221;textblock&#8221;][vc_column_text css=&#8221;&#8221; el_class=&#8221;textblock&#8221;]Helsingborg &#8211; Hyllinge Frigoscandia Br\u00e4nnaregatan 11 SE- 265 75 Hyllinge Helsingborg &#8211; Vasatorp Frigoscandia Mineralgatan 1A SE-254 64 Helsingborg Helsingborg &#8211; Ljusekulla Frigoscandia Kardangatan 21 SE-256 66 Helsingborg[\/vc_column_text][\/vc_column][vc_column width=&#8221;1\/2&#8243; el_class=&#8221;textblock&#8221;][vc_column_text css=&#8221;&#8221; el_class=&#8221;textblock&#8221;]\u00d6rebro Frigoscandia Vattenverksv\u00e4gen 6 SE-702 27 \u00d6rebro G\u00f6teborg Frigoscandia Skagerack 12 SE-418 34 G\u00f6teborg Stockholm &#8211; Lagerv\u00e4gen Frigoscandia [&#8230;]<\/p>\n<p><a class=\"btn btn-secondary understrap-read-more-link\" href=\"https:\/\/frigoscandia.com\/en\/warehouse\/vara-lager\/\">Read More&#8230;<\/a><\/p>\n","protected":false},"author":4,"featured_media":0,"parent":2174,"menu_order":0,"comment_status":"closed","ping_status":"closed","template":"","meta":{"_acf_changed":false,"footnotes":""},"class_list":["post-9125","page","type-page","status-publish","hentry"],"acf":[],"yoast_head":"<!-- This site is optimized with the Yoast SEO plugin v27.4 - https:\/\/yoast.com\/product\/yoast-seo-wordpress\/ -->\n<title>Adressregister lager - Frigoscandia<\/title>\n<meta name=\"description\" content=\"H\u00e4r hittar du adresser till v\u00e5ra lager\" \/>\n<meta name=\"robots\" content=\"index, follow, max-snippet:-1, max-image-preview:large, max-video-preview:-1\" \/>\n<link rel=\"canonical\" href=\"https:\/\/frigoscandia.com\/en\/warehouse\/vara-lager\/\" \/>\n<meta property=\"og:locale\" content=\"en_US\" \/>\n<meta property=\"og:type\" content=\"article\" \/>\n<meta property=\"og:title\" content=\"Adressregister lager - Frigoscandia\" \/>\n<meta property=\"og:description\" content=\"H\u00e4r hittar du adresser till v\u00e5ra lager\" \/>\n<meta property=\"og:url\" content=\"https:\/\/frigoscandia.com\/en\/warehouse\/vara-lager\/\" \/>\n<meta property=\"og:site_name\" content=\"Frigoscandia\" \/>\n<meta property=\"article:modified_time\" content=\"2025-03-18T12:10:04+00:00\" \/>\n<meta name=\"twitter:card\" content=\"summary_large_image\" \/>\n<meta name=\"twitter:label1\" content=\"Est. reading time\" \/>\n\t<meta name=\"twitter:data1\" content=\"1 minute\" \/>\n<script type=\"application\/ld+json\" class=\"yoast-schema-graph\">{\"@context\":\"https:\\\/\\\/schema.org\",\"@graph\":[{\"@type\":\"WebPage\",\"@id\":\"https:\\\/\\\/frigoscandia.com\\\/en\\\/warehouse\\\/vara-lager\\\/\",\"url\":\"https:\\\/\\\/frigoscandia.com\\\/en\\\/warehouse\\\/vara-lager\\\/\",\"name\":\"Adressregister lager - Frigoscandia\",\"isPartOf\":{\"@id\":\"https:\\\/\\\/frigoscandia.com\\\/#website\"},\"datePublished\":\"2021-01-19T11:19:09+00:00\",\"dateModified\":\"2025-03-18T12:10:04+00:00\",\"description\":\"H\u00e4r hittar du adresser till v\u00e5ra lager\",\"breadcrumb\":{\"@id\":\"https:\\\/\\\/frigoscandia.com\\\/en\\\/warehouse\\\/vara-lager\\\/#breadcrumb\"},\"inLanguage\":\"en-US\",\"potentialAction\":[{\"@type\":\"ReadAction\",\"target\":[\"https:\\\/\\\/frigoscandia.com\\\/en\\\/warehouse\\\/vara-lager\\\/\"]}]},{\"@type\":\"BreadcrumbList\",\"@id\":\"https:\\\/\\\/frigoscandia.com\\\/en\\\/warehouse\\\/vara-lager\\\/#breadcrumb\",\"itemListElement\":[{\"@type\":\"ListItem\",\"position\":1,\"name\":\"Hem\",\"item\":\"https:\\\/\\\/frigoscandia.com\\\/en\\\/\"},{\"@type\":\"ListItem\",\"position\":2,\"name\":\"Our warehousing solutions\",\"item\":\"https:\\\/\\\/frigoscandia.com\\\/en\\\/warehouse\\\/\"},{\"@type\":\"ListItem\",\"position\":3,\"name\":\"Warehouse adresses\"}]},{\"@type\":\"WebSite\",\"@id\":\"https:\\\/\\\/frigoscandia.com\\\/#website\",\"url\":\"https:\\\/\\\/frigoscandia.com\\\/\",\"name\":\"Frigoscandia\",\"description\":\"Frakttj\u00e4nster\",\"publisher\":{\"@id\":\"https:\\\/\\\/frigoscandia.com\\\/#organization\"},\"potentialAction\":[{\"@type\":\"SearchAction\",\"target\":{\"@type\":\"EntryPoint\",\"urlTemplate\":\"https:\\\/\\\/frigoscandia.com\\\/?s={search_term_string}\"},\"query-input\":{\"@type\":\"PropertyValueSpecification\",\"valueRequired\":true,\"valueName\":\"search_term_string\"}}],\"inLanguage\":\"en-US\"},{\"@type\":\"Organization\",\"@id\":\"https:\\\/\\\/frigoscandia.com\\\/#organization\",\"name\":\"Frigoscandia\",\"url\":\"https:\\\/\\\/frigoscandia.com\\\/\",\"logo\":{\"@type\":\"ImageObject\",\"inLanguage\":\"en-US\",\"@id\":\"https:\\\/\\\/frigoscandia.com\\\/#\\\/schema\\\/logo\\\/image\\\/\",\"url\":\"https:\\\/\\\/frigoscandia.com\\\/wp-content\\\/uploads\\\/2021\\\/07\\\/Frigoscandia_logo.png\",\"contentUrl\":\"https:\\\/\\\/frigoscandia.com\\\/wp-content\\\/uploads\\\/2021\\\/07\\\/Frigoscandia_logo.png\",\"width\":2362,\"height\":341,\"caption\":\"Frigoscandia\"},\"image\":{\"@id\":\"https:\\\/\\\/frigoscandia.com\\\/#\\\/schema\\\/logo\\\/image\\\/\"}}]}<\/script>\n<!-- \/ Yoast SEO plugin. -->","yoast_head_json":{"title":"Adressregister lager - Frigoscandia","description":"H\u00e4r hittar du adresser till v\u00e5ra lager","robots":{"index":"index","follow":"follow","max-snippet":"max-snippet:-1","max-image-preview":"max-image-preview:large","max-video-preview":"max-video-preview:-1"},"canonical":"https:\/\/frigoscandia.com\/en\/warehouse\/vara-lager\/","og_locale":"en_US","og_type":"article","og_title":"Adressregister lager - Frigoscandia","og_description":"H\u00e4r hittar du adresser till v\u00e5ra lager","og_url":"https:\/\/frigoscandia.com\/en\/warehouse\/vara-lager\/","og_site_name":"Frigoscandia","article_modified_time":"2025-03-18T12:10:04+00:00","twitter_card":"summary_large_image","twitter_misc":{"Est. reading time":"1 minute"},"schema":{"@context":"https:\/\/schema.org","@graph":[{"@type":"WebPage","@id":"https:\/\/frigoscandia.com\/en\/warehouse\/vara-lager\/","url":"https:\/\/frigoscandia.com\/en\/warehouse\/vara-lager\/","name":"Adressregister lager - Frigoscandia","isPartOf":{"@id":"https:\/\/frigoscandia.com\/#website"},"datePublished":"2021-01-19T11:19:09+00:00","dateModified":"2025-03-18T12:10:04+00:00","description":"H\u00e4r hittar du adresser till v\u00e5ra lager","breadcrumb":{"@id":"https:\/\/frigoscandia.com\/en\/warehouse\/vara-lager\/#breadcrumb"},"inLanguage":"en-US","potentialAction":[{"@type":"ReadAction","target":["https:\/\/frigoscandia.com\/en\/warehouse\/vara-lager\/"]}]},{"@type":"BreadcrumbList","@id":"https:\/\/frigoscandia.com\/en\/warehouse\/vara-lager\/#breadcrumb","itemListElement":[{"@type":"ListItem","position":1,"name":"Hem","item":"https:\/\/frigoscandia.com\/en\/"},{"@type":"ListItem","position":2,"name":"Our warehousing solutions","item":"https:\/\/frigoscandia.com\/en\/warehouse\/"},{"@type":"ListItem","position":3,"name":"Warehouse adresses"}]},{"@type":"WebSite","@id":"https:\/\/frigoscandia.com\/#website","url":"https:\/\/frigoscandia.com\/","name":"Frigoscandia","description":"Frakttj\u00e4nster","publisher":{"@id":"https:\/\/frigoscandia.com\/#organization"},"potentialAction":[{"@type":"SearchAction","target":{"@type":"EntryPoint","urlTemplate":"https:\/\/frigoscandia.com\/?s={search_term_string}"},"query-input":{"@type":"PropertyValueSpecification","valueRequired":true,"valueName":"search_term_string"}}],"inLanguage":"en-US"},{"@type":"Organization","@id":"https:\/\/frigoscandia.com\/#organization","name":"Frigoscandia","url":"https:\/\/frigoscandia.com\/","logo":{"@type":"ImageObject","inLanguage":"en-US","@id":"https:\/\/frigoscandia.com\/#\/schema\/logo\/image\/","url":"https:\/\/frigoscandia.com\/wp-content\/uploads\/2021\/07\/Frigoscandia_logo.png","contentUrl":"https:\/\/frigoscandia.com\/wp-content\/uploads\/2021\/07\/Frigoscandia_logo.png","width":2362,"height":341,"caption":"Frigoscandia"},"image":{"@id":"https:\/\/frigoscandia.com\/#\/schema\/logo\/image\/"}}]}},"_links":{"self":[{"href":"https:\/\/frigoscandia.com\/en\/wp-json\/wp\/v2\/pages\/9125","targetHints":{"allow":["GET"]}}],"collection":[{"href":"https:\/\/frigoscandia.com\/en\/wp-json\/wp\/v2\/pages"}],"about":[{"href":"https:\/\/frigoscandia.com\/en\/wp-json\/wp\/v2\/types\/page"}],"author":[{"embeddable":true,"href":"https:\/\/frigoscandia.com\/en\/wp-json\/wp\/v2\/users\/4"}],"replies":[{"embeddable":true,"href":"https:\/\/frigoscandia.com\/en\/wp-json\/wp\/v2\/comments?post=9125"}],"version-history":[{"count":1,"href":"https:\/\/frigoscandia.com\/en\/wp-json\/wp\/v2\/pages\/9125\/revisions"}],"predecessor-version":[{"id":9126,"href":"https:\/\/frigoscandia.com\/en\/wp-json\/wp\/v2\/pages\/9125\/revisions\/9126"}],"up":[{"embeddable":true,"href":"https:\/\/frigoscandia.com\/en\/wp-json\/wp\/v2\/pages\/2174"}],"wp:attachment":[{"href":"https:\/\/frigoscandia.com\/en\/wp-json\/wp\/v2\/media?parent=9125"}],"curies":[{"name":"wp","href":"https:\/\/api.w.org\/{rel}","templated":true}]}}