{"id":8293,"date":"2024-04-30T12:58:13","date_gmt":"2024-04-30T12:58:13","guid":{"rendered":"https:\/\/frigoscandia.com\/jkp\/"},"modified":"2024-06-05T09:35:22","modified_gmt":"2024-06-05T09:35:22","slug":"jkp","status":"publish","type":"page","link":"https:\/\/frigoscandia.com\/en\/jkp\/","title":{"rendered":"Terminal J\u00f6nk\u00f6ping"},"content":{"rendered":"<div class=\"wpb-content-wrapper\"><p>[vc_row][vc_column width=&#8221;1\/5&#8243;][\/vc_column][vc_column width=&#8221;3\/5&#8243; css=&#8221;.vc_custom_1605618976198{margin-top: 30px !important;}&#8221;][vc_column_text]<\/p>\n<h3 style=\"text-align: center;\">Checklist for Loading at Terminal J\u00f6nk\u00f6ping<\/h3>\n<p>&nbsp;<\/p>\n<ol>\n<li>Notify the terminal office\/terminal admin of your arrival.<\/li>\n<\/ol>\n<p>&nbsp;<\/p>\n<ol start=\"2\">\n<li>Collect the loading list from the terminal office\/terminal admin.<\/li>\n<\/ol>\n<p>&nbsp;<\/p>\n<ol start=\"3\">\n<li>The terminal office prints the list of goods to be loaded at the terminal and hands it over to the driver.<\/li>\n<\/ol>\n<p>&nbsp;<\/p>\n<ol start=\"4\">\n<li>Verify the goods against the loading list to ensure you are loading the correct shipments. Check off the shipments that are loaded onto the vehicle.<\/li>\n<\/ol>\n<p>&nbsp;<\/p>\n<p>&#8211; Does the number of transport packages (pallets, boxes, etc.) match the loading list?<\/p>\n<p>&#8211; Are there any damages to the goods? Are they intact and clean?<\/p>\n<p>&#8211; If you suspect a temperature deviation, perform a temperature check.<\/p>\n<p>&#8211; (In case of discrepancies, missing goods, or other issues, contact the team leader or terminal admin.)<\/p>\n<p>&nbsp;<\/p>\n<ol start=\"5\">\n<li>Leave the completed loading list at the terminal office\/terminal admin.<\/li>\n<\/ol>\n<p>&nbsp;<\/p>\n<ol start=\"6\">\n<li>Collect the shipping documents at the terminal office\/terminal admin, ensuring you take the shipping documents for the shipments you have loaded.<\/li>\n<\/ol>\n<p>&nbsp;<\/p>\n<ol start=\"7\">\n<li>Scan the goods onto the correct vehicle in the driver app: Loading terminal.<\/li>\n<\/ol>\n<p>&nbsp;<\/p>\n<ol start=\"8\">\n<li>Before leaving the terminal area:<\/li>\n<\/ol>\n<p>&#8211; Don&#8217;t forget to check out via the QR code at the terminal admin.<\/p>\n<p>&#8211; (Your registration remains in the same browser you used to check in.)<\/p>\n<p>&nbsp;<\/p>\n<ol start=\"9\">\n<li>Don&#8217;t forget to check that your units are correctly set before starting the drive.<\/li>\n<\/ol>\n<p>&nbsp;<\/p>\n<ol start=\"10\">\n<li>Before leaving the terminal area, don&#8217;t forget to check out via the QR code at the office or exit.<\/li>\n<\/ol>\n<p>&#8211; (Your registration remains in the same browser you used to check in.)<\/p>\n<p>&nbsp;<\/p>\n<ol start=\"11\">\n<li>Don&#8217;t forget to check that your units are correctly set before starting the drive.<\/li>\n<\/ol>\n<p>[\/vc_column_text][\/vc_column][vc_column width=&#8221;1\/5&#8243;][\/vc_column][\/vc_row][vc_row][vc_column width=&#8221;1\/5&#8243;][\/vc_column][vc_column width=&#8221;3\/5&#8243; css=&#8221;.vc_custom_1605618976198{margin-top: 30px !important;}&#8221;][vc_btn title=&#8221;Ladda ner Alystras Chauff\u00f6rsapp h\u00e4r&#8221; color=&#8221;green&#8221; align=&#8221;center&#8221; link=&#8221;url:https%3A%2F%2Ffrigoscandiaab.outsystemsenterprise.com%2FNativeAppBuilder%2FApp%3FAppKey%3Dda15d7d2-be63-4273-8a7a-80c0ec0c322e|target:_blank&#8221;][vc_column_text]<\/p>\n<h3 style=\"text-align: center;\"><strong>Contact information<\/strong><\/h3>\n<p><b>Terminaladmin<\/b><br \/>\n<a href=\"tel:0708642083\">0708642083<\/a><\/p>\n<p><strong>Terminalansvarig<\/strong><br \/>\n<a href=\"tel:0708642037\">0708642037<\/a>[\/vc_column_text][\/vc_column][vc_column width=&#8221;1\/5&#8243;][\/vc_column][\/vc_row][vc_row][vc_column width=&#8221;1\/5&#8243;][\/vc_column][vc_column width=&#8221;3\/5&#8243; css=&#8221;.vc_custom_1605618976198{margin-top: 30px !important;}&#8221;][vc_gmaps link=&#8221;#E-8_JTNDaWZyYW1lJTIwc3JjJTNEJTIyaHR0cHMlM0ElMkYlMkZ3d3cuZ29vZ2xlLmNvbSUyRm1hcHMlMkZlbWJlZCUzRnBiJTNEJTIxMW0xOCUyMTFtMTIlMjExbTMlMjExZDM0MDY1LjE5OTIyMjU4ODIzJTIxMmQxNC4xMjYxNTE0Mzk0OTc4ODclMjEzZDU3Ljc0OTE1MTMzNjQ4ODI4JTIxMm0zJTIxMWYwJTIxMmYwJTIxM2YwJTIxM20yJTIxMWkxMDI0JTIxMmk3NjglMjE0ZjEzLjElMjEzbTMlMjExbTIlMjExczB4NDY1YTcyNmU2YWY1NmYzNyUyNTNBMHhhNzliOTA4NDcxYjUwNWFiJTIxMnpUWFYwZEdWeWRzT2taMlZ1SURFc0lEVTFNeUF3TWlCS3c3WnVhOE8yY0dsdVp3JTIxNWUwJTIxM20yJTIxMXNzdiUyMTJzc2UlMjE0djE3MTQ2NTY0MzkxOTAlMjE1bTIlMjExc3N2JTIxMnNzZSUyMiUyMHdpZHRoJTNEJTIyNjAwJTIyJTIwaGVpZ2h0JTNEJTIyNDUwJTIyJTIwc3R5bGUlM0QlMjJib3JkZXIlM0EwJTNCJTIyJTIwYWxsb3dmdWxsc2NyZWVuJTNEJTIyJTIyJTIwbG9hZGluZyUzRCUyMmxhenklMjIlMjByZWZlcnJlcnBvbGljeSUzRCUyMm5vLXJlZmVycmVyLXdoZW4tZG93bmdyYWRlJTIyJTNFJTNDJTJGaWZyYW1lJTNF&#8221;][\/vc_column][vc_column width=&#8221;1\/5&#8243;][\/vc_column][\/vc_row]<\/p>\n<\/div>","protected":false},"excerpt":{"rendered":"<p>[vc_row][vc_column width=&#8221;1\/5&#8243;][\/vc_column][vc_column width=&#8221;3\/5&#8243; css=&#8221;.vc_custom_1605618976198{margin-top: 30px !important;}&#8221;][vc_column_text] Checklist for Loading at Terminal J\u00f6nk\u00f6ping &nbsp; Notify the terminal office\/terminal admin of your arrival. &nbsp; Collect the loading list from the terminal office\/terminal admin. &nbsp; The terminal office prints the list of goods to be loaded at the terminal and hands it over to the driver. &nbsp; Verify [&#8230;]<\/p>\n<p><a class=\"btn btn-secondary understrap-read-more-link\" href=\"https:\/\/frigoscandia.com\/en\/jkp\/\">Read More&#8230;<\/a><\/p>\n","protected":false},"author":2,"featured_media":0,"parent":0,"menu_order":0,"comment_status":"closed","ping_status":"closed","template":"","meta":{"_acf_changed":false,"footnotes":""},"class_list":["post-8293","page","type-page","status-publish","hentry"],"acf":[],"yoast_head":"<!-- This site is optimized with the Yoast SEO plugin v27.4 - https:\/\/yoast.com\/product\/yoast-seo-wordpress\/ -->\n<title>Frigoscandia vinner h\u00e5llbarhetspris - Transportf\u00f6retagen<\/title>\n<meta name=\"description\" content=\"Frigoscandia vinner Transportf\u00f6retagens h\u00e5llbarhetspris 2023\" \/>\n<meta name=\"robots\" content=\"index, follow, max-snippet:-1, max-image-preview:large, max-video-preview:-1\" \/>\n<link rel=\"canonical\" href=\"https:\/\/frigoscandia.com\/en\/jkp\/\" \/>\n<meta property=\"og:locale\" content=\"en_US\" \/>\n<meta property=\"og:type\" content=\"article\" \/>\n<meta property=\"og:title\" content=\"Frigoscandia vinner h\u00e5llbarhetspris - Transportf\u00f6retagen\" \/>\n<meta property=\"og:description\" content=\"Frigoscandia vinner Transportf\u00f6retagens h\u00e5llbarhetspris 2023\" \/>\n<meta property=\"og:url\" content=\"https:\/\/frigoscandia.com\/en\/jkp\/\" \/>\n<meta property=\"og:site_name\" content=\"Frigoscandia\" \/>\n<meta property=\"article:modified_time\" content=\"2024-06-05T09:35:22+00:00\" \/>\n<meta name=\"twitter:card\" content=\"summary_large_image\" \/>\n<meta name=\"twitter:label1\" content=\"Est. reading time\" \/>\n\t<meta name=\"twitter:data1\" content=\"2 minutes\" \/>\n<script type=\"application\/ld+json\" class=\"yoast-schema-graph\">{\"@context\":\"https:\\\/\\\/schema.org\",\"@graph\":[{\"@type\":\"WebPage\",\"@id\":\"https:\\\/\\\/frigoscandia.com\\\/en\\\/jkp\\\/\",\"url\":\"https:\\\/\\\/frigoscandia.com\\\/en\\\/jkp\\\/\",\"name\":\"Frigoscandia vinner h\u00e5llbarhetspris - Transportf\u00f6retagen\",\"isPartOf\":{\"@id\":\"https:\\\/\\\/frigoscandia.com\\\/#website\"},\"datePublished\":\"2024-04-30T12:58:13+00:00\",\"dateModified\":\"2024-06-05T09:35:22+00:00\",\"description\":\"Frigoscandia vinner Transportf\u00f6retagens h\u00e5llbarhetspris 2023\",\"breadcrumb\":{\"@id\":\"https:\\\/\\\/frigoscandia.com\\\/en\\\/jkp\\\/#breadcrumb\"},\"inLanguage\":\"en-US\",\"potentialAction\":[{\"@type\":\"ReadAction\",\"target\":[\"https:\\\/\\\/frigoscandia.com\\\/en\\\/jkp\\\/\"]}]},{\"@type\":\"BreadcrumbList\",\"@id\":\"https:\\\/\\\/frigoscandia.com\\\/en\\\/jkp\\\/#breadcrumb\",\"itemListElement\":[{\"@type\":\"ListItem\",\"position\":1,\"name\":\"Hem\",\"item\":\"https:\\\/\\\/frigoscandia.com\\\/en\\\/\"},{\"@type\":\"ListItem\",\"position\":2,\"name\":\"Terminal J\u00f6nk\u00f6ping\"}]},{\"@type\":\"WebSite\",\"@id\":\"https:\\\/\\\/frigoscandia.com\\\/#website\",\"url\":\"https:\\\/\\\/frigoscandia.com\\\/\",\"name\":\"Frigoscandia\",\"description\":\"Frakttj\u00e4nster\",\"publisher\":{\"@id\":\"https:\\\/\\\/frigoscandia.com\\\/#organization\"},\"potentialAction\":[{\"@type\":\"SearchAction\",\"target\":{\"@type\":\"EntryPoint\",\"urlTemplate\":\"https:\\\/\\\/frigoscandia.com\\\/?s={search_term_string}\"},\"query-input\":{\"@type\":\"PropertyValueSpecification\",\"valueRequired\":true,\"valueName\":\"search_term_string\"}}],\"inLanguage\":\"en-US\"},{\"@type\":\"Organization\",\"@id\":\"https:\\\/\\\/frigoscandia.com\\\/#organization\",\"name\":\"Frigoscandia\",\"url\":\"https:\\\/\\\/frigoscandia.com\\\/\",\"logo\":{\"@type\":\"ImageObject\",\"inLanguage\":\"en-US\",\"@id\":\"https:\\\/\\\/frigoscandia.com\\\/#\\\/schema\\\/logo\\\/image\\\/\",\"url\":\"https:\\\/\\\/frigoscandia.com\\\/wp-content\\\/uploads\\\/2021\\\/07\\\/Frigoscandia_logo.png\",\"contentUrl\":\"https:\\\/\\\/frigoscandia.com\\\/wp-content\\\/uploads\\\/2021\\\/07\\\/Frigoscandia_logo.png\",\"width\":2362,\"height\":341,\"caption\":\"Frigoscandia\"},\"image\":{\"@id\":\"https:\\\/\\\/frigoscandia.com\\\/#\\\/schema\\\/logo\\\/image\\\/\"}}]}<\/script>\n<!-- \/ Yoast SEO plugin. -->","yoast_head_json":{"title":"Frigoscandia vinner h\u00e5llbarhetspris - Transportf\u00f6retagen","description":"Frigoscandia vinner Transportf\u00f6retagens h\u00e5llbarhetspris 2023","robots":{"index":"index","follow":"follow","max-snippet":"max-snippet:-1","max-image-preview":"max-image-preview:large","max-video-preview":"max-video-preview:-1"},"canonical":"https:\/\/frigoscandia.com\/en\/jkp\/","og_locale":"en_US","og_type":"article","og_title":"Frigoscandia vinner h\u00e5llbarhetspris - Transportf\u00f6retagen","og_description":"Frigoscandia vinner Transportf\u00f6retagens h\u00e5llbarhetspris 2023","og_url":"https:\/\/frigoscandia.com\/en\/jkp\/","og_site_name":"Frigoscandia","article_modified_time":"2024-06-05T09:35:22+00:00","twitter_card":"summary_large_image","twitter_misc":{"Est. reading time":"2 minutes"},"schema":{"@context":"https:\/\/schema.org","@graph":[{"@type":"WebPage","@id":"https:\/\/frigoscandia.com\/en\/jkp\/","url":"https:\/\/frigoscandia.com\/en\/jkp\/","name":"Frigoscandia vinner h\u00e5llbarhetspris - Transportf\u00f6retagen","isPartOf":{"@id":"https:\/\/frigoscandia.com\/#website"},"datePublished":"2024-04-30T12:58:13+00:00","dateModified":"2024-06-05T09:35:22+00:00","description":"Frigoscandia vinner Transportf\u00f6retagens h\u00e5llbarhetspris 2023","breadcrumb":{"@id":"https:\/\/frigoscandia.com\/en\/jkp\/#breadcrumb"},"inLanguage":"en-US","potentialAction":[{"@type":"ReadAction","target":["https:\/\/frigoscandia.com\/en\/jkp\/"]}]},{"@type":"BreadcrumbList","@id":"https:\/\/frigoscandia.com\/en\/jkp\/#breadcrumb","itemListElement":[{"@type":"ListItem","position":1,"name":"Hem","item":"https:\/\/frigoscandia.com\/en\/"},{"@type":"ListItem","position":2,"name":"Terminal J\u00f6nk\u00f6ping"}]},{"@type":"WebSite","@id":"https:\/\/frigoscandia.com\/#website","url":"https:\/\/frigoscandia.com\/","name":"Frigoscandia","description":"Frakttj\u00e4nster","publisher":{"@id":"https:\/\/frigoscandia.com\/#organization"},"potentialAction":[{"@type":"SearchAction","target":{"@type":"EntryPoint","urlTemplate":"https:\/\/frigoscandia.com\/?s={search_term_string}"},"query-input":{"@type":"PropertyValueSpecification","valueRequired":true,"valueName":"search_term_string"}}],"inLanguage":"en-US"},{"@type":"Organization","@id":"https:\/\/frigoscandia.com\/#organization","name":"Frigoscandia","url":"https:\/\/frigoscandia.com\/","logo":{"@type":"ImageObject","inLanguage":"en-US","@id":"https:\/\/frigoscandia.com\/#\/schema\/logo\/image\/","url":"https:\/\/frigoscandia.com\/wp-content\/uploads\/2021\/07\/Frigoscandia_logo.png","contentUrl":"https:\/\/frigoscandia.com\/wp-content\/uploads\/2021\/07\/Frigoscandia_logo.png","width":2362,"height":341,"caption":"Frigoscandia"},"image":{"@id":"https:\/\/frigoscandia.com\/#\/schema\/logo\/image\/"}}]}},"_links":{"self":[{"href":"https:\/\/frigoscandia.com\/en\/wp-json\/wp\/v2\/pages\/8293","targetHints":{"allow":["GET"]}}],"collection":[{"href":"https:\/\/frigoscandia.com\/en\/wp-json\/wp\/v2\/pages"}],"about":[{"href":"https:\/\/frigoscandia.com\/en\/wp-json\/wp\/v2\/types\/page"}],"author":[{"embeddable":true,"href":"https:\/\/frigoscandia.com\/en\/wp-json\/wp\/v2\/users\/2"}],"replies":[{"embeddable":true,"href":"https:\/\/frigoscandia.com\/en\/wp-json\/wp\/v2\/comments?post=8293"}],"version-history":[{"count":3,"href":"https:\/\/frigoscandia.com\/en\/wp-json\/wp\/v2\/pages\/8293\/revisions"}],"predecessor-version":[{"id":8296,"href":"https:\/\/frigoscandia.com\/en\/wp-json\/wp\/v2\/pages\/8293\/revisions\/8296"}],"wp:attachment":[{"href":"https:\/\/frigoscandia.com\/en\/wp-json\/wp\/v2\/media?parent=8293"}],"curies":[{"name":"wp","href":"https:\/\/api.w.org\/{rel}","templated":true}]}}