{"id":8288,"date":"2024-04-22T14:07:31","date_gmt":"2024-04-22T14:07:31","guid":{"rendered":"https:\/\/frigoscandia.com\/molnlycke\/"},"modified":"2024-06-05T09:32:02","modified_gmt":"2024-06-05T09:32:02","slug":"molnlycke","status":"publish","type":"page","link":"https:\/\/frigoscandia.com\/en\/molnlycke\/","title":{"rendered":"Terminal M\u00f6lnlycke"},"content":{"rendered":"<div class=\"wpb-content-wrapper\"><p>[vc_row][vc_column width=&#8221;1\/5&#8243;][\/vc_column][vc_column width=&#8221;3\/5&#8243; css=&#8221;.vc_custom_1605618976198{margin-top: 30px !important;}&#8221;][vc_column_text]<\/p>\n<p style=\"text-align: center;\"><strong>Upon Arrival:<\/strong><\/p>\n<ol>\n<li>The driver calls in and is assigned a gate (<a href=\"tel:+4631643090\">+4631-643090<\/a>).<\/li>\n<li>Reverse to the assigned gate.<\/li>\n<li>Go into the terminal office and collect the shipping documents.<\/li>\n<\/ol>\n<p>&#8211; NOTE! The shipping documents contain information that you, as the driver, must review before loading the truck.<\/p>\n<p>&#8211; Then plan a driving order based on unloading conditions such as timed unloadings, pickups, and\/or weather conditions like snowstorms.<\/p>\n<p>&#8211; If the schedules cannot be met, this must be reported to the traffic management before loading occurs.<\/p>\n<p>&#8211; If assistance is needed, always contact traffic management before departure.<\/p>\n<p>&nbsp;<\/p>\n<ol start=\"4\">\n<li>Load the truck according to the driving order.<\/li>\n<\/ol>\n<p>&#8211; If the goods do not fit, contact traffic management when about one-third of the truck remains to be loaded.<\/p>\n<p>&#8211; If you notice that the goods won&#8217;t fit while loading the freezer (usually placed furthest in), do not start loading chilled goods and skip the frozen items that won&#8217;t fit. Contact traffic management if the goods do not fit.<\/p>\n<p>&nbsp;<\/p>\n<ol start=\"5\">\n<li>Scanning<\/li>\n<\/ol>\n<p>&#8211; All goods must be scanned. Those that can be scanned at the package level should be scanned at that level during loading. The remaining goods should be scanned on the document after loading.<\/p>\n<p>&nbsp;<\/p>\n<ol start=\"6\">\n<li>Unloading<\/li>\n<\/ol>\n<p>&#8211; Follow the driving order. Report deviations, such as schedules that cannot be met, to traffic management at least 1 hour before or immediately during the event, such as a breakdown or similar incident.<\/p>\n<p>&nbsp;<\/p>\n<ol start=\"7\">\n<li>Confirmation\/BOM<\/li>\n<\/ol>\n<p>&#8211; All goods transported for Frigoscandia must be confirmed electronically via POD (through the app).<\/p>\n<p>&#8211; Report discrepancies as they occur, not after unloading or later in the day.<\/p>\n<p>&#8211; BOM-Run: If the recipient is not present or cannot be reached, contact traffic management on-site before leaving the recipient.<\/p>\n<p>&nbsp;<\/p>\n<ol start=\"8\">\n<li>End of the Day<\/li>\n<\/ol>\n<p>&#8211; Always contact traffic management and report the end of your shift if there is still time left in the workday.<\/p>\n<p>&nbsp;<\/p>\n<p>Discrepancies<\/p>\n<p>&#8211; Discrepancies should be handled in real-time as they occur. If a discrepancy arises, the driver can log it in the app. If it occurs at the terminal, terminal staff can assist if needed.<\/p>\n<p>&#8211; If the driver cannot reach the traffic manager at the time, both should be contacted.<\/p>\n<p>&nbsp;<\/p>\n<p>Traffic Management from 07:00<\/p>\n<p>031-643090<\/p>\n<p>&nbsp;<\/p>\n<p>Traffic-Responsible Terminal Worker 00:00-07:00<\/p>\n<p>031-643059<\/p>\n<p>&nbsp;<\/p>\n<p>Customer Setup<\/p>\n<p>&#8211; Certain customers have specific times that we must adhere to without exception. These customers should be noted during loading in the morning, and the route should be planned to accommodate them.<\/p>\n<p>&nbsp;<\/p>\n<p>&#8211; This may sometimes require bypassing certain stops to meet unloading times and then returning later in the day to the customers skipped earlier since they are not time-critical.<\/p>\n<p>&nbsp;<\/p>\n<p>Customers to prioritize time-wise include Picadeli, Dafg\u00e5rd, ICA Matkassar, and C&amp;E Gastro import.<\/p>\n<p>&nbsp;<\/p>\n<p>Example 1<\/p>\n<p>Picadeli-unloading AM means before 12:00 PM; PM means afternoon after 12:00 PM.[\/vc_column_text][\/vc_column][vc_column width=&#8221;1\/5&#8243;][\/vc_column][\/vc_row][vc_row][vc_column width=&#8221;1\/5&#8243;][\/vc_column][vc_column width=&#8221;3\/5&#8243; css=&#8221;.vc_custom_1605618976198{margin-top: 30px !important;}&#8221;][vc_column_text]<\/p>\n<h3 style=\"text-align: center;\">Customer Setup<\/h3>\n<p>&#8211; Certain customers have specific times that we must adhere to without exception. These customers should be noted during loading in the morning, and the route should be planned to accommodate them.<\/p>\n<p>&nbsp;<\/p>\n<p>&#8211; This may sometimes require bypassing certain stops to meet unloading times and then returning later in the day to the customers skipped earlier since they are not time-critical.<\/p>\n<p>&nbsp;<\/p>\n<p>Customers to prioritize time-wise include Picadeli, Dafg\u00e5rd, ICA Matkassar, and C&amp;E Gastro import.[\/vc_column_text][vc_single_image image=&#8221;8034&#8243; img_size=&#8221;full&#8221;][vc_column_text]Example 2:<\/p>\n<p>ICA Matkassar must always be unloaded at 13:00.<\/p>\n<p>[\/vc_column_text][vc_single_image image=&#8221;8037&#8243; img_size=&#8221;full&#8221;][vc_column_text]Deliveries with specific times can always be found in the delivery instructions. If you are unsure, contact traffic management before loading.<\/p>\n<p>&nbsp;<\/p>\n<p>Dafg\u00e5rd also requires pallet exchange and the return of empty goods with each delivery (NOTE! This applies to wooden pallets, not plastic pallets!).[\/vc_column_text][\/vc_column][vc_column width=&#8221;1\/5&#8243;][\/vc_column][\/vc_row][vc_row][vc_column width=&#8221;1\/5&#8243;][\/vc_column][vc_column width=&#8221;3\/5&#8243; css=&#8221;.vc_custom_1605618976198{margin-top: 30px !important;}&#8221;][vc_gmaps link=&#8221;#E-8_JTNDaWZyYW1lJTIwc3JjJTNEJTIyaHR0cHMlM0ElMkYlMkZ3d3cuZ29vZ2xlLmNvbSUyRm1hcHMlMkZlbWJlZCUzRnBiJTNEJTIxMW0xOCUyMTFtMTIlMjExbTMlMjExZDEzNjUyMC44NDA4NjEyNjEzMyUyMTJkMTEuODgyMDMxODIyMzkyOTczJTIxM2Q1Ny42ODAxMzEzMzYzNDQzNiUyMTJtMyUyMTFmMCUyMTJmMCUyMTNmMCUyMTNtMiUyMTFpMTAyNCUyMTJpNzY4JTIxNGYxMy4xJTIxM20zJTIxMW0yJTIxMXMweDQ2NGZmMTFiN2JkODEzNWYlMjUzQTB4YmExZWQ4MDdhOTdmYWYxNSUyMTJzRmliZXJ2JTI1QzMlMjVBNGdlbiUyNTIwMiUyNTJDJTI1MjA0MzUlMjUyMDMxJTI1MjBNJTI1QzMlMjVCNmxubHlja2UlMjE1ZTAlMjEzbTIlMjExc3N2JTIxMnNzZSUyMTR2MTcxMzg3NzIzMTAzOCUyMTVtMiUyMTFzc3YlMjEyc3NlJTIyJTIwd2lkdGglM0QlMjI2MDAlMjIlMjBoZWlnaHQlM0QlMjI0NTAlMjIlMjBzdHlsZSUzRCUyMmJvcmRlciUzQTAlM0IlMjIlMjBhbGxvd2Z1bGxzY3JlZW4lM0QlMjIlMjIlMjBsb2FkaW5nJTNEJTIybGF6eSUyMiUyMHJlZmVycmVycG9saWN5JTNEJTIybm8tcmVmZXJyZXItd2hlbi1kb3duZ3JhZGUlMjIlM0UlM0MlMkZpZnJhbWUlM0U=&#8221;][\/vc_column][vc_column width=&#8221;1\/5&#8243;][\/vc_column][\/vc_row]<\/p>\n<\/div>","protected":false},"excerpt":{"rendered":"<p>[vc_row][vc_column width=&#8221;1\/5&#8243;][\/vc_column][vc_column width=&#8221;3\/5&#8243; css=&#8221;.vc_custom_1605618976198{margin-top: 30px !important;}&#8221;][vc_column_text] Upon Arrival: The driver calls in and is assigned a gate (+4631-643090). Reverse to the assigned gate. Go into the terminal office and collect the shipping documents. &#8211; NOTE! The shipping documents contain information that you, as the driver, must review before loading the truck. &#8211; Then plan a [&#8230;]<\/p>\n<p><a class=\"btn btn-secondary understrap-read-more-link\" href=\"https:\/\/frigoscandia.com\/en\/molnlycke\/\">Read More&#8230;<\/a><\/p>\n","protected":false},"author":2,"featured_media":0,"parent":0,"menu_order":0,"comment_status":"closed","ping_status":"closed","template":"","meta":{"_acf_changed":false,"footnotes":""},"class_list":["post-8288","page","type-page","status-publish","hentry"],"acf":[],"yoast_head":"<!-- This site is optimized with the Yoast SEO plugin v27.6 - https:\/\/yoast.com\/product\/yoast-seo-wordpress\/ -->\n<title>Frigoscandia vinner h\u00e5llbarhetspris - Transportf\u00f6retagen<\/title>\n<meta name=\"description\" content=\"Frigoscandia vinner Transportf\u00f6retagens h\u00e5llbarhetspris 2023\" \/>\n<meta name=\"robots\" content=\"index, follow, max-snippet:-1, max-image-preview:large, max-video-preview:-1\" \/>\n<link rel=\"canonical\" href=\"https:\/\/frigoscandia.com\/en\/molnlycke\/\" \/>\n<meta property=\"og:locale\" content=\"en_US\" \/>\n<meta property=\"og:type\" content=\"article\" \/>\n<meta property=\"og:title\" content=\"Frigoscandia vinner h\u00e5llbarhetspris - Transportf\u00f6retagen\" \/>\n<meta property=\"og:description\" content=\"Frigoscandia vinner Transportf\u00f6retagens h\u00e5llbarhetspris 2023\" \/>\n<meta property=\"og:url\" content=\"https:\/\/frigoscandia.com\/en\/molnlycke\/\" \/>\n<meta property=\"og:site_name\" content=\"Frigoscandia\" \/>\n<meta property=\"article:modified_time\" content=\"2024-06-05T09:32:02+00:00\" \/>\n<meta name=\"twitter:card\" content=\"summary_large_image\" \/>\n<meta name=\"twitter:label1\" content=\"Est. reading time\" \/>\n\t<meta name=\"twitter:data1\" content=\"3 minutes\" \/>\n<script type=\"application\/ld+json\" class=\"yoast-schema-graph\">{\"@context\":\"https:\\\/\\\/schema.org\",\"@graph\":[{\"@type\":\"WebPage\",\"@id\":\"https:\\\/\\\/frigoscandia.com\\\/en\\\/molnlycke\\\/\",\"url\":\"https:\\\/\\\/frigoscandia.com\\\/en\\\/molnlycke\\\/\",\"name\":\"Frigoscandia vinner h\u00e5llbarhetspris - Transportf\u00f6retagen\",\"isPartOf\":{\"@id\":\"https:\\\/\\\/frigoscandia.com\\\/#website\"},\"datePublished\":\"2024-04-22T14:07:31+00:00\",\"dateModified\":\"2024-06-05T09:32:02+00:00\",\"description\":\"Frigoscandia vinner Transportf\u00f6retagens h\u00e5llbarhetspris 2023\",\"breadcrumb\":{\"@id\":\"https:\\\/\\\/frigoscandia.com\\\/en\\\/molnlycke\\\/#breadcrumb\"},\"inLanguage\":\"en-US\",\"potentialAction\":[{\"@type\":\"ReadAction\",\"target\":[\"https:\\\/\\\/frigoscandia.com\\\/en\\\/molnlycke\\\/\"]}]},{\"@type\":\"BreadcrumbList\",\"@id\":\"https:\\\/\\\/frigoscandia.com\\\/en\\\/molnlycke\\\/#breadcrumb\",\"itemListElement\":[{\"@type\":\"ListItem\",\"position\":1,\"name\":\"Hem\",\"item\":\"https:\\\/\\\/frigoscandia.com\\\/en\\\/\"},{\"@type\":\"ListItem\",\"position\":2,\"name\":\"Terminal M\u00f6lnlycke\"}]},{\"@type\":\"WebSite\",\"@id\":\"https:\\\/\\\/frigoscandia.com\\\/#website\",\"url\":\"https:\\\/\\\/frigoscandia.com\\\/\",\"name\":\"Frigoscandia\",\"description\":\"Frakttj\u00e4nster\",\"publisher\":{\"@id\":\"https:\\\/\\\/frigoscandia.com\\\/#organization\"},\"potentialAction\":[{\"@type\":\"SearchAction\",\"target\":{\"@type\":\"EntryPoint\",\"urlTemplate\":\"https:\\\/\\\/frigoscandia.com\\\/?s={search_term_string}\"},\"query-input\":{\"@type\":\"PropertyValueSpecification\",\"valueRequired\":true,\"valueName\":\"search_term_string\"}}],\"inLanguage\":\"en-US\"},{\"@type\":\"Organization\",\"@id\":\"https:\\\/\\\/frigoscandia.com\\\/#organization\",\"name\":\"Frigoscandia\",\"url\":\"https:\\\/\\\/frigoscandia.com\\\/\",\"logo\":{\"@type\":\"ImageObject\",\"inLanguage\":\"en-US\",\"@id\":\"https:\\\/\\\/frigoscandia.com\\\/#\\\/schema\\\/logo\\\/image\\\/\",\"url\":\"https:\\\/\\\/frigoscandia.com\\\/wp-content\\\/uploads\\\/2021\\\/07\\\/Frigoscandia_logo.png\",\"contentUrl\":\"https:\\\/\\\/frigoscandia.com\\\/wp-content\\\/uploads\\\/2021\\\/07\\\/Frigoscandia_logo.png\",\"width\":2362,\"height\":341,\"caption\":\"Frigoscandia\"},\"image\":{\"@id\":\"https:\\\/\\\/frigoscandia.com\\\/#\\\/schema\\\/logo\\\/image\\\/\"}}]}<\/script>\n<!-- \/ Yoast SEO plugin. -->","yoast_head_json":{"title":"Frigoscandia vinner h\u00e5llbarhetspris - Transportf\u00f6retagen","description":"Frigoscandia vinner Transportf\u00f6retagens h\u00e5llbarhetspris 2023","robots":{"index":"index","follow":"follow","max-snippet":"max-snippet:-1","max-image-preview":"max-image-preview:large","max-video-preview":"max-video-preview:-1"},"canonical":"https:\/\/frigoscandia.com\/en\/molnlycke\/","og_locale":"en_US","og_type":"article","og_title":"Frigoscandia vinner h\u00e5llbarhetspris - Transportf\u00f6retagen","og_description":"Frigoscandia vinner Transportf\u00f6retagens h\u00e5llbarhetspris 2023","og_url":"https:\/\/frigoscandia.com\/en\/molnlycke\/","og_site_name":"Frigoscandia","article_modified_time":"2024-06-05T09:32:02+00:00","twitter_card":"summary_large_image","twitter_misc":{"Est. reading time":"3 minutes"},"schema":{"@context":"https:\/\/schema.org","@graph":[{"@type":"WebPage","@id":"https:\/\/frigoscandia.com\/en\/molnlycke\/","url":"https:\/\/frigoscandia.com\/en\/molnlycke\/","name":"Frigoscandia vinner h\u00e5llbarhetspris - Transportf\u00f6retagen","isPartOf":{"@id":"https:\/\/frigoscandia.com\/#website"},"datePublished":"2024-04-22T14:07:31+00:00","dateModified":"2024-06-05T09:32:02+00:00","description":"Frigoscandia vinner Transportf\u00f6retagens h\u00e5llbarhetspris 2023","breadcrumb":{"@id":"https:\/\/frigoscandia.com\/en\/molnlycke\/#breadcrumb"},"inLanguage":"en-US","potentialAction":[{"@type":"ReadAction","target":["https:\/\/frigoscandia.com\/en\/molnlycke\/"]}]},{"@type":"BreadcrumbList","@id":"https:\/\/frigoscandia.com\/en\/molnlycke\/#breadcrumb","itemListElement":[{"@type":"ListItem","position":1,"name":"Hem","item":"https:\/\/frigoscandia.com\/en\/"},{"@type":"ListItem","position":2,"name":"Terminal M\u00f6lnlycke"}]},{"@type":"WebSite","@id":"https:\/\/frigoscandia.com\/#website","url":"https:\/\/frigoscandia.com\/","name":"Frigoscandia","description":"Frakttj\u00e4nster","publisher":{"@id":"https:\/\/frigoscandia.com\/#organization"},"potentialAction":[{"@type":"SearchAction","target":{"@type":"EntryPoint","urlTemplate":"https:\/\/frigoscandia.com\/?s={search_term_string}"},"query-input":{"@type":"PropertyValueSpecification","valueRequired":true,"valueName":"search_term_string"}}],"inLanguage":"en-US"},{"@type":"Organization","@id":"https:\/\/frigoscandia.com\/#organization","name":"Frigoscandia","url":"https:\/\/frigoscandia.com\/","logo":{"@type":"ImageObject","inLanguage":"en-US","@id":"https:\/\/frigoscandia.com\/#\/schema\/logo\/image\/","url":"https:\/\/frigoscandia.com\/wp-content\/uploads\/2021\/07\/Frigoscandia_logo.png","contentUrl":"https:\/\/frigoscandia.com\/wp-content\/uploads\/2021\/07\/Frigoscandia_logo.png","width":2362,"height":341,"caption":"Frigoscandia"},"image":{"@id":"https:\/\/frigoscandia.com\/#\/schema\/logo\/image\/"}}]}},"_links":{"self":[{"href":"https:\/\/frigoscandia.com\/en\/wp-json\/wp\/v2\/pages\/8288","targetHints":{"allow":["GET"]}}],"collection":[{"href":"https:\/\/frigoscandia.com\/en\/wp-json\/wp\/v2\/pages"}],"about":[{"href":"https:\/\/frigoscandia.com\/en\/wp-json\/wp\/v2\/types\/page"}],"author":[{"embeddable":true,"href":"https:\/\/frigoscandia.com\/en\/wp-json\/wp\/v2\/users\/2"}],"replies":[{"embeddable":true,"href":"https:\/\/frigoscandia.com\/en\/wp-json\/wp\/v2\/comments?post=8288"}],"version-history":[{"count":4,"href":"https:\/\/frigoscandia.com\/en\/wp-json\/wp\/v2\/pages\/8288\/revisions"}],"predecessor-version":[{"id":8292,"href":"https:\/\/frigoscandia.com\/en\/wp-json\/wp\/v2\/pages\/8288\/revisions\/8292"}],"wp:attachment":[{"href":"https:\/\/frigoscandia.com\/en\/wp-json\/wp\/v2\/media?parent=8288"}],"curies":[{"name":"wp","href":"https:\/\/api.w.org\/{rel}","templated":true}]}}