{"id":8282,"date":"2024-04-23T11:33:55","date_gmt":"2024-04-23T11:33:55","guid":{"rendered":"https:\/\/frigoscandia.com\/terminalljusekulla\/"},"modified":"2024-06-05T09:23:13","modified_gmt":"2024-06-05T09:23:13","slug":"terminalljusekulla","status":"publish","type":"page","link":"https:\/\/frigoscandia.com\/en\/terminalljusekulla\/","title":{"rendered":"Terminal Ljusekulla"},"content":{"rendered":"<div class=\"wpb-content-wrapper\"><p>[vc_row][vc_column width=&#8221;1\/5&#8243;][\/vc_column][vc_column width=&#8221;3\/5&#8243; css=&#8221;.vc_custom_1605618976198{margin-top: 30px !important;}&#8221;][vc_column_text]<\/p>\n<h3 style=\"text-align: center;\">Unloading at the terminal at DC1 Ljusekulla<\/h3>\n<p>Monday-Friday 07:00-19:00 the entrance (barrier) for trucks is open.<\/p>\n<p>Vehicles arrive at DC1, 15-18<\/p>\n<p>Register your arrival by scanning the QR code at the gate\/barrier.<\/p>\n<p>Contact the terminal office at <a href=\"tel:+4642178484\">+4642178484<\/a> and you will be assigned a gate.<\/p>\n<p>Unloading at a gate other than 15-18 is only permitted after coordination with the Team Leader.<\/p>\n<p>At other times, the entrance (barrier) for trucks is closed.<\/p>\n<p>Vehicles stop in front of the barrier, the driver calls the terminal office (042-178484) and is assigned a gate.<\/p>\n<p>&nbsp;<\/p>\n<p><strong>Checklist after arrival<\/strong><\/p>\n<ul>\n<li>Enter the terminal office, hand over the shipping documents to the terminal admin, and collect the unloading list.<\/li>\n<li>Hand over the unloading list to the terminal staff who will check the goods. Unload the goods at the designated location.<\/li>\n<li>After completing the unloading, verify with the terminal staff that everything is correct.<\/li>\n<li>Any discrepancies should be checked immediately. These are registered by the terminal staff.<\/li>\n<li>The goods are scanned upon arrival by the terminal staff.<\/li>\n<\/ul>\n<p>[\/vc_column_text][\/vc_column][vc_column width=&#8221;1\/5&#8243;][\/vc_column][\/vc_row][vc_row][vc_column width=&#8221;1\/5&#8243;][\/vc_column][vc_column width=&#8221;3\/5&#8243; css=&#8221;.vc_custom_1605618976198{margin-top: 30px !important;}&#8221;][vc_column_text]<\/p>\n<h3 style=\"text-align: center;\">Loading at the terminal at DC1 Ljusekulla<\/h3>\n<ul>\n<li>Check the settings on the unit and pre-cool the cargo area, see the instruction videos tab in the driver app.<\/li>\n<li>Notify the terminal office\/terminal admin of your arrival.<\/li>\n<li>Collect the loading list at the terminal office\/terminal admin.<\/li>\n<li>The terminal office prints a list of goods to be loaded at the terminal.<\/li>\n<li>The terminal office supplements the terminal goods list with a list of direct loadings created by the traffic management.<\/li>\n<li>Both lists are handed over from the terminal office to the driver.<\/li>\n<li>Verify the goods against the loading list to ensure you load the correct shipments, check off the shipments that are loaded onto the vehicle.<\/li>\n<li>Does the number of transport packages (pallets, boxes, etc.) match the loading list?<\/li>\n<li>Are there any damages to the goods? Are they intact and clean?<\/li>\n<li>If there is any suspicion of temperature deviation, perform a temperature check.<\/li>\n<li>In case of discrepancies, missing goods, or other issues, contact the team leader.<\/li>\n<li>Leave the completed loading list at the terminal office\/terminal admin.<\/li>\n<li>Collect the shipping documents at the terminal office\/terminal admin, ensure you take the shipping documents for the shipments you have loaded.<\/li>\n<li>Scan the goods onto the correct vehicle in the driver app: Loading terminal.<\/li>\n<li>Before leaving the terminal area, don&#8217;t forget to check out via the QR code at the office or exit.<\/li>\n<li>(Your registration remains in the same browser you used to check in.)<\/li>\n<li>Don&#8217;t forget to check that your units are correctly set before starting the drive.<\/li>\n<\/ul>\n<p>[\/vc_column_text][\/vc_column][vc_column width=&#8221;1\/5&#8243;][\/vc_column][\/vc_row][vc_row][vc_column width=&#8221;1\/5&#8243;][\/vc_column][vc_column width=&#8221;3\/5&#8243; css=&#8221;.vc_custom_1605618976198{margin-top: 30px !important;}&#8221;][vc_column_text]<\/p>\n<h3 style=\"text-align: center;\"><strong>Contactinformation<\/strong><\/h3>\n<p><strong>Mon-Fri<\/strong>\u00a006.00-13.00<br \/>\n<a href=\"tel:0708178017\">0708-178017<\/a><\/p>\n<p><strong>Sun-Thu<\/strong>\u00a013.00-21.00<br \/>\n<a href=\"tel:0708-642027\">0708-642027<\/a><\/p>\n<p><strong>Nightshift<\/strong><br \/>\nContact on-site or via\u00a0 <a href=\"tel:042178484\">042-178484<\/a>[\/vc_column_text][\/vc_column][vc_column width=&#8221;1\/5&#8243;][\/vc_column][\/vc_row][vc_row][vc_column width=&#8221;1\/5&#8243;][\/vc_column][vc_column width=&#8221;3\/5&#8243; css=&#8221;.vc_custom_1605618976198{margin-top: 30px !important;}&#8221;][vc_gmaps link=&#8221;#E-8_JTNDaWZyYW1lJTIwc3JjJTNEJTIyaHR0cHMlM0ElMkYlMkZ3d3cuZ29vZ2xlLmNvbSUyRm1hcHMlMkZlbWJlZCUzRnBiJTNEJTIxMW0xOCUyMTFtMTIlMjExbTMlMjExZDM1NjUzLjQyMjM1NzA0MzUlMjEyZDEyLjczNDM4MzQ3NjI0NjA3NyUyMTNkNTYuMDQ3NDM0NzczMDgyOSUyMTJtMyUyMTFmMCUyMTJmMCUyMTNmMCUyMTNtMiUyMTFpMTAyNCUyMTJpNzY4JTIxNGYxMy4xJTIxM20zJTIxMW0yJTIxMXMweDQ2NTIzMmMyZTBlNTU0YzclMjUzQTB4NTdmMjBjNDE3MWRkOTdkZiUyMTJzS2FyZGFuZ2F0YW4lMjUyMDIxJTI1MkMlMjUyMDI1NiUyNTIwNjYlMjUyMEhlbHNpbmdib3JnJTIxNWUwJTIxM20yJTIxMXNzdiUyMTJzc2UlMjE0djE3MTM4NzU5NTAwNjUlMjE1bTIlMjExc3N2JTIxMnNzZSUyMiUyMHdpZHRoJTNEJTIyNjAwJTIyJTIwaGVpZ2h0JTNEJTIyNDUwJTIyJTIwc3R5bGUlM0QlMjJib3JkZXIlM0EwJTNCJTIyJTIwYWxsb3dmdWxsc2NyZWVuJTNEJTIyJTIyJTIwbG9hZGluZyUzRCUyMmxhenklMjIlMjByZWZlcnJlcnBvbGljeSUzRCUyMm5vLXJlZmVycmVyLXdoZW4tZG93bmdyYWRlJTIyJTNFJTNDJTJGaWZyYW1lJTNF&#8221;][\/vc_column][vc_column width=&#8221;1\/5&#8243;][\/vc_column][\/vc_row]<\/p>\n<\/div>","protected":false},"excerpt":{"rendered":"<p>[vc_row][vc_column width=&#8221;1\/5&#8243;][\/vc_column][vc_column width=&#8221;3\/5&#8243; css=&#8221;.vc_custom_1605618976198{margin-top: 30px !important;}&#8221;][vc_column_text] Unloading at the terminal at DC1 Ljusekulla Monday-Friday 07:00-19:00 the entrance (barrier) for trucks is open. Vehicles arrive at DC1, 15-18 Register your arrival by scanning the QR code at the gate\/barrier. Contact the terminal office at +4642178484 and you will be assigned a gate. Unloading at a gate [&#8230;]<\/p>\n<p><a class=\"btn btn-secondary understrap-read-more-link\" href=\"https:\/\/frigoscandia.com\/en\/terminalljusekulla\/\">Read More&#8230;<\/a><\/p>\n","protected":false},"author":2,"featured_media":0,"parent":0,"menu_order":0,"comment_status":"closed","ping_status":"closed","template":"","meta":{"_acf_changed":false,"footnotes":""},"class_list":["post-8282","page","type-page","status-publish","hentry"],"acf":[],"yoast_head":"<!-- This site is optimized with the Yoast SEO plugin v27.5 - https:\/\/yoast.com\/product\/yoast-seo-wordpress\/ -->\n<title>Frigoscandia vinner h\u00e5llbarhetspris - Transportf\u00f6retagen<\/title>\n<meta name=\"description\" content=\"Frigoscandia vinner Transportf\u00f6retagens h\u00e5llbarhetspris 2023\" \/>\n<meta name=\"robots\" content=\"index, follow, max-snippet:-1, max-image-preview:large, max-video-preview:-1\" \/>\n<link rel=\"canonical\" href=\"https:\/\/frigoscandia.com\/en\/terminalljusekulla\/\" \/>\n<meta property=\"og:locale\" content=\"en_US\" \/>\n<meta property=\"og:type\" content=\"article\" \/>\n<meta property=\"og:title\" content=\"Frigoscandia vinner h\u00e5llbarhetspris - Transportf\u00f6retagen\" \/>\n<meta property=\"og:description\" content=\"Frigoscandia vinner Transportf\u00f6retagens h\u00e5llbarhetspris 2023\" \/>\n<meta property=\"og:url\" content=\"https:\/\/frigoscandia.com\/en\/terminalljusekulla\/\" \/>\n<meta property=\"og:site_name\" content=\"Frigoscandia\" \/>\n<meta property=\"article:modified_time\" content=\"2024-06-05T09:23:13+00:00\" \/>\n<meta name=\"twitter:card\" content=\"summary_large_image\" \/>\n<meta name=\"twitter:label1\" content=\"Est. reading time\" \/>\n\t<meta name=\"twitter:data1\" content=\"3 minutes\" \/>\n<script type=\"application\/ld+json\" class=\"yoast-schema-graph\">{\"@context\":\"https:\\\/\\\/schema.org\",\"@graph\":[{\"@type\":\"WebPage\",\"@id\":\"https:\\\/\\\/frigoscandia.com\\\/en\\\/terminalljusekulla\\\/\",\"url\":\"https:\\\/\\\/frigoscandia.com\\\/en\\\/terminalljusekulla\\\/\",\"name\":\"Frigoscandia vinner h\u00e5llbarhetspris - Transportf\u00f6retagen\",\"isPartOf\":{\"@id\":\"https:\\\/\\\/frigoscandia.com\\\/#website\"},\"datePublished\":\"2024-04-23T11:33:55+00:00\",\"dateModified\":\"2024-06-05T09:23:13+00:00\",\"description\":\"Frigoscandia vinner Transportf\u00f6retagens h\u00e5llbarhetspris 2023\",\"breadcrumb\":{\"@id\":\"https:\\\/\\\/frigoscandia.com\\\/en\\\/terminalljusekulla\\\/#breadcrumb\"},\"inLanguage\":\"en-US\",\"potentialAction\":[{\"@type\":\"ReadAction\",\"target\":[\"https:\\\/\\\/frigoscandia.com\\\/en\\\/terminalljusekulla\\\/\"]}]},{\"@type\":\"BreadcrumbList\",\"@id\":\"https:\\\/\\\/frigoscandia.com\\\/en\\\/terminalljusekulla\\\/#breadcrumb\",\"itemListElement\":[{\"@type\":\"ListItem\",\"position\":1,\"name\":\"Hem\",\"item\":\"https:\\\/\\\/frigoscandia.com\\\/en\\\/\"},{\"@type\":\"ListItem\",\"position\":2,\"name\":\"Terminal Ljusekulla\"}]},{\"@type\":\"WebSite\",\"@id\":\"https:\\\/\\\/frigoscandia.com\\\/#website\",\"url\":\"https:\\\/\\\/frigoscandia.com\\\/\",\"name\":\"Frigoscandia\",\"description\":\"Frakttj\u00e4nster\",\"publisher\":{\"@id\":\"https:\\\/\\\/frigoscandia.com\\\/#organization\"},\"potentialAction\":[{\"@type\":\"SearchAction\",\"target\":{\"@type\":\"EntryPoint\",\"urlTemplate\":\"https:\\\/\\\/frigoscandia.com\\\/?s={search_term_string}\"},\"query-input\":{\"@type\":\"PropertyValueSpecification\",\"valueRequired\":true,\"valueName\":\"search_term_string\"}}],\"inLanguage\":\"en-US\"},{\"@type\":\"Organization\",\"@id\":\"https:\\\/\\\/frigoscandia.com\\\/#organization\",\"name\":\"Frigoscandia\",\"url\":\"https:\\\/\\\/frigoscandia.com\\\/\",\"logo\":{\"@type\":\"ImageObject\",\"inLanguage\":\"en-US\",\"@id\":\"https:\\\/\\\/frigoscandia.com\\\/#\\\/schema\\\/logo\\\/image\\\/\",\"url\":\"https:\\\/\\\/frigoscandia.com\\\/wp-content\\\/uploads\\\/2021\\\/07\\\/Frigoscandia_logo.png\",\"contentUrl\":\"https:\\\/\\\/frigoscandia.com\\\/wp-content\\\/uploads\\\/2021\\\/07\\\/Frigoscandia_logo.png\",\"width\":2362,\"height\":341,\"caption\":\"Frigoscandia\"},\"image\":{\"@id\":\"https:\\\/\\\/frigoscandia.com\\\/#\\\/schema\\\/logo\\\/image\\\/\"}}]}<\/script>\n<!-- \/ Yoast SEO plugin. -->","yoast_head_json":{"title":"Frigoscandia vinner h\u00e5llbarhetspris - Transportf\u00f6retagen","description":"Frigoscandia vinner Transportf\u00f6retagens h\u00e5llbarhetspris 2023","robots":{"index":"index","follow":"follow","max-snippet":"max-snippet:-1","max-image-preview":"max-image-preview:large","max-video-preview":"max-video-preview:-1"},"canonical":"https:\/\/frigoscandia.com\/en\/terminalljusekulla\/","og_locale":"en_US","og_type":"article","og_title":"Frigoscandia vinner h\u00e5llbarhetspris - Transportf\u00f6retagen","og_description":"Frigoscandia vinner Transportf\u00f6retagens h\u00e5llbarhetspris 2023","og_url":"https:\/\/frigoscandia.com\/en\/terminalljusekulla\/","og_site_name":"Frigoscandia","article_modified_time":"2024-06-05T09:23:13+00:00","twitter_card":"summary_large_image","twitter_misc":{"Est. reading time":"3 minutes"},"schema":{"@context":"https:\/\/schema.org","@graph":[{"@type":"WebPage","@id":"https:\/\/frigoscandia.com\/en\/terminalljusekulla\/","url":"https:\/\/frigoscandia.com\/en\/terminalljusekulla\/","name":"Frigoscandia vinner h\u00e5llbarhetspris - Transportf\u00f6retagen","isPartOf":{"@id":"https:\/\/frigoscandia.com\/#website"},"datePublished":"2024-04-23T11:33:55+00:00","dateModified":"2024-06-05T09:23:13+00:00","description":"Frigoscandia vinner Transportf\u00f6retagens h\u00e5llbarhetspris 2023","breadcrumb":{"@id":"https:\/\/frigoscandia.com\/en\/terminalljusekulla\/#breadcrumb"},"inLanguage":"en-US","potentialAction":[{"@type":"ReadAction","target":["https:\/\/frigoscandia.com\/en\/terminalljusekulla\/"]}]},{"@type":"BreadcrumbList","@id":"https:\/\/frigoscandia.com\/en\/terminalljusekulla\/#breadcrumb","itemListElement":[{"@type":"ListItem","position":1,"name":"Hem","item":"https:\/\/frigoscandia.com\/en\/"},{"@type":"ListItem","position":2,"name":"Terminal Ljusekulla"}]},{"@type":"WebSite","@id":"https:\/\/frigoscandia.com\/#website","url":"https:\/\/frigoscandia.com\/","name":"Frigoscandia","description":"Frakttj\u00e4nster","publisher":{"@id":"https:\/\/frigoscandia.com\/#organization"},"potentialAction":[{"@type":"SearchAction","target":{"@type":"EntryPoint","urlTemplate":"https:\/\/frigoscandia.com\/?s={search_term_string}"},"query-input":{"@type":"PropertyValueSpecification","valueRequired":true,"valueName":"search_term_string"}}],"inLanguage":"en-US"},{"@type":"Organization","@id":"https:\/\/frigoscandia.com\/#organization","name":"Frigoscandia","url":"https:\/\/frigoscandia.com\/","logo":{"@type":"ImageObject","inLanguage":"en-US","@id":"https:\/\/frigoscandia.com\/#\/schema\/logo\/image\/","url":"https:\/\/frigoscandia.com\/wp-content\/uploads\/2021\/07\/Frigoscandia_logo.png","contentUrl":"https:\/\/frigoscandia.com\/wp-content\/uploads\/2021\/07\/Frigoscandia_logo.png","width":2362,"height":341,"caption":"Frigoscandia"},"image":{"@id":"https:\/\/frigoscandia.com\/#\/schema\/logo\/image\/"}}]}},"_links":{"self":[{"href":"https:\/\/frigoscandia.com\/en\/wp-json\/wp\/v2\/pages\/8282","targetHints":{"allow":["GET"]}}],"collection":[{"href":"https:\/\/frigoscandia.com\/en\/wp-json\/wp\/v2\/pages"}],"about":[{"href":"https:\/\/frigoscandia.com\/en\/wp-json\/wp\/v2\/types\/page"}],"author":[{"embeddable":true,"href":"https:\/\/frigoscandia.com\/en\/wp-json\/wp\/v2\/users\/2"}],"replies":[{"embeddable":true,"href":"https:\/\/frigoscandia.com\/en\/wp-json\/wp\/v2\/comments?post=8282"}],"version-history":[{"count":5,"href":"https:\/\/frigoscandia.com\/en\/wp-json\/wp\/v2\/pages\/8282\/revisions"}],"predecessor-version":[{"id":8287,"href":"https:\/\/frigoscandia.com\/en\/wp-json\/wp\/v2\/pages\/8282\/revisions\/8287"}],"wp:attachment":[{"href":"https:\/\/frigoscandia.com\/en\/wp-json\/wp\/v2\/media?parent=8282"}],"curies":[{"name":"wp","href":"https:\/\/api.w.org\/{rel}","templated":true}]}}