{"id":6107,"date":"2023-05-10T12:11:42","date_gmt":"2023-05-10T12:11:42","guid":{"rendered":"https:\/\/frigoscandia.com\/general-contact-points\/ledningsgrupp\/"},"modified":"2026-04-16T11:21:25","modified_gmt":"2026-04-16T09:21:25","slug":"management","status":"publish","type":"page","link":"https:\/\/frigoscandia.com\/en\/general-contact-points\/management\/","title":{"rendered":"Management team"},"content":{"rendered":"<div class=\"wpb-content-wrapper\"><p>[vc_row css=&#8221;.vc_custom_1615969679197{margin-bottom: 50px !important;background-color: #ffffff !important;}&#8221;][vc_column width=&#8221;1\/4&#8243; el_class=&#8221;top&#8221;][vc_single_image image=&#8221;8433&#8243; img_size=&#8221;&#8221; alignment=&#8221;center&#8221; style=&#8221;vc_box_border&#8221;][vc_column_text css=&#8221;.vc_custom_1770040162936{margin-top: 10px !important;margin-bottom: 10px !important;}&#8221;]<\/p>\n<p style=\"text-align: center;\"><strong>Kristian J\u00f6nsson<\/strong><br \/>\n<span lang=\"EN-GB\">Regional MD DACHSER Nordics<br \/>\n+ CEO Frigoscandia<\/span><\/p>\n<p>[\/vc_column_text][\/vc_column][vc_column width=&#8221;1\/4&#8243;][vc_single_image image=&#8221;8436&#8243; img_size=&#8221;&#8221; alignment=&#8221;center&#8221; style=&#8221;vc_box_border&#8221;][vc_column_text css=&#8221;.vc_custom_1770103221627{margin-top: 10px !important;margin-bottom: 10px !important;}&#8221;]<\/p>\n<p style=\"text-align: center;\"><strong>M\u00e5rten Koshko<\/strong><br \/>\n<span lang=\"EN-GB\">MD Food Logistics Sweden<\/span><\/p>\n<p>[\/vc_column_text][\/vc_column][vc_column width=&#8221;1\/4&#8243;][vc_single_image image=&#8221;8442&#8243; img_size=&#8221;&#8221; alignment=&#8221;center&#8221; style=&#8221;vc_box_border&#8221;][vc_column_text css=&#8221;.vc_custom_1744786832393{margin-top: 10px !important;margin-bottom: 10px !important;}&#8221;]<\/p>\n<p style=\"text-align: center;\"><strong>Tobias Dahlskog<\/strong><br \/>\n<span lang=\"EN-GB\">CIO<\/span><\/p>\n<p>[\/vc_column_text][\/vc_column][vc_column width=&#8221;1\/4&#8243;][vc_single_image image=&#8221;9206&#8243; alignment=&#8221;center&#8221; style=&#8221;vc_box_border&#8221; css=&#8221;&#8221;][vc_column_text css=&#8221;.vc_custom_1743503029432{margin-top: 10px !important;margin-bottom: 10px !important;}&#8221;]<\/p>\n<p style=\"text-align: center;\"><strong>Peter Dahlqvist<\/strong><br \/>\nMD Hauliers Sweden<\/p>\n<p>[\/vc_column_text][\/vc_column][\/vc_row][vc_row css=&#8221;.vc_custom_1615969466650{margin-bottom: 50px !important;}&#8221;][vc_column width=&#8221;1\/4&#8243; el_class=&#8221;top&#8221;][vc_single_image image=&#8221;10222&#8243; img_size=&#8221;&#8221; alignment=&#8221;center&#8221; style=&#8221;vc_box_border&#8221; css=&#8221;&#8221;][vc_column_text css=&#8221;.vc_custom_1770040556084{margin-top: 10px !important;margin-bottom: 10px !important;}&#8221;]<\/p>\n<p style=\"text-align: center;\"><strong>Julia Kjellberg<\/strong><br \/>\n<span lang=\"EN-GB\">HR Manager<\/span><\/p>\n<p>[\/vc_column_text][\/vc_column][vc_column width=&#8221;1\/4&#8243;][vc_single_image image=&#8221;10223&#8243; img_size=&#8221;&#8221; alignment=&#8221;center&#8221; style=&#8221;vc_box_border&#8221; css=&#8221;&#8221;][vc_column_text css=&#8221;.vc_custom_1770110502588{margin-top: 10px !important;}&#8221;]<\/p>\n<p style=\"text-align: center;\"><strong>Fredrik Nilsson<\/strong><br \/>\nCOO Food Logistics Sweden<\/p>\n<p>[\/vc_column_text][\/vc_column][vc_column width=&#8221;1\/4&#8243; el_class=&#8221;top&#8221;][vc_single_image image=&#8221;10377&#8243; img_size=&#8221;full&#8221; alignment=&#8221;center&#8221; style=&#8221;vc_box_border&#8221; css=&#8221;&#8221;][vc_column_text css=&#8221;.vc_custom_1776331268128{margin-top: 10px !important;}&#8221;]<\/p>\n<p style=\"text-align: center;\"><b><span lang=\"EN-GB\"><span class=\"outlook-search-highlight\" data-markjs=\"true\">Lisette<\/span> Hallstr\u00f6m<\/span><\/b><br \/>\nCommercial \/ KAM Director<\/p>\n<p>[\/vc_column_text][\/vc_column][vc_column width=&#8221;1\/4&#8243;][\/vc_column][\/vc_row][vc_row css=&#8221;.vc_custom_1615995541334{margin-top: 30px !important;margin-bottom: 50px !important;}&#8221;][vc_column width=&#8221;1\/4&#8243; el_class=&#8221;top&#8221;][\/vc_column][vc_column width=&#8221;1\/4&#8243;][\/vc_column][vc_column width=&#8221;1\/4&#8243;][\/vc_column][vc_column width=&#8221;1\/4&#8243;][\/vc_column][\/vc_row][vc_row css=&#8221;.vc_custom_1694590784511{margin-top: 20px !important;margin-bottom: 20px !important;}&#8221;][vc_column][vc_column_text]<\/p>\n<p style=\"text-align: center;\">If you would like to e-mail a member of the management team use the format: surname.lastname@frigoscandia.com<\/p>\n<p>[\/vc_column_text][\/vc_column][\/vc_row]<\/p>\n<\/div>","protected":false},"excerpt":{"rendered":"<p>[vc_row css=&#8221;.vc_custom_1615969679197{margin-bottom: 50px !important;background-color: #ffffff !important;}&#8221;][vc_column width=&#8221;1\/4&#8243; el_class=&#8221;top&#8221;][vc_single_image image=&#8221;8433&#8243; img_size=&#8221;&#8221; alignment=&#8221;center&#8221; style=&#8221;vc_box_border&#8221;][vc_column_text css=&#8221;.vc_custom_1770040162936{margin-top: 10px !important;margin-bottom: 10px !important;}&#8221;] Kristian J\u00f6nsson Regional MD DACHSER Nordics + CEO Frigoscandia [\/vc_column_text][\/vc_column][vc_column width=&#8221;1\/4&#8243;][vc_single_image image=&#8221;8436&#8243; img_size=&#8221;&#8221; alignment=&#8221;center&#8221; style=&#8221;vc_box_border&#8221;][vc_column_text css=&#8221;.vc_custom_1770103221627{margin-top: 10px !important;margin-bottom: 10px !important;}&#8221;] M\u00e5rten Koshko MD Food Logistics Sweden [\/vc_column_text][\/vc_column][vc_column width=&#8221;1\/4&#8243;][vc_single_image image=&#8221;8442&#8243; img_size=&#8221;&#8221; alignment=&#8221;center&#8221; style=&#8221;vc_box_border&#8221;][vc_column_text css=&#8221;.vc_custom_1744786832393{margin-top: 10px !important;margin-bottom: 10px !important;}&#8221;] Tobias [&#8230;]<\/p>\n<p><a class=\"btn btn-secondary understrap-read-more-link\" href=\"https:\/\/frigoscandia.com\/en\/general-contact-points\/management\/\">Read More&#8230;<\/a><\/p>\n","protected":false},"author":2,"featured_media":0,"parent":2018,"menu_order":0,"comment_status":"closed","ping_status":"closed","template":"","meta":{"_acf_changed":false,"footnotes":""},"class_list":["post-6107","page","type-page","status-publish","hentry"],"acf":[],"yoast_head":"<!-- This site is optimized with the Yoast SEO plugin v27.4 - https:\/\/yoast.com\/product\/yoast-seo-wordpress\/ -->\n<title>Management team - Frigoscandia<\/title>\n<meta name=\"description\" content=\"Vill du komma i kontakt med n\u00e5gon p\u00e5 v\u00e5r commercialavdelning hittar du oss h\u00e4r.\" \/>\n<meta name=\"robots\" content=\"index, follow, max-snippet:-1, max-image-preview:large, max-video-preview:-1\" \/>\n<link rel=\"canonical\" href=\"https:\/\/frigoscandia.com\/en\/general-contact-points\/management\/\" \/>\n<meta property=\"og:locale\" content=\"en_US\" \/>\n<meta property=\"og:type\" content=\"article\" \/>\n<meta property=\"og:title\" content=\"Management team - Frigoscandia\" \/>\n<meta property=\"og:description\" content=\"Vill du komma i kontakt med n\u00e5gon p\u00e5 v\u00e5r commercialavdelning hittar du oss h\u00e4r.\" \/>\n<meta property=\"og:url\" content=\"https:\/\/frigoscandia.com\/en\/general-contact-points\/management\/\" \/>\n<meta property=\"og:site_name\" content=\"Frigoscandia\" \/>\n<meta property=\"article:modified_time\" content=\"2026-04-16T09:21:25+00:00\" \/>\n<meta name=\"twitter:card\" content=\"summary_large_image\" \/>\n<meta name=\"twitter:label1\" content=\"Est. reading time\" \/>\n\t<meta name=\"twitter:data1\" content=\"1 minute\" \/>\n<script type=\"application\/ld+json\" class=\"yoast-schema-graph\">{\"@context\":\"https:\\\/\\\/schema.org\",\"@graph\":[{\"@type\":\"WebPage\",\"@id\":\"https:\\\/\\\/frigoscandia.com\\\/en\\\/general-contact-points\\\/management\\\/\",\"url\":\"https:\\\/\\\/frigoscandia.com\\\/en\\\/general-contact-points\\\/management\\\/\",\"name\":\"Management team - Frigoscandia\",\"isPartOf\":{\"@id\":\"https:\\\/\\\/frigoscandia.com\\\/#website\"},\"datePublished\":\"2023-05-10T12:11:42+00:00\",\"dateModified\":\"2026-04-16T09:21:25+00:00\",\"description\":\"Vill du komma i kontakt med n\u00e5gon p\u00e5 v\u00e5r commercialavdelning hittar du oss h\u00e4r.\",\"breadcrumb\":{\"@id\":\"https:\\\/\\\/frigoscandia.com\\\/en\\\/general-contact-points\\\/management\\\/#breadcrumb\"},\"inLanguage\":\"en-US\",\"potentialAction\":[{\"@type\":\"ReadAction\",\"target\":[\"https:\\\/\\\/frigoscandia.com\\\/en\\\/general-contact-points\\\/management\\\/\"]}]},{\"@type\":\"BreadcrumbList\",\"@id\":\"https:\\\/\\\/frigoscandia.com\\\/en\\\/general-contact-points\\\/management\\\/#breadcrumb\",\"itemListElement\":[{\"@type\":\"ListItem\",\"position\":1,\"name\":\"Hem\",\"item\":\"https:\\\/\\\/frigoscandia.com\\\/en\\\/\"},{\"@type\":\"ListItem\",\"position\":2,\"name\":\"General contact points\",\"item\":\"https:\\\/\\\/frigoscandia.com\\\/en\\\/general-contact-points\\\/\"},{\"@type\":\"ListItem\",\"position\":3,\"name\":\"Management team\"}]},{\"@type\":\"WebSite\",\"@id\":\"https:\\\/\\\/frigoscandia.com\\\/#website\",\"url\":\"https:\\\/\\\/frigoscandia.com\\\/\",\"name\":\"Frigoscandia\",\"description\":\"Frakttj\u00e4nster\",\"publisher\":{\"@id\":\"https:\\\/\\\/frigoscandia.com\\\/#organization\"},\"potentialAction\":[{\"@type\":\"SearchAction\",\"target\":{\"@type\":\"EntryPoint\",\"urlTemplate\":\"https:\\\/\\\/frigoscandia.com\\\/?s={search_term_string}\"},\"query-input\":{\"@type\":\"PropertyValueSpecification\",\"valueRequired\":true,\"valueName\":\"search_term_string\"}}],\"inLanguage\":\"en-US\"},{\"@type\":\"Organization\",\"@id\":\"https:\\\/\\\/frigoscandia.com\\\/#organization\",\"name\":\"Frigoscandia\",\"url\":\"https:\\\/\\\/frigoscandia.com\\\/\",\"logo\":{\"@type\":\"ImageObject\",\"inLanguage\":\"en-US\",\"@id\":\"https:\\\/\\\/frigoscandia.com\\\/#\\\/schema\\\/logo\\\/image\\\/\",\"url\":\"https:\\\/\\\/frigoscandia.com\\\/wp-content\\\/uploads\\\/2021\\\/07\\\/Frigoscandia_logo.png\",\"contentUrl\":\"https:\\\/\\\/frigoscandia.com\\\/wp-content\\\/uploads\\\/2021\\\/07\\\/Frigoscandia_logo.png\",\"width\":2362,\"height\":341,\"caption\":\"Frigoscandia\"},\"image\":{\"@id\":\"https:\\\/\\\/frigoscandia.com\\\/#\\\/schema\\\/logo\\\/image\\\/\"}}]}<\/script>\n<!-- \/ Yoast SEO plugin. -->","yoast_head_json":{"title":"Management team - Frigoscandia","description":"Vill du komma i kontakt med n\u00e5gon p\u00e5 v\u00e5r commercialavdelning hittar du oss h\u00e4r.","robots":{"index":"index","follow":"follow","max-snippet":"max-snippet:-1","max-image-preview":"max-image-preview:large","max-video-preview":"max-video-preview:-1"},"canonical":"https:\/\/frigoscandia.com\/en\/general-contact-points\/management\/","og_locale":"en_US","og_type":"article","og_title":"Management team - Frigoscandia","og_description":"Vill du komma i kontakt med n\u00e5gon p\u00e5 v\u00e5r commercialavdelning hittar du oss h\u00e4r.","og_url":"https:\/\/frigoscandia.com\/en\/general-contact-points\/management\/","og_site_name":"Frigoscandia","article_modified_time":"2026-04-16T09:21:25+00:00","twitter_card":"summary_large_image","twitter_misc":{"Est. reading time":"1 minute"},"schema":{"@context":"https:\/\/schema.org","@graph":[{"@type":"WebPage","@id":"https:\/\/frigoscandia.com\/en\/general-contact-points\/management\/","url":"https:\/\/frigoscandia.com\/en\/general-contact-points\/management\/","name":"Management team - Frigoscandia","isPartOf":{"@id":"https:\/\/frigoscandia.com\/#website"},"datePublished":"2023-05-10T12:11:42+00:00","dateModified":"2026-04-16T09:21:25+00:00","description":"Vill du komma i kontakt med n\u00e5gon p\u00e5 v\u00e5r commercialavdelning hittar du oss h\u00e4r.","breadcrumb":{"@id":"https:\/\/frigoscandia.com\/en\/general-contact-points\/management\/#breadcrumb"},"inLanguage":"en-US","potentialAction":[{"@type":"ReadAction","target":["https:\/\/frigoscandia.com\/en\/general-contact-points\/management\/"]}]},{"@type":"BreadcrumbList","@id":"https:\/\/frigoscandia.com\/en\/general-contact-points\/management\/#breadcrumb","itemListElement":[{"@type":"ListItem","position":1,"name":"Hem","item":"https:\/\/frigoscandia.com\/en\/"},{"@type":"ListItem","position":2,"name":"General contact points","item":"https:\/\/frigoscandia.com\/en\/general-contact-points\/"},{"@type":"ListItem","position":3,"name":"Management team"}]},{"@type":"WebSite","@id":"https:\/\/frigoscandia.com\/#website","url":"https:\/\/frigoscandia.com\/","name":"Frigoscandia","description":"Frakttj\u00e4nster","publisher":{"@id":"https:\/\/frigoscandia.com\/#organization"},"potentialAction":[{"@type":"SearchAction","target":{"@type":"EntryPoint","urlTemplate":"https:\/\/frigoscandia.com\/?s={search_term_string}"},"query-input":{"@type":"PropertyValueSpecification","valueRequired":true,"valueName":"search_term_string"}}],"inLanguage":"en-US"},{"@type":"Organization","@id":"https:\/\/frigoscandia.com\/#organization","name":"Frigoscandia","url":"https:\/\/frigoscandia.com\/","logo":{"@type":"ImageObject","inLanguage":"en-US","@id":"https:\/\/frigoscandia.com\/#\/schema\/logo\/image\/","url":"https:\/\/frigoscandia.com\/wp-content\/uploads\/2021\/07\/Frigoscandia_logo.png","contentUrl":"https:\/\/frigoscandia.com\/wp-content\/uploads\/2021\/07\/Frigoscandia_logo.png","width":2362,"height":341,"caption":"Frigoscandia"},"image":{"@id":"https:\/\/frigoscandia.com\/#\/schema\/logo\/image\/"}}]}},"_links":{"self":[{"href":"https:\/\/frigoscandia.com\/en\/wp-json\/wp\/v2\/pages\/6107","targetHints":{"allow":["GET"]}}],"collection":[{"href":"https:\/\/frigoscandia.com\/en\/wp-json\/wp\/v2\/pages"}],"about":[{"href":"https:\/\/frigoscandia.com\/en\/wp-json\/wp\/v2\/types\/page"}],"author":[{"embeddable":true,"href":"https:\/\/frigoscandia.com\/en\/wp-json\/wp\/v2\/users\/2"}],"replies":[{"embeddable":true,"href":"https:\/\/frigoscandia.com\/en\/wp-json\/wp\/v2\/comments?post=6107"}],"version-history":[{"count":29,"href":"https:\/\/frigoscandia.com\/en\/wp-json\/wp\/v2\/pages\/6107\/revisions"}],"predecessor-version":[{"id":10378,"href":"https:\/\/frigoscandia.com\/en\/wp-json\/wp\/v2\/pages\/6107\/revisions\/10378"}],"up":[{"embeddable":true,"href":"https:\/\/frigoscandia.com\/en\/wp-json\/wp\/v2\/pages\/2018"}],"wp:attachment":[{"href":"https:\/\/frigoscandia.com\/en\/wp-json\/wp\/v2\/media?parent=6107"}],"curies":[{"name":"wp","href":"https:\/\/api.w.org\/{rel}","templated":true}]}}