{"id":5452,"date":"2022-05-11T09:02:03","date_gmt":"2022-05-11T09:02:03","guid":{"rendered":"https:\/\/frigoscandia.com\/leap-delivery-varuinkopare\/"},"modified":"2023-12-19T15:04:13","modified_gmt":"2023-12-19T15:04:13","slug":"leap-delivery-supplier","status":"publish","type":"page","link":"https:\/\/frigoscandia.com\/en\/leap-delivery-supplier\/","title":{"rendered":"Leap Delivery &#8211; the supplier perspective"},"content":{"rendered":"<div class=\"wpb-content-wrapper\"><p>[vc_row][vc_column width=&#8221;1\/2&#8243;][vc_single_image image=&#8221;4945&#8243; img_size=&#8221;&#8221;][\/vc_column][vc_column width=&#8221;1\/2&#8243; el_class=&#8221;textblock&#8221; offset=&#8221;vc_hidden-xs&#8221;][vc_column_text]<\/p>\n<h3><span lang=\"EN-US\">An easy way to the stores through\u00a0Leap Delivery<\/span><\/h3>\n<p><span lang=\"EN-US\">L<\/span><span lang=\"EN-US\">eap<\/span><span lang=\"EN-US\"> Delivery is an easy way for you to reach out to purchasers and decreases your logistics costs by letting your products share transportation with Frigoscandia\u2019s regular flow of centrally listed products. <\/span><span lang=\"EN-US\">The result is lower logistics costs, increased margins and lower risks<\/span><span lang=\"EN-US\">.<\/span>[\/vc_column_text][vc_btn title=&#8221;Back&#8221; color=&#8221;green&#8221; link=&#8221;url:https%3A%2F%2Ffrigoscandia.com%2Fen%2Fleapdelivery%2F|title:Leap%20Delivery&#8221;][vc_btn title=&#8221;Purchaser&#8221; color=&#8221;green&#8221; link=&#8221;url:https%3A%2F%2Ffrigoscandia.com%2Fen%2Fleap-delivery-purchaser%2F|title:Leap%20Delivery&#8221;][\/vc_column][\/vc_row][vc_row el_class=&#8221;textblock&#8221;][vc_column offset=&#8221;vc_hidden-lg vc_hidden-md vc_hidden-sm&#8221;][vc_column_text]<\/p>\n<h3><span lang=\"EN-US\">An easy way to the stores through\u00a0Leap Delivery<\/span><\/h3>\n<p><span lang=\"EN-US\">L<\/span><span lang=\"EN-US\">eap<\/span><span lang=\"EN-US\"> Delivery is an easy way for you to reach out to purchasers and decreases your logistics costs by letting your products share transportation with Frigoscandia\u2019s regular flow of centrally listed products. <\/span><span lang=\"EN-US\">The result is lower logistics costs, increased margins and lower risks<\/span><span lang=\"EN-US\">.<\/span>[\/vc_column_text][vc_btn title=&#8221;Purchaser&#8221; color=&#8221;green&#8221; link=&#8221;url:https%3A%2F%2Ffrigoscandia.com%2Fen%2Fleap-delivery-purchaser%2F|title:Leap%20Delivery&#8221;][vc_btn title=&#8221;Back&#8221; color=&#8221;green&#8221; link=&#8221;url:https%3A%2F%2Ffrigoscandia.com%2Fen%2Fleapdelivery%2F|title:Leap%20Delivery&#8221;][\/vc_column][\/vc_row][vc_row el_class=&#8221;bigblock2&#8243;][vc_column width=&#8221;1\/2&#8243; el_class=&#8221;textblock&#8221;][vc_column_text]<\/p>\n<h3><span lang=\"EN-US\">This is how it works:<\/span><\/h3>\n<p><span lang=\"EN-US\">01. We keep your products in stock (chilled, frozen and colonial)<\/span><\/p>\n<p><span lang=\"EN-US\">02. You upload information about your products in Stockfiller\u2019s purchase platform<\/span><\/p>\n<p><span lang=\"EN-US\">03. Stores are ordering products in Stockfiller<\/span><\/p>\n<p><span lang=\"EN-US\">04. We pick your products together with other suppliers unlisted products<\/span><\/p>\n<p><span lang=\"EN-US\">05. Your products are transported together with Frigoscandia\u2019s regular logistics flow<\/span>[\/vc_column_text][\/vc_column][vc_column width=&#8221;1\/2&#8243; offset=&#8221;vc_hidden-xs&#8221;][vc_single_image image=&#8221;4903&#8243; img_size=&#8221;&#8221;][\/vc_column][\/vc_row][vc_row el_class=&#8221;textblock&#8221;][vc_column offset=&#8221;vc_hidden-lg vc_hidden-md vc_hidden-sm&#8221;][vc_column_text]<\/p>\n<h3><span lang=\"EN-US\">This is how it works:<\/span><\/h3>\n<p><span lang=\"EN-US\">01. We keep your products in stock (chilled, frozen and colonial)<\/span><\/p>\n<p><span lang=\"EN-US\">02. You upload information about your products in Stockfiller\u2019s purchase platform<\/span><\/p>\n<p><span lang=\"EN-US\">03. Stores are ordering products in Stockfiller<\/span><\/p>\n<p><span lang=\"EN-US\">04. We pick your products together with other suppliers unlisted products<\/span><\/p>\n<p><span lang=\"EN-US\">05. Your products are transported together with Frigoscandia\u2019s regular logistics flow<\/span>[\/vc_column_text][\/vc_column][\/vc_row][vc_row][vc_column width=&#8221;1\/2&#8243;][vc_single_image image=&#8221;4905&#8243; img_size=&#8221;&#8221;][\/vc_column][vc_column width=&#8221;1\/2&#8243; el_class=&#8221;textblock&#8221; offset=&#8221;vc_hidden-xs&#8221;][vc_column_text]<\/p>\n<h3><span lang=\"EN-US\">Benefits for you as a supplier<\/span><\/h3>\n<p><b><span lang=\"EN-US\"><br \/>\n<\/span><\/b><strong><span lang=\"EN-US\">Increase your geographical coverage<\/span><\/strong><span lang=\"EN-US\"><br \/>\nAs soon as the stores can order your products in Stockfiller, we can deliver them to stores all over Sweden. Suddenly you reach thousands of new stores, without new investments in inventory and transport capacity.<\/span><\/p>\n<p><strong><span lang=\"EN-US\">Sim<\/span><\/strong><strong><span lang=\"EN-US\">p<\/span><\/strong><strong><span lang=\"EN-US\">lify new releases<\/span><\/strong><span lang=\"EN-US\"><br \/>\nInstead of spending a significant amount of time establishing relationships with the stores<\/span><span lang=\"EN-US\">, you can easily add your products in Stockfiller. We are handling the logistics and the money you save you can instead put on targeted sales initiatives.<\/span><\/p>\n<p><strong><span lang=\"EN-US\">Test launch<\/span><\/strong><span lang=\"EN-US\"><br \/>\nDo you want to make smaller test launch<\/span><span lang=\"EN-US\">es<\/span><span lang=\"EN-US\"> to see the reaction of the market before launching broadly? Or add new taste<\/span><span lang=\"EN-US\">s<\/span><span lang=\"EN-US\"> of you<\/span><span lang=\"EN-US\">r<\/span><span lang=\"EN-US\"> product? With Leap Delivery and Stockfiller you can test the market without spiralling costs.<\/span><\/p>\n<p><strong><span lang=\"EN-US\">Handle short time to BBD and reduce the food waste<\/span><\/strong><span lang=\"EN-US\"><br \/>\nWe remind you when your products are getting closer to best before date. You can then choose to offer them to reduced price in Stockfiller.<\/span>[\/vc_column_text][\/vc_column][\/vc_row][vc_row el_class=&#8221;textblock&#8221;][vc_column offset=&#8221;vc_hidden-lg vc_hidden-md vc_hidden-sm&#8221;][vc_column_text]<\/p>\n<h3><span lang=\"EN-US\">Benefits for you as a supplier<\/span><\/h3>\n<p><b><span lang=\"EN-US\"><br \/>\n<\/span><\/b><strong><span lang=\"EN-US\">Increase your geographical coverage<\/span><\/strong><span lang=\"EN-US\"><br \/>\nAs soon as the stores can order your products in Stockfiller, we can deliver them to stores all over Sweden. Suddenly you reach thousands of new stores, without new investments in inventory and transport capacity.<\/span><\/p>\n<p><strong><span lang=\"EN-US\">Sim<\/span><\/strong><strong><span lang=\"EN-US\">p<\/span><\/strong><strong><span lang=\"EN-US\">lify new releases<\/span><\/strong><span lang=\"EN-US\"><br \/>\nInstead of spending a significant amount of time establishing relationships with the stores<\/span><span lang=\"EN-US\">, you can easily add your products in Stockfiller. We are handling the logistics and the money you save you can instead put on targeted sales initiatives.<\/span><\/p>\n<p><strong><span lang=\"EN-US\">Test lau<\/span><\/strong><strong><span lang=\"EN-US\">n<\/span><\/strong><strong><span lang=\"EN-US\">ch<\/span><\/strong><span lang=\"EN-US\"><br \/>\nDo you want to make smaller test launch<\/span><span lang=\"EN-US\">es<\/span><span lang=\"EN-US\"> to see the reaction of the market before launching broadly? Or add new taste<\/span><span lang=\"EN-US\">s<\/span><span lang=\"EN-US\"> of you<\/span><span lang=\"EN-US\">r<\/span><span lang=\"EN-US\"> product? With Leap Delivery and Stockfiller you can test the market without spiralling costs.<\/span><\/p>\n<p><strong><span lang=\"EN-US\">Handle short time to BBD and reduce the food waste<\/span><\/strong><span lang=\"EN-US\"><br \/>\nWe remind you when your products are getting closer to best before date. You can then choose to offer them to reduced price in Stockfiller.<\/span>[\/vc_column_text][\/vc_column][\/vc_row][vc_row][vc_column el_class=&#8221;imageback&#8221; css=&#8221;.vc_custom_1628519537286{background-image: url(https:\/\/frigoscandia.com\/wp-content\/uploads\/2021\/08\/FRIGO_imagebild_homepage_1400x580px_textyta_PA_2.jpg?id=3214) !important;}&#8221;][vc_column_text]<\/p>\n<h3>Food supply with the Nordic region as home market<\/h3>\n<p>Do you have questions about how your company\u2019s food logistics could be optimised and better integrated into your business operations? We possess the right knowledge and have the logistics network to find the optimal solution for you. Please feel free to contact us.[\/vc_column_text][vc_btn title=&#8221;Pirce enquiry&#8221; color=&#8221;green&#8221; align=&#8221;center&#8221; link=&#8221;url:https%3A%2F%2Ffrigoscandia.com%2Fen%2Fgeneral-contact-points%2Frequest-offer%2F|title:Beg%C3%A4r%20offert&#8221;][\/vc_column][\/vc_row]<\/p>\n<\/div>","protected":false},"excerpt":{"rendered":"<p>[vc_row][vc_column width=&#8221;1\/2&#8243;][vc_single_image image=&#8221;4945&#8243; img_size=&#8221;&#8221;][\/vc_column][vc_column width=&#8221;1\/2&#8243; el_class=&#8221;textblock&#8221; offset=&#8221;vc_hidden-xs&#8221;][vc_column_text] An easy way to the stores through\u00a0Leap Delivery Leap Delivery is an easy way for you to reach out to purchasers and decreases your logistics costs by letting your products share transportation with Frigoscandia\u2019s regular flow of centrally listed products. The result is lower logistics costs, increased margins [&#8230;]<\/p>\n<p><a class=\"btn btn-secondary understrap-read-more-link\" href=\"https:\/\/frigoscandia.com\/en\/leap-delivery-supplier\/\">Read More&#8230;<\/a><\/p>\n","protected":false},"author":2,"featured_media":0,"parent":0,"menu_order":0,"comment_status":"closed","ping_status":"closed","template":"","meta":{"_acf_changed":false,"footnotes":""},"class_list":["post-5452","page","type-page","status-publish","hentry"],"acf":[],"yoast_head":"<!-- This site is optimized with the Yoast SEO plugin v27.5 - https:\/\/yoast.com\/product\/yoast-seo-wordpress\/ -->\n<title>Leap Delivery supplier - Frigoscandia<\/title>\n<meta name=\"description\" content=\"Attrahera fler kunder med Leap DeliverySom ink\u00f6pare vet du vad dina lokala kunder vill ha. Problemet \u00e4r bara att m\u00e5nga av de \u201dolistade\u201d produkter du g\u00e4rna skulle vilja se i dina hyllor blir mindre l\u00f6nsamma eftersom logistiken \u00e4r dyr och komplicerad.\" \/>\n<meta name=\"robots\" content=\"index, follow, max-snippet:-1, max-image-preview:large, max-video-preview:-1\" \/>\n<link rel=\"canonical\" href=\"https:\/\/frigoscandia.com\/en\/leap-delivery-supplier\/\" \/>\n<meta property=\"og:locale\" content=\"en_US\" \/>\n<meta property=\"og:type\" content=\"article\" \/>\n<meta property=\"og:title\" content=\"Leap Delivery supplier - Frigoscandia\" \/>\n<meta property=\"og:description\" content=\"Attrahera fler kunder med Leap DeliverySom ink\u00f6pare vet du vad dina lokala kunder vill ha. Problemet \u00e4r bara att m\u00e5nga av de \u201dolistade\u201d produkter du g\u00e4rna skulle vilja se i dina hyllor blir mindre l\u00f6nsamma eftersom logistiken \u00e4r dyr och komplicerad.\" \/>\n<meta property=\"og:url\" content=\"https:\/\/frigoscandia.com\/en\/leap-delivery-supplier\/\" \/>\n<meta property=\"og:site_name\" content=\"Frigoscandia\" \/>\n<meta property=\"article:modified_time\" content=\"2023-12-19T15:04:13+00:00\" \/>\n<meta name=\"twitter:card\" content=\"summary_large_image\" \/>\n<meta name=\"twitter:label1\" content=\"Est. reading time\" \/>\n\t<meta name=\"twitter:data1\" content=\"4 minutes\" \/>\n<script type=\"application\/ld+json\" class=\"yoast-schema-graph\">{\"@context\":\"https:\\\/\\\/schema.org\",\"@graph\":[{\"@type\":\"WebPage\",\"@id\":\"https:\\\/\\\/frigoscandia.com\\\/en\\\/leap-delivery-supplier\\\/\",\"url\":\"https:\\\/\\\/frigoscandia.com\\\/en\\\/leap-delivery-supplier\\\/\",\"name\":\"Leap Delivery supplier - Frigoscandia\",\"isPartOf\":{\"@id\":\"https:\\\/\\\/frigoscandia.com\\\/#website\"},\"datePublished\":\"2022-05-11T09:02:03+00:00\",\"dateModified\":\"2023-12-19T15:04:13+00:00\",\"description\":\"Attrahera fler kunder med Leap DeliverySom ink\u00f6pare vet du vad dina lokala kunder vill ha. Problemet \u00e4r bara att m\u00e5nga av de \u201dolistade\u201d produkter du g\u00e4rna skulle vilja se i dina hyllor blir mindre l\u00f6nsamma eftersom logistiken \u00e4r dyr och komplicerad.\",\"breadcrumb\":{\"@id\":\"https:\\\/\\\/frigoscandia.com\\\/en\\\/leap-delivery-supplier\\\/#breadcrumb\"},\"inLanguage\":\"en-US\",\"potentialAction\":[{\"@type\":\"ReadAction\",\"target\":[\"https:\\\/\\\/frigoscandia.com\\\/en\\\/leap-delivery-supplier\\\/\"]}]},{\"@type\":\"BreadcrumbList\",\"@id\":\"https:\\\/\\\/frigoscandia.com\\\/en\\\/leap-delivery-supplier\\\/#breadcrumb\",\"itemListElement\":[{\"@type\":\"ListItem\",\"position\":1,\"name\":\"Hem\",\"item\":\"https:\\\/\\\/frigoscandia.com\\\/en\\\/\"},{\"@type\":\"ListItem\",\"position\":2,\"name\":\"Leap Delivery &#8211; the supplier perspective\"}]},{\"@type\":\"WebSite\",\"@id\":\"https:\\\/\\\/frigoscandia.com\\\/#website\",\"url\":\"https:\\\/\\\/frigoscandia.com\\\/\",\"name\":\"Frigoscandia\",\"description\":\"Frakttj\u00e4nster\",\"publisher\":{\"@id\":\"https:\\\/\\\/frigoscandia.com\\\/#organization\"},\"potentialAction\":[{\"@type\":\"SearchAction\",\"target\":{\"@type\":\"EntryPoint\",\"urlTemplate\":\"https:\\\/\\\/frigoscandia.com\\\/?s={search_term_string}\"},\"query-input\":{\"@type\":\"PropertyValueSpecification\",\"valueRequired\":true,\"valueName\":\"search_term_string\"}}],\"inLanguage\":\"en-US\"},{\"@type\":\"Organization\",\"@id\":\"https:\\\/\\\/frigoscandia.com\\\/#organization\",\"name\":\"Frigoscandia\",\"url\":\"https:\\\/\\\/frigoscandia.com\\\/\",\"logo\":{\"@type\":\"ImageObject\",\"inLanguage\":\"en-US\",\"@id\":\"https:\\\/\\\/frigoscandia.com\\\/#\\\/schema\\\/logo\\\/image\\\/\",\"url\":\"https:\\\/\\\/frigoscandia.com\\\/wp-content\\\/uploads\\\/2021\\\/07\\\/Frigoscandia_logo.png\",\"contentUrl\":\"https:\\\/\\\/frigoscandia.com\\\/wp-content\\\/uploads\\\/2021\\\/07\\\/Frigoscandia_logo.png\",\"width\":2362,\"height\":341,\"caption\":\"Frigoscandia\"},\"image\":{\"@id\":\"https:\\\/\\\/frigoscandia.com\\\/#\\\/schema\\\/logo\\\/image\\\/\"}}]}<\/script>\n<!-- \/ Yoast SEO plugin. -->","yoast_head_json":{"title":"Leap Delivery supplier - Frigoscandia","description":"Attrahera fler kunder med Leap DeliverySom ink\u00f6pare vet du vad dina lokala kunder vill ha. Problemet \u00e4r bara att m\u00e5nga av de \u201dolistade\u201d produkter du g\u00e4rna skulle vilja se i dina hyllor blir mindre l\u00f6nsamma eftersom logistiken \u00e4r dyr och komplicerad.","robots":{"index":"index","follow":"follow","max-snippet":"max-snippet:-1","max-image-preview":"max-image-preview:large","max-video-preview":"max-video-preview:-1"},"canonical":"https:\/\/frigoscandia.com\/en\/leap-delivery-supplier\/","og_locale":"en_US","og_type":"article","og_title":"Leap Delivery supplier - Frigoscandia","og_description":"Attrahera fler kunder med Leap DeliverySom ink\u00f6pare vet du vad dina lokala kunder vill ha. Problemet \u00e4r bara att m\u00e5nga av de \u201dolistade\u201d produkter du g\u00e4rna skulle vilja se i dina hyllor blir mindre l\u00f6nsamma eftersom logistiken \u00e4r dyr och komplicerad.","og_url":"https:\/\/frigoscandia.com\/en\/leap-delivery-supplier\/","og_site_name":"Frigoscandia","article_modified_time":"2023-12-19T15:04:13+00:00","twitter_card":"summary_large_image","twitter_misc":{"Est. reading time":"4 minutes"},"schema":{"@context":"https:\/\/schema.org","@graph":[{"@type":"WebPage","@id":"https:\/\/frigoscandia.com\/en\/leap-delivery-supplier\/","url":"https:\/\/frigoscandia.com\/en\/leap-delivery-supplier\/","name":"Leap Delivery supplier - Frigoscandia","isPartOf":{"@id":"https:\/\/frigoscandia.com\/#website"},"datePublished":"2022-05-11T09:02:03+00:00","dateModified":"2023-12-19T15:04:13+00:00","description":"Attrahera fler kunder med Leap DeliverySom ink\u00f6pare vet du vad dina lokala kunder vill ha. Problemet \u00e4r bara att m\u00e5nga av de \u201dolistade\u201d produkter du g\u00e4rna skulle vilja se i dina hyllor blir mindre l\u00f6nsamma eftersom logistiken \u00e4r dyr och komplicerad.","breadcrumb":{"@id":"https:\/\/frigoscandia.com\/en\/leap-delivery-supplier\/#breadcrumb"},"inLanguage":"en-US","potentialAction":[{"@type":"ReadAction","target":["https:\/\/frigoscandia.com\/en\/leap-delivery-supplier\/"]}]},{"@type":"BreadcrumbList","@id":"https:\/\/frigoscandia.com\/en\/leap-delivery-supplier\/#breadcrumb","itemListElement":[{"@type":"ListItem","position":1,"name":"Hem","item":"https:\/\/frigoscandia.com\/en\/"},{"@type":"ListItem","position":2,"name":"Leap Delivery &#8211; the supplier perspective"}]},{"@type":"WebSite","@id":"https:\/\/frigoscandia.com\/#website","url":"https:\/\/frigoscandia.com\/","name":"Frigoscandia","description":"Frakttj\u00e4nster","publisher":{"@id":"https:\/\/frigoscandia.com\/#organization"},"potentialAction":[{"@type":"SearchAction","target":{"@type":"EntryPoint","urlTemplate":"https:\/\/frigoscandia.com\/?s={search_term_string}"},"query-input":{"@type":"PropertyValueSpecification","valueRequired":true,"valueName":"search_term_string"}}],"inLanguage":"en-US"},{"@type":"Organization","@id":"https:\/\/frigoscandia.com\/#organization","name":"Frigoscandia","url":"https:\/\/frigoscandia.com\/","logo":{"@type":"ImageObject","inLanguage":"en-US","@id":"https:\/\/frigoscandia.com\/#\/schema\/logo\/image\/","url":"https:\/\/frigoscandia.com\/wp-content\/uploads\/2021\/07\/Frigoscandia_logo.png","contentUrl":"https:\/\/frigoscandia.com\/wp-content\/uploads\/2021\/07\/Frigoscandia_logo.png","width":2362,"height":341,"caption":"Frigoscandia"},"image":{"@id":"https:\/\/frigoscandia.com\/#\/schema\/logo\/image\/"}}]}},"_links":{"self":[{"href":"https:\/\/frigoscandia.com\/en\/wp-json\/wp\/v2\/pages\/5452","targetHints":{"allow":["GET"]}}],"collection":[{"href":"https:\/\/frigoscandia.com\/en\/wp-json\/wp\/v2\/pages"}],"about":[{"href":"https:\/\/frigoscandia.com\/en\/wp-json\/wp\/v2\/types\/page"}],"author":[{"embeddable":true,"href":"https:\/\/frigoscandia.com\/en\/wp-json\/wp\/v2\/users\/2"}],"replies":[{"embeddable":true,"href":"https:\/\/frigoscandia.com\/en\/wp-json\/wp\/v2\/comments?post=5452"}],"version-history":[{"count":17,"href":"https:\/\/frigoscandia.com\/en\/wp-json\/wp\/v2\/pages\/5452\/revisions"}],"predecessor-version":[{"id":7211,"href":"https:\/\/frigoscandia.com\/en\/wp-json\/wp\/v2\/pages\/5452\/revisions\/7211"}],"wp:attachment":[{"href":"https:\/\/frigoscandia.com\/en\/wp-json\/wp\/v2\/media?parent=5452"}],"curies":[{"name":"wp","href":"https:\/\/api.w.org\/{rel}","templated":true}]}}