{"id":5382,"date":"2022-10-20T13:17:58","date_gmt":"2022-10-20T13:17:58","guid":{"rendered":"https:\/\/frigoscandia.com\/forvarv-av-gkt\/"},"modified":"2022-11-22T09:14:00","modified_gmt":"2022-11-22T09:14:00","slug":"forvarv-av-gkt","status":"publish","type":"page","link":"https:\/\/frigoscandia.com\/en\/forvarv-av-gkt\/","title":{"rendered":"Frigoscandia acquires G\u00f6tene Kyltransporter"},"content":{"rendered":"<div class=\"wpb-content-wrapper\"><p>[vc_row][vc_column width=&#8221;1\/5&#8243;][\/vc_column][vc_column width=&#8221;3\/5&#8243; css=&#8221;.vc_custom_1614247569419{margin-top: 30px !important;}&#8221;][vc_column_text]<\/p>\n<p style=\"text-align: center;\">22.112022<br \/>\n<strong>The acquisition of G\u00f6tene Kyltransporter is now complete<\/strong><br \/>\nThe Swedish Competition Authority has now approved the deal and G\u00f6tene Kyltransporter AB (GKT) is now formally a subsidiary of Frigoscandia.<\/p>\n<p>&nbsp;<\/p>\n<p style=\"text-align: center;\"><strong><span data-contrast=\"auto\">Press release: \u00a020.10.2022<\/span><\/strong><\/p>\n<h2 style=\"text-align: center;\">Frigoscandia increases its service offering \u2013<\/h2>\n<h2 style=\"text-align: center;\">acquires G\u00f6tene Kyltransporter AB<\/h2>\n<p><strong>\u00a0<\/strong><\/p>\n<p>Frigoscandia AB has signed an agreement to acquire all shares in G\u00f6tene Kyltransporter AB. The acquisition of G\u00f6tene Kyltransporter is Frigoscandia\u2019s second in 2022 as Polar Frakt AS in Norway was acquired earlier this year. Approval from the Swedish Competition Authority is required before a change of ownership takes effect.<\/p>\n<p>Frigoscandia is the market leader in temperature-controlled food logistics in the Nordics with the strategy to offer complete Supply-Chain Management services to the food industry. Within the framework of this strategy, Frigoscandia will now be strengthening its logistics network through this acquisition.<\/p>\n<p>For many years, G\u00f6tene Kyltransporter has been a strategic partner for Frigoscandia. Through the acquisition, the joint customer offer will be developed for storage and transport services.<\/p>\n<p>&#8211; G\u00f6tene Kyltransporter operates in an important food logistic region. The acquisition will further strengthen Frigoscandia\u2019s presence in this strategic region, which will increase our service to both companies\u2019 customers, says Peter Haveneth, CEO at Frigoscandia.<\/p>\n<p>&#8211; It feels very positive for us to now be part of the Frigoscandia Group. Our industry\u2019s transition towards fossil-free logistics is important, where we now together with Frigoscandia can accelerate our common efforts in this area, says Ulf Johansson, owner of G\u00f6tene Kyltransporter.<\/p>\n<p>&#8211; G\u00f6tene Kyltransporter marks the second add-on for Frigoscandia under Mutares ownership in less than a year and demonstrates our ambition of cementing and expanding Frigoscandia\u2019s position as the leading temperature-controlled logistics platform in the Nordics, says Marcus \u00d6sterberg, Senior Investment Manager, Mutares SE &amp; Co. KGaA.<\/p>\n<p>After the acquisition, Frigoscandia will have a total of 15 warehouses, and over 250 vehicles in its owned subsidiaries, G\u00f6tene Kyltransporter, Svebol Logistics, and Frigoscandia \u00c5keri.<\/p>\n<p><strong>For more information, please contact:<\/strong><\/p>\n<p>Peter Haveneth, CEO Frigoscandia, phone: +46-702353814<br \/>\nE-mail: <u>peter.haveneth@frigoscandia.com<\/u><\/p>\n<p><strong>About Frigoscandia<\/strong><\/p>\n<p>Frigoscandia AB was founded in 1948 and is the market leader in temperature-controlled logistics in Sweden and operates an international network in Sweden, Denmark, Finland, Norway, and the Netherlands. The company operates 22 temperature-controlled warehouses and terminals in Sweden and Norway. Frigoscandia has a turnover of just over 3 billion SEK and has approx. 1000 employees and is headquartered in Helsingborg.<\/p>\n<p><strong>About G\u00f6tene Kyltransporter<\/strong><br \/>\nG\u00f6tene Kyltransporter AB, with its head office in G\u00f6tene, was founded in 1976 by Ulf Johansson and carries out transport and storage of temperature-controlled food. The company has a turnover of 350 million SEK and approx. 300 employees. They dispose of approx. 90 trucks with trailers and a storage capacity of 45.000 pallet locations located in G\u00f6tene and Lidk\u00f6ping, Sweden.[\/vc_column_text][\/vc_column][vc_column width=&#8221;1\/5&#8243;][\/vc_column][\/vc_row]<\/p>\n<\/div>","protected":false},"excerpt":{"rendered":"<p>[vc_row][vc_column width=&#8221;1\/5&#8243;][\/vc_column][vc_column width=&#8221;3\/5&#8243; css=&#8221;.vc_custom_1614247569419{margin-top: 30px !important;}&#8221;][vc_column_text] 22.112022 The acquisition of G\u00f6tene Kyltransporter is now complete The Swedish Competition Authority has now approved the deal and G\u00f6tene Kyltransporter AB (GKT) is now formally a subsidiary of Frigoscandia. &nbsp; Press release: \u00a020.10.2022 Frigoscandia increases its service offering \u2013 acquires G\u00f6tene Kyltransporter AB \u00a0 Frigoscandia AB has signed [&#8230;]<\/p>\n<p><a class=\"btn btn-secondary understrap-read-more-link\" href=\"https:\/\/frigoscandia.com\/en\/forvarv-av-gkt\/\">Read More&#8230;<\/a><\/p>\n","protected":false},"author":2,"featured_media":0,"parent":0,"menu_order":0,"comment_status":"closed","ping_status":"closed","template":"","meta":{"_acf_changed":false,"footnotes":""},"class_list":["post-5382","page","type-page","status-publish","hentry"],"acf":[],"yoast_head":"<!-- This site is optimized with the Yoast SEO plugin v27.4 - https:\/\/yoast.com\/product\/yoast-seo-wordpress\/ -->\n<title>Aktuellt - F\u00f6rv\u00e4rv av GKT<\/title>\n<meta name=\"description\" content=\"Frigoscandia acquires G\u00f6tene Kyltransporter\" \/>\n<meta name=\"robots\" content=\"index, follow, max-snippet:-1, max-image-preview:large, max-video-preview:-1\" \/>\n<link rel=\"canonical\" href=\"https:\/\/frigoscandia.com\/en\/forvarv-av-gkt\/\" \/>\n<meta property=\"og:locale\" content=\"en_US\" \/>\n<meta property=\"og:type\" content=\"article\" \/>\n<meta property=\"og:title\" content=\"Aktuellt - F\u00f6rv\u00e4rv av GKT\" \/>\n<meta property=\"og:description\" content=\"Frigoscandia acquires G\u00f6tene Kyltransporter\" \/>\n<meta property=\"og:url\" content=\"https:\/\/frigoscandia.com\/en\/forvarv-av-gkt\/\" \/>\n<meta property=\"og:site_name\" content=\"Frigoscandia\" \/>\n<meta property=\"article:modified_time\" content=\"2022-11-22T09:14:00+00:00\" \/>\n<meta name=\"twitter:card\" content=\"summary_large_image\" \/>\n<meta name=\"twitter:label1\" content=\"Est. reading time\" \/>\n\t<meta name=\"twitter:data1\" content=\"3 minutes\" \/>\n<script type=\"application\/ld+json\" class=\"yoast-schema-graph\">{\"@context\":\"https:\\\/\\\/schema.org\",\"@graph\":[{\"@type\":\"WebPage\",\"@id\":\"https:\\\/\\\/frigoscandia.com\\\/en\\\/forvarv-av-gkt\\\/\",\"url\":\"https:\\\/\\\/frigoscandia.com\\\/en\\\/forvarv-av-gkt\\\/\",\"name\":\"Aktuellt - F\u00f6rv\u00e4rv av GKT\",\"isPartOf\":{\"@id\":\"https:\\\/\\\/frigoscandia.com\\\/#website\"},\"datePublished\":\"2022-10-20T13:17:58+00:00\",\"dateModified\":\"2022-11-22T09:14:00+00:00\",\"description\":\"Frigoscandia acquires G\u00f6tene Kyltransporter\",\"breadcrumb\":{\"@id\":\"https:\\\/\\\/frigoscandia.com\\\/en\\\/forvarv-av-gkt\\\/#breadcrumb\"},\"inLanguage\":\"en-US\",\"potentialAction\":[{\"@type\":\"ReadAction\",\"target\":[\"https:\\\/\\\/frigoscandia.com\\\/en\\\/forvarv-av-gkt\\\/\"]}]},{\"@type\":\"BreadcrumbList\",\"@id\":\"https:\\\/\\\/frigoscandia.com\\\/en\\\/forvarv-av-gkt\\\/#breadcrumb\",\"itemListElement\":[{\"@type\":\"ListItem\",\"position\":1,\"name\":\"Hem\",\"item\":\"https:\\\/\\\/frigoscandia.com\\\/en\\\/\"},{\"@type\":\"ListItem\",\"position\":2,\"name\":\"Frigoscandia acquires G\u00f6tene Kyltransporter\"}]},{\"@type\":\"WebSite\",\"@id\":\"https:\\\/\\\/frigoscandia.com\\\/#website\",\"url\":\"https:\\\/\\\/frigoscandia.com\\\/\",\"name\":\"Frigoscandia\",\"description\":\"Frakttj\u00e4nster\",\"publisher\":{\"@id\":\"https:\\\/\\\/frigoscandia.com\\\/#organization\"},\"potentialAction\":[{\"@type\":\"SearchAction\",\"target\":{\"@type\":\"EntryPoint\",\"urlTemplate\":\"https:\\\/\\\/frigoscandia.com\\\/?s={search_term_string}\"},\"query-input\":{\"@type\":\"PropertyValueSpecification\",\"valueRequired\":true,\"valueName\":\"search_term_string\"}}],\"inLanguage\":\"en-US\"},{\"@type\":\"Organization\",\"@id\":\"https:\\\/\\\/frigoscandia.com\\\/#organization\",\"name\":\"Frigoscandia\",\"url\":\"https:\\\/\\\/frigoscandia.com\\\/\",\"logo\":{\"@type\":\"ImageObject\",\"inLanguage\":\"en-US\",\"@id\":\"https:\\\/\\\/frigoscandia.com\\\/#\\\/schema\\\/logo\\\/image\\\/\",\"url\":\"https:\\\/\\\/frigoscandia.com\\\/wp-content\\\/uploads\\\/2021\\\/07\\\/Frigoscandia_logo.png\",\"contentUrl\":\"https:\\\/\\\/frigoscandia.com\\\/wp-content\\\/uploads\\\/2021\\\/07\\\/Frigoscandia_logo.png\",\"width\":2362,\"height\":341,\"caption\":\"Frigoscandia\"},\"image\":{\"@id\":\"https:\\\/\\\/frigoscandia.com\\\/#\\\/schema\\\/logo\\\/image\\\/\"}}]}<\/script>\n<!-- \/ Yoast SEO plugin. -->","yoast_head_json":{"title":"Aktuellt - F\u00f6rv\u00e4rv av GKT","description":"Frigoscandia acquires G\u00f6tene Kyltransporter","robots":{"index":"index","follow":"follow","max-snippet":"max-snippet:-1","max-image-preview":"max-image-preview:large","max-video-preview":"max-video-preview:-1"},"canonical":"https:\/\/frigoscandia.com\/en\/forvarv-av-gkt\/","og_locale":"en_US","og_type":"article","og_title":"Aktuellt - F\u00f6rv\u00e4rv av GKT","og_description":"Frigoscandia acquires G\u00f6tene Kyltransporter","og_url":"https:\/\/frigoscandia.com\/en\/forvarv-av-gkt\/","og_site_name":"Frigoscandia","article_modified_time":"2022-11-22T09:14:00+00:00","twitter_card":"summary_large_image","twitter_misc":{"Est. reading time":"3 minutes"},"schema":{"@context":"https:\/\/schema.org","@graph":[{"@type":"WebPage","@id":"https:\/\/frigoscandia.com\/en\/forvarv-av-gkt\/","url":"https:\/\/frigoscandia.com\/en\/forvarv-av-gkt\/","name":"Aktuellt - F\u00f6rv\u00e4rv av GKT","isPartOf":{"@id":"https:\/\/frigoscandia.com\/#website"},"datePublished":"2022-10-20T13:17:58+00:00","dateModified":"2022-11-22T09:14:00+00:00","description":"Frigoscandia acquires G\u00f6tene Kyltransporter","breadcrumb":{"@id":"https:\/\/frigoscandia.com\/en\/forvarv-av-gkt\/#breadcrumb"},"inLanguage":"en-US","potentialAction":[{"@type":"ReadAction","target":["https:\/\/frigoscandia.com\/en\/forvarv-av-gkt\/"]}]},{"@type":"BreadcrumbList","@id":"https:\/\/frigoscandia.com\/en\/forvarv-av-gkt\/#breadcrumb","itemListElement":[{"@type":"ListItem","position":1,"name":"Hem","item":"https:\/\/frigoscandia.com\/en\/"},{"@type":"ListItem","position":2,"name":"Frigoscandia acquires G\u00f6tene Kyltransporter"}]},{"@type":"WebSite","@id":"https:\/\/frigoscandia.com\/#website","url":"https:\/\/frigoscandia.com\/","name":"Frigoscandia","description":"Frakttj\u00e4nster","publisher":{"@id":"https:\/\/frigoscandia.com\/#organization"},"potentialAction":[{"@type":"SearchAction","target":{"@type":"EntryPoint","urlTemplate":"https:\/\/frigoscandia.com\/?s={search_term_string}"},"query-input":{"@type":"PropertyValueSpecification","valueRequired":true,"valueName":"search_term_string"}}],"inLanguage":"en-US"},{"@type":"Organization","@id":"https:\/\/frigoscandia.com\/#organization","name":"Frigoscandia","url":"https:\/\/frigoscandia.com\/","logo":{"@type":"ImageObject","inLanguage":"en-US","@id":"https:\/\/frigoscandia.com\/#\/schema\/logo\/image\/","url":"https:\/\/frigoscandia.com\/wp-content\/uploads\/2021\/07\/Frigoscandia_logo.png","contentUrl":"https:\/\/frigoscandia.com\/wp-content\/uploads\/2021\/07\/Frigoscandia_logo.png","width":2362,"height":341,"caption":"Frigoscandia"},"image":{"@id":"https:\/\/frigoscandia.com\/#\/schema\/logo\/image\/"}}]}},"_links":{"self":[{"href":"https:\/\/frigoscandia.com\/en\/wp-json\/wp\/v2\/pages\/5382","targetHints":{"allow":["GET"]}}],"collection":[{"href":"https:\/\/frigoscandia.com\/en\/wp-json\/wp\/v2\/pages"}],"about":[{"href":"https:\/\/frigoscandia.com\/en\/wp-json\/wp\/v2\/types\/page"}],"author":[{"embeddable":true,"href":"https:\/\/frigoscandia.com\/en\/wp-json\/wp\/v2\/users\/2"}],"replies":[{"embeddable":true,"href":"https:\/\/frigoscandia.com\/en\/wp-json\/wp\/v2\/comments?post=5382"}],"version-history":[{"count":6,"href":"https:\/\/frigoscandia.com\/en\/wp-json\/wp\/v2\/pages\/5382\/revisions"}],"predecessor-version":[{"id":5442,"href":"https:\/\/frigoscandia.com\/en\/wp-json\/wp\/v2\/pages\/5382\/revisions\/5442"}],"wp:attachment":[{"href":"https:\/\/frigoscandia.com\/en\/wp-json\/wp\/v2\/media?parent=5382"}],"curies":[{"name":"wp","href":"https:\/\/api.w.org\/{rel}","templated":true}]}}