{"id":2816,"date":"2021-02-23T19:00:18","date_gmt":"2021-02-23T19:00:18","guid":{"rendered":"https:\/\/frigoscandia.com\/warehouse\/ljusekulla\/"},"modified":"2022-05-24T07:39:33","modified_gmt":"2022-05-24T07:39:33","slug":"ljusekulla","status":"publish","type":"page","link":"https:\/\/frigoscandia.com\/en\/warehouse\/ljusekulla\/","title":{"rendered":"Ljusekulla Warehouse-\/terminal"},"content":{"rendered":"<div class=\"wpb-content-wrapper\"><p>[vc_row][vc_column width=&#8221;1\/5&#8243;][\/vc_column][vc_column width=&#8221;3\/5&#8243; css=&#8221;.vc_custom_1605618976198{margin-top: 30px !important;}&#8221;][vc_column_text]<\/p>\n<h3>More efficient and environmentally-friendly logistics for stores<\/h3>\n<p>At the end of February 2021, we received the keys to our newly built, modern and environmentally classified facility at Ljusekulla, just outside Helsingborg. It is here that our new \u201chousing concept\u201d will be implemented. The new building, which covers an area of almost 11,000 m\u00b2, will function as a terminal for the handling of frozen and refrigerated food and will also provide other services such as warehousing, cross-docking and display pallet construction.<\/p>\n<p>The facility at Ljusekulla has been designed to meet the needs of operators who have a large number of deliveries to stores and who require increased co-shipment and stock picking from different producers. With the food hub of Helsingborg as the starting point, the new facility will primarily enable us to reach the food industry in southern Sweden.[\/vc_column_text][\/vc_column][vc_column width=&#8221;1\/5&#8243;][\/vc_column][\/vc_row][vc_row el_class=&#8221;bigblock2&#8243;][vc_column width=&#8221;1\/2&#8243;][vc_single_image image=&#8221;1891&#8243; img_size=&#8221;medium&#8221;][\/vc_column][vc_column width=&#8221;1\/2&#8243; el_class=&#8221;textblock&#8221; offset=&#8221;vc_hidden-xs&#8221;][vc_column_text]<\/p>\n<h3>Benefits<\/h3>\n<p>Food that needs to be handled in different temperature zones will be able to be handled under one and the same roof. We will also reduce our environmental impact in comparison with the facilities that we are now phasing out. Despite the smaller total area, we will be able to handle more goods and make more efficient use of the area at our disposal. The new facility will enable us to reduce the length of our transport routes and will create a better and safer work environment.<\/p>\n<p>Furthermore, stores will have fewer incoming shipments to handle than in the past thanks to consolidated store deliveries.[\/vc_column_text][\/vc_column][\/vc_row][vc_row el_class=&#8221;textblock&#8221;][vc_column offset=&#8221;vc_hidden-lg vc_hidden-md vc_hidden-sm&#8221;][vc_column_text]<\/p>\n<h3>Benefits<\/h3>\n<p>Food that needs to be handled in different temperature zones will be able to be handled under one and the same roof. We will also reduce our environmental impact in comparison with the facilities that we are now phasing out. Despite the smaller total area, we will be able to handle more goods and make more efficient use of the area at our disposal. The new facility will enable us to reduce the length of our transport routes and will create a better and safer work environment.<\/p>\n<p>Furthermore, stores will have fewer incoming shipments to handle than in the past thanks to consolidated store deliveries.[\/vc_column_text][\/vc_column][\/vc_row][vc_row el_class=&#8221;darkgreenbg whitetext&#8221;][vc_column width=&#8221;1\/2&#8243; el_class=&#8221;textblock&#8221; offset=&#8221;vc_hidden-xs&#8221;][vc_column_text]<\/p>\n<h3>Welcome to Team Frigoscandia<\/h3>\n<p>Since the start of 2020, we have been working with our customers in regional teams. The regional sales teams consist of a regional salesperson, a production manager responsible for each site\/region, and customer support functions. Together, they provide good customer care in each region and work proactively based on our customers\u2019 specific needs.<\/p>\n<p>The teams work together to produce volume and production analyses, develop proposals for new solutions, prepare assignment specifications and agreements, and assist with the planning of deliveries and operations and the provision of ongoing reporting and operational monitoring for our customers, with Ljusekulla as the starting point.[\/vc_column_text][\/vc_column][vc_column width=&#8221;1\/2&#8243;][vc_single_image image=&#8221;1954&#8243; img_size=&#8221;&#8221;][\/vc_column][\/vc_row][vc_row el_class=&#8221;textblock&#8221;][vc_column offset=&#8221;vc_hidden-lg vc_hidden-md vc_hidden-sm&#8221;][vc_column_text]<\/p>\n<h3>Welcome to Team Frigoscandia<\/h3>\n<p>Since the start of 2020, we have been working with our customers in regional teams. The regional sales teams consist of a regional salesperson, a production manager responsible for each site\/region, and customer support functions. Together, they provide good customer care in each region and work proactively based on our customers\u2019 specific needs.<\/p>\n<p>The teams work together to produce volume and production analyses, develop proposals for new solutions, prepare assignment specifications and agreements, and assist with the planning of deliveries and operations and the provision of ongoing reporting and operational monitoring for our customers, with Ljusekulla as the starting point.[\/vc_column_text][\/vc_column][\/vc_row][vc_row][vc_column width=&#8221;1\/2&#8243; offset=&#8221;vc_hidden-xs&#8221;][vc_single_image image=&#8221;3780&#8243; img_size=&#8221;&#8221;][\/vc_column][vc_column width=&#8221;1\/2&#8243; el_class=&#8221;textblock&#8221; offset=&#8221;vc_hidden-xs&#8221;][vc_column_text]<\/p>\n<h3>Environmentally classified building<\/h3>\n<p>The new building at Ljusekulla is environmentally classified, with electricity supply from hydropower and plans for a solar power plant. The building is also self-sufficient when it comes to hot water and heating thanks to the recovery of energy from the refrigeration and freezing facilities. The automatic loading dock doors are weatherproof to reduce energy consumption.<\/p>\n<p>The facility will also provide electrical connection to enable trucks to maintain the correct temperature in their refrigeration units without the need for idling.[\/vc_column_text][\/vc_column][\/vc_row][vc_row el_class=&#8221;textblock&#8221;][vc_column offset=&#8221;vc_hidden-lg vc_hidden-md vc_hidden-sm&#8221;][vc_column_text]<\/p>\n<h3>Environmentally classified building<\/h3>\n<p>The new building at Ljusekulla is environmentally classified, with electricity supply from hydropower and plans for a solar power plant. The building is also self-sufficient when it comes to hot water and heating thanks to the recovery of energy from the refrigeration and freezing facilities. The automatic loading dock doors are weatherproof to reduce energy consumption.<\/p>\n<p>The facility will also provide electrical connection to enable trucks to maintain the correct temperature in their refrigeration units without the need for idling.[\/vc_column_text][\/vc_column][\/vc_row][vc_row][vc_column width=&#8221;1\/2&#8243; el_class=&#8221;textblock&#8221; offset=&#8221;vc_hidden-xs&#8221;][vc_column_text]<\/p>\n<h3>Facts &#8211; Ljusekulla<\/h3>\n<p><strong>Address:<\/strong> Kardangatan 21, Helsingborg<br \/>\n<strong>Total area:<\/strong> 10,880 m\u00b2, of which 5,157m\u00b2 cold storage, 3,664 m\u00b2 refrigerated terminal, 1,000 m\u00b2 frozen storage &amp; 784 m\u00b2 offices<br \/>\n<strong>No. of employees:<\/strong> 49, of which 23 are subject to collective agreement<br \/>\n<strong>Bring Frigo \u00c5keri:<\/strong> around 50 drivers will commence their routes from the new facility on a daily basis<br \/>\n<strong>Refrigerant:<\/strong> Ammonia<\/p>\n<p>[\/vc_column_text][\/vc_column][vc_column width=&#8221;1\/2&#8243;][vc_single_image image=&#8221;1867&#8243; img_size=&#8221;&#8221;][\/vc_column][\/vc_row][vc_row el_class=&#8221;textblock&#8221;][vc_column offset=&#8221;vc_hidden-lg vc_hidden-md vc_hidden-sm&#8221;][vc_column_text]<\/p>\n<h3>Facts &#8211; Ljusekulla<\/h3>\n<p><strong>Address:<\/strong> Kardangatan 21, Helsingborg<br \/>\n<strong>Total area:<\/strong> 10,880 m\u00b2, of which 5,157m\u00b2 cold storage, 3,664 m\u00b2 refrigerated terminal, 1,000 m\u00b2 frozen storage &amp; 784 m\u00b2 offices<br \/>\n<strong>No. of employees:<\/strong> 49, of which 23 are subject to collective agreement<br \/>\n<strong>Bring Frigo \u00c5keri:<\/strong> around 50 drivers will commence their routes from the new facility on a daily basis<br \/>\n<strong>Refrigerant:<\/strong> Ammonia<\/p>\n<p>[\/vc_column_text][\/vc_column][\/vc_row][vc_row][vc_column el_class=&#8221;imageback&#8221; css=&#8221;.vc_custom_1628757217677{background-image: url(https:\/\/frigoscandia.com\/wp-content\/uploads\/2021\/08\/FRIGO_imagebild_homepage_1400x580px_textyta_PA_2.jpg?id=3215) !important;}&#8221;][vc_column_text]<\/p>\n<h3>Food supply with the Nordic region as home market<\/h3>\n<p>Do you have questions about how your company\u2019s food logistics could be optimised and better integrated into your business operations? We possess the right knowledge and have the logistics network to find the optimal solution for you. Please feel free to contact us.[\/vc_column_text][vc_btn title=&#8221;Price Inquiry&#8221; color=&#8221;green&#8221; align=&#8221;center&#8221; link=&#8221;url:mailto%3Achrister.sering%40bring.com|title:Instresseanm%C3%A4lan%20Ljusekulla&#8221; el_id=&#8221;Ljusekulla&#8221;][\/vc_column][\/vc_row]<\/p>\n<\/div>","protected":false},"excerpt":{"rendered":"<p>[vc_row][vc_column width=&#8221;1\/5&#8243;][\/vc_column][vc_column width=&#8221;3\/5&#8243; css=&#8221;.vc_custom_1605618976198{margin-top: 30px !important;}&#8221;][vc_column_text] More efficient and environmentally-friendly logistics for stores At the end of February 2021, we received the keys to our newly built, modern and environmentally classified facility at Ljusekulla, just outside Helsingborg. It is here that our new \u201chousing concept\u201d will be implemented. The new building, which covers an area [&#8230;]<\/p>\n<p><a class=\"btn btn-secondary understrap-read-more-link\" href=\"https:\/\/frigoscandia.com\/en\/warehouse\/ljusekulla\/\">Read More&#8230;<\/a><\/p>\n","protected":false},"author":2,"featured_media":0,"parent":2174,"menu_order":0,"comment_status":"closed","ping_status":"closed","template":"","meta":{"_acf_changed":false,"footnotes":""},"class_list":["post-2816","page","type-page","status-publish","hentry"],"acf":[],"yoast_head":"<!-- This site is optimized with the Yoast SEO plugin v27.6 - https:\/\/yoast.com\/product\/yoast-seo-wordpress\/ -->\n<title>Ljusekulla Distributionscenter - Frigoscandia<\/title>\n<meta name=\"description\" content=\"Anl\u00e4ggningen p\u00e5 Ljusekulla \u00e4r anpassad till de akt\u00f6rer som har m\u00e5nga leveranser ut till butiksledet. Som efters\u00f6ker en \u00f6kad samk\u00f6rning och lagerplockning fr\u00e5n olika producenter.\" \/>\n<meta name=\"robots\" content=\"index, follow, max-snippet:-1, max-image-preview:large, max-video-preview:-1\" \/>\n<link rel=\"canonical\" href=\"https:\/\/frigoscandia.com\/en\/warehouse\/ljusekulla\/\" \/>\n<meta property=\"og:locale\" content=\"en_US\" \/>\n<meta property=\"og:type\" content=\"article\" \/>\n<meta property=\"og:title\" content=\"Ljusekulla Distributionscenter - Frigoscandia\" \/>\n<meta property=\"og:description\" content=\"Anl\u00e4ggningen p\u00e5 Ljusekulla \u00e4r anpassad till de akt\u00f6rer som har m\u00e5nga leveranser ut till butiksledet. Som efters\u00f6ker en \u00f6kad samk\u00f6rning och lagerplockning fr\u00e5n olika producenter.\" \/>\n<meta property=\"og:url\" content=\"https:\/\/frigoscandia.com\/en\/warehouse\/ljusekulla\/\" \/>\n<meta property=\"og:site_name\" content=\"Frigoscandia\" \/>\n<meta property=\"article:modified_time\" content=\"2022-05-24T07:39:33+00:00\" \/>\n<meta name=\"twitter:card\" content=\"summary_large_image\" \/>\n<meta name=\"twitter:label1\" content=\"Est. reading time\" \/>\n\t<meta name=\"twitter:data1\" content=\"5 minutes\" \/>\n<script type=\"application\/ld+json\" class=\"yoast-schema-graph\">{\"@context\":\"https:\\\/\\\/schema.org\",\"@graph\":[{\"@type\":\"WebPage\",\"@id\":\"https:\\\/\\\/frigoscandia.com\\\/en\\\/warehouse\\\/ljusekulla\\\/\",\"url\":\"https:\\\/\\\/frigoscandia.com\\\/en\\\/warehouse\\\/ljusekulla\\\/\",\"name\":\"Ljusekulla Distributionscenter - Frigoscandia\",\"isPartOf\":{\"@id\":\"https:\\\/\\\/frigoscandia.com\\\/#website\"},\"datePublished\":\"2021-02-23T19:00:18+00:00\",\"dateModified\":\"2022-05-24T07:39:33+00:00\",\"description\":\"Anl\u00e4ggningen p\u00e5 Ljusekulla \u00e4r anpassad till de akt\u00f6rer som har m\u00e5nga leveranser ut till butiksledet. Som efters\u00f6ker en \u00f6kad samk\u00f6rning och lagerplockning fr\u00e5n olika producenter.\",\"breadcrumb\":{\"@id\":\"https:\\\/\\\/frigoscandia.com\\\/en\\\/warehouse\\\/ljusekulla\\\/#breadcrumb\"},\"inLanguage\":\"en-US\",\"potentialAction\":[{\"@type\":\"ReadAction\",\"target\":[\"https:\\\/\\\/frigoscandia.com\\\/en\\\/warehouse\\\/ljusekulla\\\/\"]}]},{\"@type\":\"BreadcrumbList\",\"@id\":\"https:\\\/\\\/frigoscandia.com\\\/en\\\/warehouse\\\/ljusekulla\\\/#breadcrumb\",\"itemListElement\":[{\"@type\":\"ListItem\",\"position\":1,\"name\":\"Hem\",\"item\":\"https:\\\/\\\/frigoscandia.com\\\/en\\\/\"},{\"@type\":\"ListItem\",\"position\":2,\"name\":\"Our warehousing solutions\",\"item\":\"https:\\\/\\\/frigoscandia.com\\\/en\\\/warehouse\\\/\"},{\"@type\":\"ListItem\",\"position\":3,\"name\":\"Ljusekulla Warehouse-\\\/terminal\"}]},{\"@type\":\"WebSite\",\"@id\":\"https:\\\/\\\/frigoscandia.com\\\/#website\",\"url\":\"https:\\\/\\\/frigoscandia.com\\\/\",\"name\":\"Frigoscandia\",\"description\":\"Frakttj\u00e4nster\",\"publisher\":{\"@id\":\"https:\\\/\\\/frigoscandia.com\\\/#organization\"},\"potentialAction\":[{\"@type\":\"SearchAction\",\"target\":{\"@type\":\"EntryPoint\",\"urlTemplate\":\"https:\\\/\\\/frigoscandia.com\\\/?s={search_term_string}\"},\"query-input\":{\"@type\":\"PropertyValueSpecification\",\"valueRequired\":true,\"valueName\":\"search_term_string\"}}],\"inLanguage\":\"en-US\"},{\"@type\":\"Organization\",\"@id\":\"https:\\\/\\\/frigoscandia.com\\\/#organization\",\"name\":\"Frigoscandia\",\"url\":\"https:\\\/\\\/frigoscandia.com\\\/\",\"logo\":{\"@type\":\"ImageObject\",\"inLanguage\":\"en-US\",\"@id\":\"https:\\\/\\\/frigoscandia.com\\\/#\\\/schema\\\/logo\\\/image\\\/\",\"url\":\"https:\\\/\\\/frigoscandia.com\\\/wp-content\\\/uploads\\\/2021\\\/07\\\/Frigoscandia_logo.png\",\"contentUrl\":\"https:\\\/\\\/frigoscandia.com\\\/wp-content\\\/uploads\\\/2021\\\/07\\\/Frigoscandia_logo.png\",\"width\":2362,\"height\":341,\"caption\":\"Frigoscandia\"},\"image\":{\"@id\":\"https:\\\/\\\/frigoscandia.com\\\/#\\\/schema\\\/logo\\\/image\\\/\"}}]}<\/script>\n<!-- \/ Yoast SEO plugin. -->","yoast_head_json":{"title":"Ljusekulla Distributionscenter - Frigoscandia","description":"Anl\u00e4ggningen p\u00e5 Ljusekulla \u00e4r anpassad till de akt\u00f6rer som har m\u00e5nga leveranser ut till butiksledet. Som efters\u00f6ker en \u00f6kad samk\u00f6rning och lagerplockning fr\u00e5n olika producenter.","robots":{"index":"index","follow":"follow","max-snippet":"max-snippet:-1","max-image-preview":"max-image-preview:large","max-video-preview":"max-video-preview:-1"},"canonical":"https:\/\/frigoscandia.com\/en\/warehouse\/ljusekulla\/","og_locale":"en_US","og_type":"article","og_title":"Ljusekulla Distributionscenter - Frigoscandia","og_description":"Anl\u00e4ggningen p\u00e5 Ljusekulla \u00e4r anpassad till de akt\u00f6rer som har m\u00e5nga leveranser ut till butiksledet. Som efters\u00f6ker en \u00f6kad samk\u00f6rning och lagerplockning fr\u00e5n olika producenter.","og_url":"https:\/\/frigoscandia.com\/en\/warehouse\/ljusekulla\/","og_site_name":"Frigoscandia","article_modified_time":"2022-05-24T07:39:33+00:00","twitter_card":"summary_large_image","twitter_misc":{"Est. reading time":"5 minutes"},"schema":{"@context":"https:\/\/schema.org","@graph":[{"@type":"WebPage","@id":"https:\/\/frigoscandia.com\/en\/warehouse\/ljusekulla\/","url":"https:\/\/frigoscandia.com\/en\/warehouse\/ljusekulla\/","name":"Ljusekulla Distributionscenter - Frigoscandia","isPartOf":{"@id":"https:\/\/frigoscandia.com\/#website"},"datePublished":"2021-02-23T19:00:18+00:00","dateModified":"2022-05-24T07:39:33+00:00","description":"Anl\u00e4ggningen p\u00e5 Ljusekulla \u00e4r anpassad till de akt\u00f6rer som har m\u00e5nga leveranser ut till butiksledet. Som efters\u00f6ker en \u00f6kad samk\u00f6rning och lagerplockning fr\u00e5n olika producenter.","breadcrumb":{"@id":"https:\/\/frigoscandia.com\/en\/warehouse\/ljusekulla\/#breadcrumb"},"inLanguage":"en-US","potentialAction":[{"@type":"ReadAction","target":["https:\/\/frigoscandia.com\/en\/warehouse\/ljusekulla\/"]}]},{"@type":"BreadcrumbList","@id":"https:\/\/frigoscandia.com\/en\/warehouse\/ljusekulla\/#breadcrumb","itemListElement":[{"@type":"ListItem","position":1,"name":"Hem","item":"https:\/\/frigoscandia.com\/en\/"},{"@type":"ListItem","position":2,"name":"Our warehousing solutions","item":"https:\/\/frigoscandia.com\/en\/warehouse\/"},{"@type":"ListItem","position":3,"name":"Ljusekulla Warehouse-\/terminal"}]},{"@type":"WebSite","@id":"https:\/\/frigoscandia.com\/#website","url":"https:\/\/frigoscandia.com\/","name":"Frigoscandia","description":"Frakttj\u00e4nster","publisher":{"@id":"https:\/\/frigoscandia.com\/#organization"},"potentialAction":[{"@type":"SearchAction","target":{"@type":"EntryPoint","urlTemplate":"https:\/\/frigoscandia.com\/?s={search_term_string}"},"query-input":{"@type":"PropertyValueSpecification","valueRequired":true,"valueName":"search_term_string"}}],"inLanguage":"en-US"},{"@type":"Organization","@id":"https:\/\/frigoscandia.com\/#organization","name":"Frigoscandia","url":"https:\/\/frigoscandia.com\/","logo":{"@type":"ImageObject","inLanguage":"en-US","@id":"https:\/\/frigoscandia.com\/#\/schema\/logo\/image\/","url":"https:\/\/frigoscandia.com\/wp-content\/uploads\/2021\/07\/Frigoscandia_logo.png","contentUrl":"https:\/\/frigoscandia.com\/wp-content\/uploads\/2021\/07\/Frigoscandia_logo.png","width":2362,"height":341,"caption":"Frigoscandia"},"image":{"@id":"https:\/\/frigoscandia.com\/#\/schema\/logo\/image\/"}}]}},"_links":{"self":[{"href":"https:\/\/frigoscandia.com\/en\/wp-json\/wp\/v2\/pages\/2816","targetHints":{"allow":["GET"]}}],"collection":[{"href":"https:\/\/frigoscandia.com\/en\/wp-json\/wp\/v2\/pages"}],"about":[{"href":"https:\/\/frigoscandia.com\/en\/wp-json\/wp\/v2\/types\/page"}],"author":[{"embeddable":true,"href":"https:\/\/frigoscandia.com\/en\/wp-json\/wp\/v2\/users\/2"}],"replies":[{"embeddable":true,"href":"https:\/\/frigoscandia.com\/en\/wp-json\/wp\/v2\/comments?post=2816"}],"version-history":[{"count":11,"href":"https:\/\/frigoscandia.com\/en\/wp-json\/wp\/v2\/pages\/2816\/revisions"}],"predecessor-version":[{"id":5008,"href":"https:\/\/frigoscandia.com\/en\/wp-json\/wp\/v2\/pages\/2816\/revisions\/5008"}],"up":[{"embeddable":true,"href":"https:\/\/frigoscandia.com\/en\/wp-json\/wp\/v2\/pages\/2174"}],"wp:attachment":[{"href":"https:\/\/frigoscandia.com\/en\/wp-json\/wp\/v2\/media?parent=2816"}],"curies":[{"name":"wp","href":"https:\/\/api.w.org\/{rel}","templated":true}]}}