{"id":2697,"date":"2020-12-15T08:48:08","date_gmt":"2020-12-15T08:48:08","guid":{"rendered":"https:\/\/frigoscandia.com\/logistikoptimering\/"},"modified":"2021-08-12T08:59:10","modified_gmt":"2021-08-12T08:59:10","slug":"logistikoptimering","status":"publish","type":"page","link":"https:\/\/frigoscandia.com\/en\/logistikoptimering\/","title":{"rendered":"Optimerad logistik"},"content":{"rendered":"<div class=\"wpb-content-wrapper\"><p>[vc_row el_class=&#8221;bigblock2&#8243;][vc_column width=&#8221;1\/2&#8243; el_class=&#8221;textblock&#8221; offset=&#8221;vc_hidden-xs&#8221;][vc_column_text]<strong>B\u00e4sta v\u00e4gen fram\u00e5t<\/strong><\/p>\n<div>V\u00e5r know-how \u00e4r ingen tillf\u00e4llighet. Som f\u00f6retag har vi varit delaktiga och drivande i praktiskt taget alla de framsteg som gjorts inom modern tempererad livsmedelslogistik. Vi har ett omfattande n\u00e4tverk av terminaler och lager som kombinerat med en stor fordonsflotta och gedigen kunskap om livsmedelshantering inneb\u00e4r oslagbara m\u00f6jligheter f\u00f6r dig att utveckla din verksamhet, f\u00f6rb\u00e4ttra serviceniv\u00e5n mot dina kunder samt effektivt n\u00e5 fler och nya marknader.<\/div>\n<p>[\/vc_column_text][\/vc_column][vc_column width=&#8221;1\/2&#8243;][vc_single_image image=&#8221;934&#8243; img_size=&#8221;medium&#8221;][\/vc_column][\/vc_row][vc_row el_class=&#8221;textblock&#8221;][vc_column offset=&#8221;vc_hidden-lg vc_hidden-md vc_hidden-sm&#8221;][vc_column_text]<strong>B\u00e4sta v\u00e4gen fram\u00e5t<\/strong><\/p>\n<div>V\u00e5r know-how \u00e4r ingen tillf\u00e4llighet. Som f\u00f6retag har vi varit delaktiga och drivande i praktiskt taget alla de framsteg som gjorts inom modern tempererad livsmedelslogistik. Vi har ett omfattande n\u00e4tverk av terminaler och lager som kombinerat med en stor fordonsflotta och gedigen kunskap om livsmedelshantering inneb\u00e4r oslagbara m\u00f6jligheter f\u00f6r dig att utveckla din verksamhet, f\u00f6rb\u00e4ttra serviceniv\u00e5n mot dina kunder samt effektivt n\u00e5 fler och nya marknader.<\/div>\n<p>[\/vc_column_text][\/vc_column][\/vc_row][vc_row el_class=&#8221;bigblock2&#8243;][vc_column width=&#8221;1\/2&#8243;][vc_single_image image=&#8221;1728&#8243; img_size=&#8221;&#8221;][\/vc_column][vc_column width=&#8221;1\/2&#8243; el_class=&#8221;textblock&#8221; offset=&#8221;vc_hidden-xs&#8221;][vc_column_text]<\/p>\n<h3>Information i realtid och transportplanering<\/h3>\n<p>F\u00f6r oss handlar logistikoptimering \u00e4ven om hur vi kan skapa kundnytta och interagera i den bransch vi verkar i. Hur tar vi tillvara p\u00e5 f\u00f6rdelen av digitaliseringen och underl\u00e4ttar vardagen f\u00f6r b\u00e5de avs\u00e4ndare och mottagare? Under 2021 kommer vi att lansera en kundportal d\u00e4r vi samlar relevant information som v\u00e5ra kunder sj\u00e4lva kan ta del av.[\/vc_column_text][\/vc_column][\/vc_row][vc_row el_class=&#8221;textblock&#8221;][vc_column offset=&#8221;vc_hidden-lg vc_hidden-md vc_hidden-sm&#8221;][vc_column_text]<\/p>\n<h3>Information i realtid och transportplanering<\/h3>\n<p>F\u00f6r oss handlar logistikoptimering \u00e4ven om hur vi kan skapa kundnytta och integrera i den bransch vi verkar i. Hur tar vi tillvara p\u00e5 f\u00f6rdelen av digitaliseringen och underl\u00e4ttar vardagen f\u00f6r b\u00e5de avs\u00e4ndare och mottagare? Under 2021 kommer vi att lansera en kundportal d\u00e4r vi samlar relevant information som v\u00e5ra kunder sj\u00e4lva kan ta del av.[\/vc_column_text][\/vc_column][\/vc_row][vc_row el_class=&#8221;bigblock2&#8243;][vc_column width=&#8221;1\/2&#8243; el_class=&#8221;textblock&#8221; offset=&#8221;vc_hidden-xs&#8221;][vc_column_text]<\/p>\n<h3>Projekt SavingFood<\/h3>\n<p>En stor fr\u00e5ga p\u00e5 dagordningen f\u00f6r v\u00e5ra kunder \u00e4r matsvinn. Fr\u00e5gan handlar ofta om vad slutkonsumenten kan g\u00f6ra f\u00f6r insatser f\u00f6r att minimera matsvinnet. Samtidigt uppst\u00e5r ett matsvinn n\u00e4r producerad mat inte m\u00f6ter en f\u00f6rv\u00e4ntad efterfr\u00e5gan och d\u00e4rf\u00f6r aldrig n\u00e5r fram till butiken eller konsumenten. SavingFood riktar sig till landets varu\u00e4gare, som genom v\u00e5rt initiativ enkelt n\u00e5r hj\u00e4lporganisationer runt om i landet.\u00a0Vill du l\u00e4sa mera om initiativet g\u00e5r det bra att g\u00f6ra det p\u00e5 <a href=\"https:\/\/savingfood.se\/\" target=\"_blank\" rel=\"noopener\">savingfood.se<\/a>[\/vc_column_text][\/vc_column][vc_column width=&#8221;1\/2&#8243;][vc_single_image image=&#8221;1341&#8243; img_size=&#8221;&#8221;][\/vc_column][\/vc_row][vc_row el_class=&#8221;textblock&#8221;][vc_column offset=&#8221;vc_hidden-lg vc_hidden-md vc_hidden-sm&#8221;][vc_column_text]<\/p>\n<h3>Projekt Savingfood<\/h3>\n<p>En stor fr\u00e5ga p\u00e5 dagordningen f\u00f6r v\u00e5ra kunder \u00e4r matsvinn. Fr\u00e5gan handlar ofta om vad slutkonsumenten kan g\u00f6ra f\u00f6r insatser f\u00f6r att minimera det, samtidigt finns det ett matsvinn n\u00e4r mat som producerats aldrig n\u00e5r fram till en butik, det kan vara mat som producerats men som inte m\u00f6tt en f\u00f6rv\u00e4ntad efterfr\u00e5gan. V\u00e5rt inititativ heter Savingfood som riktar sig till landets varu\u00e4gare, som i sin tur genom v\u00e5rt initiativ enkelt n\u00e5r mottagarorganisationer runt om i landet. Vill du l\u00e4sa mera om initiativet g\u00e5r det bra att g\u00f6ra det p\u00e5 <a href=\"https:\/\/savingfood.se\/\" target=\"_blank\" rel=\"noopener\">savingfood.se<\/a>[\/vc_column_text][\/vc_column][\/vc_row][vc_row el_class=&#8221;bigblock2&#8243;][vc_column width=&#8221;1\/2&#8243;][vc_single_image image=&#8221;921&#8243; img_size=&#8221;medium&#8221;][\/vc_column][vc_column width=&#8221;1\/2&#8243; el_class=&#8221;textblock&#8221; offset=&#8221;vc_hidden-xs&#8221;][vc_column_text]<\/p>\n<div><strong>Optimering ur ett milj\u00f6perspektiv<\/strong><br \/>\nOfta g\u00e5r fl\u00f6des- och trafikoptimering hand i hand med milj\u00f6fr\u00e5gor. P\u00e5 kort sikt \u00e4r det viktigt att kunna erbjuda en modern fordonsflotta, k\u00f6ra med fulla lastutrymmen, ha en bra planering mellan avs\u00e4ndare och mottagare, men \u00e4ven att bygga milj\u00f6klassade lagerbyggnader. Det \u00e4r viktigt f\u00f6r oss att driva p\u00e5 \u00f6verg\u00e5ngen till fossilfritt drivmedel. V\u00e5rt uttalade m\u00e5l \u00e4r att vara 100% fossilfria \u00e5r 2025.<\/div>\n<div><strong><br \/>\nTransporter f\u00f6r alla behov\u00a0<\/strong><br \/>\nFrigoscandia erbjuder alla typer av transporter f\u00f6r temperaturk\u00e4nsligt gods \u2013 fr\u00e5n full last i plomberad container till enstaka hemtransporter. Vi har flexibla och kostnadseffektiva l\u00f6sningar som inneb\u00e4r att ni kan ge era kunder en b\u00e4ttre service.<\/div>\n<p>[\/vc_column_text][\/vc_column][\/vc_row][vc_row el_class=&#8221;textblock&#8221;][vc_column offset=&#8221;vc_hidden-lg vc_hidden-md vc_hidden-sm&#8221;][vc_column_text]<\/p>\n<div><strong>Optimering ur ett milj\u00f6perspektiv<\/strong><br \/>\nOfta g\u00e5r fl\u00f6des- och trafikoptimering hand i hand med milj\u00f6fr\u00e5gor. P\u00e5 kort sikt \u00e4r det viktigt att kunna erbjuda en modern fordonsflotta, k\u00f6ra med fulla lastutrymmen, ha en bra planering mellan avs\u00e4ndare och mottagare, men \u00e4ven att bygga milj\u00f6klassade lagerbyggnader. Att driva p\u00e5 en \u00f6verg\u00e5ng till fossilfrit drivmedel \u00e4r viktigt f\u00f6r oss, d\u00e4r v\u00e5rt uttalade m\u00e5l \u00e4r att vara 100% fossilfria \u00e5r 2025.<\/div>\n<div><strong><br \/>\nTransporter f\u00f6r alla behov\u00a0<\/strong><br \/>\nBring Frigo erbjuder alla typer av transporter f\u00f6r temperaturk\u00e4nsligt gods \u2013 fr\u00e5n full last i plomberad container till enstaka hemtransporter. Vi har flexibla och kostnadseffektiva l\u00f6sningar som inneb\u00e4r att ni kan ge era kunder en b\u00e4ttre service.<\/div>\n<p>[\/vc_column_text][\/vc_column][\/vc_row][vc_row][vc_column css=&#8221;.vc_custom_1628758745053{background-image: url(https:\/\/frigoscandia.com\/wp-content\/uploads\/2021\/08\/FRIGO_imagebild_homepage_1400x580px_textyta_PA_2.jpg?id=3214) !important;}&#8221; el_class=&#8221;imageback&#8221;][vc_column_text]<\/p>\n<h3>Matf\u00f6rs\u00f6rjning med Norden som hemmamarknad<\/h3>\n<p>Har ni fr\u00e5gor kring hur ert f\u00f6retags livsmedelslogistik skulle kunna optimeras och integreras b\u00e4ttre in i er verksamhet? Vi har den r\u00e4tta kunskapen och logistikn\u00e4tverket f\u00f6r att hitta er optimala l\u00f6sning. Tveka inte att h\u00f6ra av er till oss.[\/vc_column_text][vc_btn title=&#8221;Offertf\u00f6rfr\u00e5gan&#8221; color=&#8221;green&#8221; align=&#8221;center&#8221; link=&#8221;url:https%3A%2F%2Ffrigoscandia.com%2Fbegar-offert%2F|title:Beg%C3%A4r%20offert&#8221;][\/vc_column][\/vc_row]<\/p>\n<\/div>","protected":false},"excerpt":{"rendered":"<p>[vc_row el_class=&#8221;bigblock2&#8243;][vc_column width=&#8221;1\/2&#8243; el_class=&#8221;textblock&#8221; offset=&#8221;vc_hidden-xs&#8221;][vc_column_text]B\u00e4sta v\u00e4gen fram\u00e5t V\u00e5r know-how \u00e4r ingen tillf\u00e4llighet. Som f\u00f6retag har vi varit delaktiga och drivande i praktiskt taget alla de framsteg som gjorts inom modern tempererad livsmedelslogistik. Vi har ett omfattande n\u00e4tverk av terminaler och lager som kombinerat med en stor fordonsflotta och gedigen kunskap om livsmedelshantering inneb\u00e4r oslagbara m\u00f6jligheter [&#8230;]<\/p>\n<p><a class=\"btn btn-secondary understrap-read-more-link\" href=\"https:\/\/frigoscandia.com\/en\/logistikoptimering\/\">Read More&#8230;<\/a><\/p>\n","protected":false},"author":2,"featured_media":0,"parent":0,"menu_order":0,"comment_status":"closed","ping_status":"closed","template":"","meta":{"_acf_changed":false,"footnotes":""},"class_list":["post-2697","page","type-page","status-publish","hentry"],"acf":[],"yoast_head":"<!-- This site is optimized with the Yoast SEO plugin v27.5 - https:\/\/yoast.com\/product\/yoast-seo-wordpress\/ -->\n<title>Optimerad logistik - Bring Frigo<\/title>\n<meta name=\"description\" content=\"Hur tar vi tillvara p\u00e5 f\u00f6rdelen av digitaliseringen och underl\u00e4ttar vardagen f\u00f6r b\u00e5de avs\u00e4ndare och mottagare? Under 2021 kommer vi att lansera en kundportal d\u00e4r vi samlar relevant information som v\u00e5ra kunder sj\u00e4lva kan ta del av.\" \/>\n<meta name=\"robots\" content=\"index, follow, max-snippet:-1, max-image-preview:large, max-video-preview:-1\" \/>\n<link rel=\"canonical\" href=\"https:\/\/frigoscandia.com\/en\/logistikoptimering\/\" \/>\n<meta property=\"og:locale\" content=\"en_US\" \/>\n<meta property=\"og:type\" content=\"article\" \/>\n<meta property=\"og:title\" content=\"Optimerad logistik - Bring Frigo\" \/>\n<meta property=\"og:description\" content=\"Hur tar vi tillvara p\u00e5 f\u00f6rdelen av digitaliseringen och underl\u00e4ttar vardagen f\u00f6r b\u00e5de avs\u00e4ndare och mottagare? Under 2021 kommer vi att lansera en kundportal d\u00e4r vi samlar relevant information som v\u00e5ra kunder sj\u00e4lva kan ta del av.\" \/>\n<meta property=\"og:url\" content=\"https:\/\/frigoscandia.com\/en\/logistikoptimering\/\" \/>\n<meta property=\"og:site_name\" content=\"Frigoscandia\" \/>\n<meta property=\"article:modified_time\" content=\"2021-08-12T08:59:10+00:00\" \/>\n<meta name=\"twitter:card\" content=\"summary_large_image\" \/>\n<meta name=\"twitter:label1\" content=\"Est. reading time\" \/>\n\t<meta name=\"twitter:data1\" content=\"4 minutes\" \/>\n<script type=\"application\/ld+json\" class=\"yoast-schema-graph\">{\"@context\":\"https:\\\/\\\/schema.org\",\"@graph\":[{\"@type\":\"WebPage\",\"@id\":\"https:\\\/\\\/frigoscandia.com\\\/en\\\/logistikoptimering\\\/\",\"url\":\"https:\\\/\\\/frigoscandia.com\\\/en\\\/logistikoptimering\\\/\",\"name\":\"Optimerad logistik - Bring Frigo\",\"isPartOf\":{\"@id\":\"https:\\\/\\\/frigoscandia.com\\\/#website\"},\"datePublished\":\"2020-12-15T08:48:08+00:00\",\"dateModified\":\"2021-08-12T08:59:10+00:00\",\"description\":\"Hur tar vi tillvara p\u00e5 f\u00f6rdelen av digitaliseringen och underl\u00e4ttar vardagen f\u00f6r b\u00e5de avs\u00e4ndare och mottagare? Under 2021 kommer vi att lansera en kundportal d\u00e4r vi samlar relevant information som v\u00e5ra kunder sj\u00e4lva kan ta del av.\",\"breadcrumb\":{\"@id\":\"https:\\\/\\\/frigoscandia.com\\\/en\\\/logistikoptimering\\\/#breadcrumb\"},\"inLanguage\":\"en-US\",\"potentialAction\":[{\"@type\":\"ReadAction\",\"target\":[\"https:\\\/\\\/frigoscandia.com\\\/en\\\/logistikoptimering\\\/\"]}]},{\"@type\":\"BreadcrumbList\",\"@id\":\"https:\\\/\\\/frigoscandia.com\\\/en\\\/logistikoptimering\\\/#breadcrumb\",\"itemListElement\":[{\"@type\":\"ListItem\",\"position\":1,\"name\":\"Hem\",\"item\":\"https:\\\/\\\/frigoscandia.com\\\/en\\\/\"},{\"@type\":\"ListItem\",\"position\":2,\"name\":\"Optimerad logistik\"}]},{\"@type\":\"WebSite\",\"@id\":\"https:\\\/\\\/frigoscandia.com\\\/#website\",\"url\":\"https:\\\/\\\/frigoscandia.com\\\/\",\"name\":\"Frigoscandia\",\"description\":\"Frakttj\u00e4nster\",\"publisher\":{\"@id\":\"https:\\\/\\\/frigoscandia.com\\\/#organization\"},\"potentialAction\":[{\"@type\":\"SearchAction\",\"target\":{\"@type\":\"EntryPoint\",\"urlTemplate\":\"https:\\\/\\\/frigoscandia.com\\\/?s={search_term_string}\"},\"query-input\":{\"@type\":\"PropertyValueSpecification\",\"valueRequired\":true,\"valueName\":\"search_term_string\"}}],\"inLanguage\":\"en-US\"},{\"@type\":\"Organization\",\"@id\":\"https:\\\/\\\/frigoscandia.com\\\/#organization\",\"name\":\"Frigoscandia\",\"url\":\"https:\\\/\\\/frigoscandia.com\\\/\",\"logo\":{\"@type\":\"ImageObject\",\"inLanguage\":\"en-US\",\"@id\":\"https:\\\/\\\/frigoscandia.com\\\/#\\\/schema\\\/logo\\\/image\\\/\",\"url\":\"https:\\\/\\\/frigoscandia.com\\\/wp-content\\\/uploads\\\/2021\\\/07\\\/Frigoscandia_logo.png\",\"contentUrl\":\"https:\\\/\\\/frigoscandia.com\\\/wp-content\\\/uploads\\\/2021\\\/07\\\/Frigoscandia_logo.png\",\"width\":2362,\"height\":341,\"caption\":\"Frigoscandia\"},\"image\":{\"@id\":\"https:\\\/\\\/frigoscandia.com\\\/#\\\/schema\\\/logo\\\/image\\\/\"}}]}<\/script>\n<!-- \/ Yoast SEO plugin. -->","yoast_head_json":{"title":"Optimerad logistik - Bring Frigo","description":"Hur tar vi tillvara p\u00e5 f\u00f6rdelen av digitaliseringen och underl\u00e4ttar vardagen f\u00f6r b\u00e5de avs\u00e4ndare och mottagare? Under 2021 kommer vi att lansera en kundportal d\u00e4r vi samlar relevant information som v\u00e5ra kunder sj\u00e4lva kan ta del av.","robots":{"index":"index","follow":"follow","max-snippet":"max-snippet:-1","max-image-preview":"max-image-preview:large","max-video-preview":"max-video-preview:-1"},"canonical":"https:\/\/frigoscandia.com\/en\/logistikoptimering\/","og_locale":"en_US","og_type":"article","og_title":"Optimerad logistik - Bring Frigo","og_description":"Hur tar vi tillvara p\u00e5 f\u00f6rdelen av digitaliseringen och underl\u00e4ttar vardagen f\u00f6r b\u00e5de avs\u00e4ndare och mottagare? Under 2021 kommer vi att lansera en kundportal d\u00e4r vi samlar relevant information som v\u00e5ra kunder sj\u00e4lva kan ta del av.","og_url":"https:\/\/frigoscandia.com\/en\/logistikoptimering\/","og_site_name":"Frigoscandia","article_modified_time":"2021-08-12T08:59:10+00:00","twitter_card":"summary_large_image","twitter_misc":{"Est. reading time":"4 minutes"},"schema":{"@context":"https:\/\/schema.org","@graph":[{"@type":"WebPage","@id":"https:\/\/frigoscandia.com\/en\/logistikoptimering\/","url":"https:\/\/frigoscandia.com\/en\/logistikoptimering\/","name":"Optimerad logistik - Bring Frigo","isPartOf":{"@id":"https:\/\/frigoscandia.com\/#website"},"datePublished":"2020-12-15T08:48:08+00:00","dateModified":"2021-08-12T08:59:10+00:00","description":"Hur tar vi tillvara p\u00e5 f\u00f6rdelen av digitaliseringen och underl\u00e4ttar vardagen f\u00f6r b\u00e5de avs\u00e4ndare och mottagare? Under 2021 kommer vi att lansera en kundportal d\u00e4r vi samlar relevant information som v\u00e5ra kunder sj\u00e4lva kan ta del av.","breadcrumb":{"@id":"https:\/\/frigoscandia.com\/en\/logistikoptimering\/#breadcrumb"},"inLanguage":"en-US","potentialAction":[{"@type":"ReadAction","target":["https:\/\/frigoscandia.com\/en\/logistikoptimering\/"]}]},{"@type":"BreadcrumbList","@id":"https:\/\/frigoscandia.com\/en\/logistikoptimering\/#breadcrumb","itemListElement":[{"@type":"ListItem","position":1,"name":"Hem","item":"https:\/\/frigoscandia.com\/en\/"},{"@type":"ListItem","position":2,"name":"Optimerad logistik"}]},{"@type":"WebSite","@id":"https:\/\/frigoscandia.com\/#website","url":"https:\/\/frigoscandia.com\/","name":"Frigoscandia","description":"Frakttj\u00e4nster","publisher":{"@id":"https:\/\/frigoscandia.com\/#organization"},"potentialAction":[{"@type":"SearchAction","target":{"@type":"EntryPoint","urlTemplate":"https:\/\/frigoscandia.com\/?s={search_term_string}"},"query-input":{"@type":"PropertyValueSpecification","valueRequired":true,"valueName":"search_term_string"}}],"inLanguage":"en-US"},{"@type":"Organization","@id":"https:\/\/frigoscandia.com\/#organization","name":"Frigoscandia","url":"https:\/\/frigoscandia.com\/","logo":{"@type":"ImageObject","inLanguage":"en-US","@id":"https:\/\/frigoscandia.com\/#\/schema\/logo\/image\/","url":"https:\/\/frigoscandia.com\/wp-content\/uploads\/2021\/07\/Frigoscandia_logo.png","contentUrl":"https:\/\/frigoscandia.com\/wp-content\/uploads\/2021\/07\/Frigoscandia_logo.png","width":2362,"height":341,"caption":"Frigoscandia"},"image":{"@id":"https:\/\/frigoscandia.com\/#\/schema\/logo\/image\/"}}]}},"_links":{"self":[{"href":"https:\/\/frigoscandia.com\/en\/wp-json\/wp\/v2\/pages\/2697","targetHints":{"allow":["GET"]}}],"collection":[{"href":"https:\/\/frigoscandia.com\/en\/wp-json\/wp\/v2\/pages"}],"about":[{"href":"https:\/\/frigoscandia.com\/en\/wp-json\/wp\/v2\/types\/page"}],"author":[{"embeddable":true,"href":"https:\/\/frigoscandia.com\/en\/wp-json\/wp\/v2\/users\/2"}],"replies":[{"embeddable":true,"href":"https:\/\/frigoscandia.com\/en\/wp-json\/wp\/v2\/comments?post=2697"}],"version-history":[{"count":3,"href":"https:\/\/frigoscandia.com\/en\/wp-json\/wp\/v2\/pages\/2697\/revisions"}],"predecessor-version":[{"id":3378,"href":"https:\/\/frigoscandia.com\/en\/wp-json\/wp\/v2\/pages\/2697\/revisions\/3378"}],"wp:attachment":[{"href":"https:\/\/frigoscandia.com\/en\/wp-json\/wp\/v2\/media?parent=2697"}],"curies":[{"name":"wp","href":"https:\/\/api.w.org\/{rel}","templated":true}]}}