{"id":2292,"date":"2021-01-19T12:16:21","date_gmt":"2021-01-19T12:16:21","guid":{"rendered":"https:\/\/frigoscandia.com\/domestic-transport\/vara-terminaler\/"},"modified":"2022-10-10T12:00:44","modified_gmt":"2022-10-10T12:00:44","slug":"our-terminals-frigoscandia","status":"publish","type":"page","link":"https:\/\/frigoscandia.com\/en\/domestic-transport\/our-terminals-frigoscandia\/","title":{"rendered":"Our terminals"},"content":{"rendered":"<div class=\"wpb-content-wrapper\"><p>[vc_row el_class=&#8221;respfix1&#8243;][vc_column width=&#8221;1\/3&#8243; el_class=&#8221;textblock&#8221;][vc_column_text]<strong>Helsingborg\u00a0<\/strong><br \/>\nFrigoscandia<br \/>\nKardangatan 21<br \/>\nSE-256 66 Helsingborg<\/p>\n<p><strong>\u00d6rebro<\/strong><br \/>\nFrigoscandia<br \/>\nVattenverksv\u00e4gen 4<br \/>\nSE-702 27 \u00d6rebro<\/p>\n<p><strong>M\u00f6lnlycke<\/strong><br \/>\nFrigoscandia<br \/>\nFiberv\u00e4gen 2<br \/>\nSE-435 33 M\u00f6lnlycke[\/vc_column_text][\/vc_column][vc_column width=&#8221;1\/3&#8243; el_class=&#8221;textblock&#8221;][vc_column_text el_class=&#8221;textblock&#8221;]<strong>J\u00f6nk\u00f6ping<br \/>\n<\/strong>Frigoscandia<br \/>\nMutterv\u00e4gen 1<br \/>\nSE-553 02 J\u00f6nk\u00f6ping<\/p>\n<p><strong>Link\u00f6ping<\/strong><br \/>\nFrigoscandia<br \/>\nK\u00f6petorpsgatan 6<br \/>\nSE-582 78 Link\u00f6ping<\/p>\n<p><strong>Stockholm<\/strong><br \/>\nFrigoscandia<br \/>\nTraversv\u00e4gen 12<br \/>\nSE-136 50 Jordbro[\/vc_column_text][\/vc_column][vc_column width=&#8221;1\/3&#8243; el_class=&#8221;textblock&#8221;][vc_column_text el_class=&#8221;textblock&#8221;]<strong>V\u00e4ster\u00e5s<\/strong><br \/>\nFrigoscandia<br \/>\nS:ta Gertruds v\u00e4g<br \/>\nSE-721 32 V\u00e4ster\u00e5s<\/p>\n<p><strong>Sundsvall<\/strong><br \/>\nFrigoscandia<br \/>\nTimmerv\u00e4gen 6<br \/>\nSE-857 53 Sundsvall<\/p>\n<p><strong>Ume\u00e5<\/strong><br \/>\nFrigoscandia<br \/>\nKabelv\u00e4gen 1<br \/>\nSE-901 33 Ume\u00e5[\/vc_column_text][\/vc_column][\/vc_row][vc_row][vc_column][vc_gmaps link=&#8221;#E-8_JTNDaWZyYW1lJTIwc3JjJTNEJTIyaHR0cHMlM0ElMkYlMkZ3d3cuZ29vZ2xlLmNvbSUyRm1hcHMlMkZkJTJGdSUyRjAlMkZlbWJlZCUzRm1pZCUzRDFqN1VWbDVNa214R3JweUFFbkpsZVlQR3o5djQ4RVNJJTI2ZWhiYyUzRDJFMzEyRiUyMiUyMHdpZHRoJTNEJTIyMTAyNCUyMiUyMGhlaWdodCUzRCUyMjY0MCUyMiUzRSUzQyUyRmlmcmFtZSUzRQ==&#8221; size=&#8221;&#8221;][\/vc_column][vc_column css=&#8221;.vc_custom_1629449252368{background-image: url(https:\/\/frigoscandia.com\/wp-content\/uploads\/2021\/08\/FRIGO_imagebild_homepage_1400x580px_textyta_PA_2.jpg?id=3215) !important;}&#8221; el_class=&#8221;imageback&#8221;][vc_column_text]Food supply with the Nordic region as home market<\/p>\n<p>Do you have questions about how your company\u2019s food logistics could be optimised and better integrated into your business operations? We possess the right knowledge and have the logistics network to find the optimal solution for you. Please feel free to contact us.[\/vc_column_text][vc_btn title=&#8221;Price enquiry&#8221; color=&#8221;green&#8221; align=&#8221;center&#8221; link=&#8221;url:https%3A%2F%2Ffrigoscandia.com%2Fen%2Fgeneral-contact-points%2Frequest-offer%2F|title:Beg%C3%A4r%20offert&#8221;][\/vc_column][\/vc_row]<\/p>\n<\/div>","protected":false},"excerpt":{"rendered":"<p>[vc_row el_class=&#8221;respfix1&#8243;][vc_column width=&#8221;1\/3&#8243; el_class=&#8221;textblock&#8221;][vc_column_text]Helsingborg\u00a0 Frigoscandia Kardangatan 21 SE-256 66 Helsingborg \u00d6rebro Frigoscandia Vattenverksv\u00e4gen 4 SE-702 27 \u00d6rebro M\u00f6lnlycke Frigoscandia Fiberv\u00e4gen 2 SE-435 33 M\u00f6lnlycke[\/vc_column_text][\/vc_column][vc_column width=&#8221;1\/3&#8243; el_class=&#8221;textblock&#8221;][vc_column_text el_class=&#8221;textblock&#8221;]J\u00f6nk\u00f6ping Frigoscandia Mutterv\u00e4gen 1 SE-553 02 J\u00f6nk\u00f6ping Link\u00f6ping Frigoscandia K\u00f6petorpsgatan 6 SE-582 78 Link\u00f6ping Stockholm Frigoscandia Traversv\u00e4gen 12 SE-136 50 Jordbro[\/vc_column_text][\/vc_column][vc_column width=&#8221;1\/3&#8243; el_class=&#8221;textblock&#8221;][vc_column_text el_class=&#8221;textblock&#8221;]V\u00e4ster\u00e5s Frigoscandia S:ta Gertruds v\u00e4g SE-721 [&#8230;]<\/p>\n<p><a class=\"btn btn-secondary understrap-read-more-link\" href=\"https:\/\/frigoscandia.com\/en\/domestic-transport\/our-terminals-frigoscandia\/\">Read More&#8230;<\/a><\/p>\n","protected":false},"author":4,"featured_media":0,"parent":2028,"menu_order":0,"comment_status":"closed","ping_status":"closed","template":"","meta":{"_acf_changed":false,"footnotes":""},"class_list":["post-2292","page","type-page","status-publish","hentry"],"acf":[],"yoast_head":"<!-- This site is optimized with the Yoast SEO plugin v27.4 - https:\/\/yoast.com\/product\/yoast-seo-wordpress\/ -->\n<title>Our Terminals - Frigoscandia<\/title>\n<meta name=\"description\" content=\"Here you will find details of the addresses for our own terminals\" \/>\n<meta name=\"robots\" content=\"index, follow, max-snippet:-1, max-image-preview:large, max-video-preview:-1\" \/>\n<link rel=\"canonical\" href=\"https:\/\/frigoscandia.com\/en\/domestic-transport\/our-terminals-frigoscandia\/\" \/>\n<meta property=\"og:locale\" content=\"en_US\" \/>\n<meta property=\"og:type\" content=\"article\" \/>\n<meta property=\"og:title\" content=\"Our Terminals - Frigoscandia\" \/>\n<meta property=\"og:description\" content=\"Here you will find details of the addresses for our own terminals\" \/>\n<meta property=\"og:url\" content=\"https:\/\/frigoscandia.com\/en\/domestic-transport\/our-terminals-frigoscandia\/\" \/>\n<meta property=\"og:site_name\" content=\"Frigoscandia\" \/>\n<meta property=\"article:modified_time\" content=\"2022-10-10T12:00:44+00:00\" \/>\n<meta name=\"twitter:card\" content=\"summary_large_image\" \/>\n<meta name=\"twitter:label1\" content=\"Est. reading time\" \/>\n\t<meta name=\"twitter:data1\" content=\"1 minute\" \/>\n<script type=\"application\/ld+json\" class=\"yoast-schema-graph\">{\"@context\":\"https:\\\/\\\/schema.org\",\"@graph\":[{\"@type\":\"WebPage\",\"@id\":\"https:\\\/\\\/frigoscandia.com\\\/en\\\/domestic-transport\\\/our-terminals-frigoscandia\\\/\",\"url\":\"https:\\\/\\\/frigoscandia.com\\\/en\\\/domestic-transport\\\/our-terminals-frigoscandia\\\/\",\"name\":\"Our Terminals - Frigoscandia\",\"isPartOf\":{\"@id\":\"https:\\\/\\\/frigoscandia.com\\\/#website\"},\"datePublished\":\"2021-01-19T12:16:21+00:00\",\"dateModified\":\"2022-10-10T12:00:44+00:00\",\"description\":\"Here you will find details of the addresses for our own terminals\",\"breadcrumb\":{\"@id\":\"https:\\\/\\\/frigoscandia.com\\\/en\\\/domestic-transport\\\/our-terminals-frigoscandia\\\/#breadcrumb\"},\"inLanguage\":\"en-US\",\"potentialAction\":[{\"@type\":\"ReadAction\",\"target\":[\"https:\\\/\\\/frigoscandia.com\\\/en\\\/domestic-transport\\\/our-terminals-frigoscandia\\\/\"]}]},{\"@type\":\"BreadcrumbList\",\"@id\":\"https:\\\/\\\/frigoscandia.com\\\/en\\\/domestic-transport\\\/our-terminals-frigoscandia\\\/#breadcrumb\",\"itemListElement\":[{\"@type\":\"ListItem\",\"position\":1,\"name\":\"Hem\",\"item\":\"https:\\\/\\\/frigoscandia.com\\\/en\\\/\"},{\"@type\":\"ListItem\",\"position\":2,\"name\":\"Domestic transport\",\"item\":\"https:\\\/\\\/frigoscandia.com\\\/en\\\/domestic-transport\\\/\"},{\"@type\":\"ListItem\",\"position\":3,\"name\":\"Our terminals\"}]},{\"@type\":\"WebSite\",\"@id\":\"https:\\\/\\\/frigoscandia.com\\\/#website\",\"url\":\"https:\\\/\\\/frigoscandia.com\\\/\",\"name\":\"Frigoscandia\",\"description\":\"Frakttj\u00e4nster\",\"publisher\":{\"@id\":\"https:\\\/\\\/frigoscandia.com\\\/#organization\"},\"potentialAction\":[{\"@type\":\"SearchAction\",\"target\":{\"@type\":\"EntryPoint\",\"urlTemplate\":\"https:\\\/\\\/frigoscandia.com\\\/?s={search_term_string}\"},\"query-input\":{\"@type\":\"PropertyValueSpecification\",\"valueRequired\":true,\"valueName\":\"search_term_string\"}}],\"inLanguage\":\"en-US\"},{\"@type\":\"Organization\",\"@id\":\"https:\\\/\\\/frigoscandia.com\\\/#organization\",\"name\":\"Frigoscandia\",\"url\":\"https:\\\/\\\/frigoscandia.com\\\/\",\"logo\":{\"@type\":\"ImageObject\",\"inLanguage\":\"en-US\",\"@id\":\"https:\\\/\\\/frigoscandia.com\\\/#\\\/schema\\\/logo\\\/image\\\/\",\"url\":\"https:\\\/\\\/frigoscandia.com\\\/wp-content\\\/uploads\\\/2021\\\/07\\\/Frigoscandia_logo.png\",\"contentUrl\":\"https:\\\/\\\/frigoscandia.com\\\/wp-content\\\/uploads\\\/2021\\\/07\\\/Frigoscandia_logo.png\",\"width\":2362,\"height\":341,\"caption\":\"Frigoscandia\"},\"image\":{\"@id\":\"https:\\\/\\\/frigoscandia.com\\\/#\\\/schema\\\/logo\\\/image\\\/\"}}]}<\/script>\n<!-- \/ Yoast SEO plugin. -->","yoast_head_json":{"title":"Our Terminals - Frigoscandia","description":"Here you will find details of the addresses for our own terminals","robots":{"index":"index","follow":"follow","max-snippet":"max-snippet:-1","max-image-preview":"max-image-preview:large","max-video-preview":"max-video-preview:-1"},"canonical":"https:\/\/frigoscandia.com\/en\/domestic-transport\/our-terminals-frigoscandia\/","og_locale":"en_US","og_type":"article","og_title":"Our Terminals - Frigoscandia","og_description":"Here you will find details of the addresses for our own terminals","og_url":"https:\/\/frigoscandia.com\/en\/domestic-transport\/our-terminals-frigoscandia\/","og_site_name":"Frigoscandia","article_modified_time":"2022-10-10T12:00:44+00:00","twitter_card":"summary_large_image","twitter_misc":{"Est. reading time":"1 minute"},"schema":{"@context":"https:\/\/schema.org","@graph":[{"@type":"WebPage","@id":"https:\/\/frigoscandia.com\/en\/domestic-transport\/our-terminals-frigoscandia\/","url":"https:\/\/frigoscandia.com\/en\/domestic-transport\/our-terminals-frigoscandia\/","name":"Our Terminals - Frigoscandia","isPartOf":{"@id":"https:\/\/frigoscandia.com\/#website"},"datePublished":"2021-01-19T12:16:21+00:00","dateModified":"2022-10-10T12:00:44+00:00","description":"Here you will find details of the addresses for our own terminals","breadcrumb":{"@id":"https:\/\/frigoscandia.com\/en\/domestic-transport\/our-terminals-frigoscandia\/#breadcrumb"},"inLanguage":"en-US","potentialAction":[{"@type":"ReadAction","target":["https:\/\/frigoscandia.com\/en\/domestic-transport\/our-terminals-frigoscandia\/"]}]},{"@type":"BreadcrumbList","@id":"https:\/\/frigoscandia.com\/en\/domestic-transport\/our-terminals-frigoscandia\/#breadcrumb","itemListElement":[{"@type":"ListItem","position":1,"name":"Hem","item":"https:\/\/frigoscandia.com\/en\/"},{"@type":"ListItem","position":2,"name":"Domestic transport","item":"https:\/\/frigoscandia.com\/en\/domestic-transport\/"},{"@type":"ListItem","position":3,"name":"Our terminals"}]},{"@type":"WebSite","@id":"https:\/\/frigoscandia.com\/#website","url":"https:\/\/frigoscandia.com\/","name":"Frigoscandia","description":"Frakttj\u00e4nster","publisher":{"@id":"https:\/\/frigoscandia.com\/#organization"},"potentialAction":[{"@type":"SearchAction","target":{"@type":"EntryPoint","urlTemplate":"https:\/\/frigoscandia.com\/?s={search_term_string}"},"query-input":{"@type":"PropertyValueSpecification","valueRequired":true,"valueName":"search_term_string"}}],"inLanguage":"en-US"},{"@type":"Organization","@id":"https:\/\/frigoscandia.com\/#organization","name":"Frigoscandia","url":"https:\/\/frigoscandia.com\/","logo":{"@type":"ImageObject","inLanguage":"en-US","@id":"https:\/\/frigoscandia.com\/#\/schema\/logo\/image\/","url":"https:\/\/frigoscandia.com\/wp-content\/uploads\/2021\/07\/Frigoscandia_logo.png","contentUrl":"https:\/\/frigoscandia.com\/wp-content\/uploads\/2021\/07\/Frigoscandia_logo.png","width":2362,"height":341,"caption":"Frigoscandia"},"image":{"@id":"https:\/\/frigoscandia.com\/#\/schema\/logo\/image\/"}}]}},"_links":{"self":[{"href":"https:\/\/frigoscandia.com\/en\/wp-json\/wp\/v2\/pages\/2292","targetHints":{"allow":["GET"]}}],"collection":[{"href":"https:\/\/frigoscandia.com\/en\/wp-json\/wp\/v2\/pages"}],"about":[{"href":"https:\/\/frigoscandia.com\/en\/wp-json\/wp\/v2\/types\/page"}],"author":[{"embeddable":true,"href":"https:\/\/frigoscandia.com\/en\/wp-json\/wp\/v2\/users\/4"}],"replies":[{"embeddable":true,"href":"https:\/\/frigoscandia.com\/en\/wp-json\/wp\/v2\/comments?post=2292"}],"version-history":[{"count":15,"href":"https:\/\/frigoscandia.com\/en\/wp-json\/wp\/v2\/pages\/2292\/revisions"}],"predecessor-version":[{"id":5337,"href":"https:\/\/frigoscandia.com\/en\/wp-json\/wp\/v2\/pages\/2292\/revisions\/5337"}],"up":[{"embeddable":true,"href":"https:\/\/frigoscandia.com\/en\/wp-json\/wp\/v2\/pages\/2028"}],"wp:attachment":[{"href":"https:\/\/frigoscandia.com\/en\/wp-json\/wp\/v2\/media?parent=2292"}],"curies":[{"name":"wp","href":"https:\/\/api.w.org\/{rel}","templated":true}]}}