{"id":7786,"date":"2024-02-15T09:55:45","date_gmt":"2024-02-15T09:55:45","guid":{"rendered":"https:\/\/frigoscandia.com\/?page_id=7786"},"modified":"2024-02-15T12:57:07","modified_gmt":"2024-02-15T12:57:07","slug":"kontakt","status":"publish","type":"page","link":"https:\/\/frigoscandia.com\/de\/kontakt\/","title":{"rendered":"Kontakt"},"content":{"rendered":"<div class=\"wpb-content-wrapper\"><p>[vc_row][vc_column width=&#8220;1\/5&#8243;][\/vc_column][vc_column width=&#8220;3\/5&#8243; css=&#8220;.vc_custom_1708001509120{margin-top: 20px !important;margin-bottom: 20px !important;}&#8220;][vc_column_text]<\/p>\n<h3 class=\"elementToProof\" style=\"text-align: center;\">Vielen Dank f\u00fcr Ihren Besuch auf unserer Website<\/h3>\n<div style=\"text-align: center;\"><\/div>\n<div class=\"elementToProof\" style=\"text-align: center;\">Bei Frigoscandia sind wir bestrebt, au\u00dfergew\u00f6hnlichen Service und Mehrwert f\u00fcr unsere Kunden zu bieten. Mit unserer umfangreichen Erfahrung, zuverl\u00e4ssigen Infrastruktur und strategischen Partnerschaften sind wir gut ger\u00fcstet, um den vielf\u00e4ltigen Anforderungen der Lebensmittelindustrie gerecht zu werden und zum Erfolg unserer Kunden beizutragen.<\/div>\n<div><\/div>\n<div class=\"elementToProof\">Bitte z\u00f6gern Sie nicht, uns f\u00fcr weitere Informationen zu kontaktieren oder um zu besprechen, wie wir Ihre Logistikbed\u00fcrfnisse unterst\u00fctzen k\u00f6nnen.<\/div>\n<p>[\/vc_column_text][\/vc_column][vc_column width=&#8220;1\/5&#8243;][\/vc_column][\/vc_row][vc_row content_placement=&#8220;top&#8220; el_class=&#8220;bigblock2&#8243;][vc_column width=&#8220;1\/2&#8243; el_class=&#8220;textblock&#8220; offset=&#8220;vc_hidden-xs&#8220;][vc_column_text]<\/p>\n<h3>Kontakt<\/h3>\n<p>Bitte z\u00f6gern Sie nicht, uns f\u00fcr weitere Informationen zu kontaktieren oder um zu besprechen, wie wir Ihre Logistikbed\u00fcrfnisse unterst\u00fctzen k\u00f6nnen.<\/p>\n<p><strong>Unsere Vertriebsb\u00fcros:<\/strong><br \/>\n<strong>Schweden<\/strong><br \/>\nImport: <a href=\"tel:+4642178140\">+4642178140<\/a>\u00a0 Export: <a href=\"tel:+4642178410\">+4642178410<\/a><br \/>\n<strong>Norwegen<\/strong><br \/>\n<a href=\"tel:+4722171515\">+4722171515<\/a><br \/>\n<strong>D\u00e4nemark<\/strong><br \/>\n<a href=\"tel:+45 96 356 700\">+45 96 356 700<\/a><br \/>\n<strong>Finnland<br \/>\n<\/strong><a href=\"tel:+358404559755\">+358404559755<\/a><br \/>\n<strong>Die Niederlande<br \/>\n<\/strong><a href=\"tel:+31783031328\">+31783031328<\/a>[\/vc_column_text][\/vc_column][vc_column width=&#8220;1\/2&#8243;][vc_single_image image=&#8220;7793&#8243; img_size=&#8220;full&#8220;][\/vc_column][\/vc_row][vc_row el_class=&#8220;textblock&#8220;][vc_column offset=&#8220;vc_hidden-lg vc_hidden-md vc_hidden-sm&#8220;][vc_column_text]<\/p>\n<h3>Kontakt<\/h3>\n<p>Bitte z\u00f6gern Sie nicht, uns f\u00fcr weitere Informationen zu kontaktieren oder um zu besprechen, wie wir Ihre Logistikbed\u00fcrfnisse unterst\u00fctzen k\u00f6nnen.<\/p>\n<p><strong>Unsere Vertriebsb\u00fcros:<\/strong><br \/>\n<strong>Schweden<\/strong><br \/>\nImport: <a href=\"tel:+4642178140\">+4642178140<\/a>\u00a0 Export: <a href=\"tel:+4642178410\">+4642178410<\/a><br \/>\n<strong>Norwegen<\/strong><br \/>\n<a href=\"tel:+4722171515\">+4722171515<\/a><br \/>\n<strong>D\u00e4nemark<\/strong><br \/>\n<a href=\"tel:+45 96 356 700\">+45 96 356 700<\/a><br \/>\n<strong>Finnland<br \/>\n<\/strong><a href=\"tel:+358404559755\">+358404559755<\/a><br \/>\n<strong>Die Niederlande<br \/>\n<\/strong><a href=\"tel:+31783031328\">+31783031328<\/a>[\/vc_column_text][\/vc_column][\/vc_row]<\/p>\n<\/div>","protected":false},"excerpt":{"rendered":"<p>[vc_row][vc_column width=&#8220;1\/5&#8243;][\/vc_column][vc_column width=&#8220;3\/5&#8243; css=&#8220;.vc_custom_1708001509120{margin-top: 20px !important;margin-bottom: 20px !important;}&#8220;][vc_column_text] Vielen Dank f\u00fcr Ihren Besuch auf unserer Website Bei Frigoscandia sind wir bestrebt, au\u00dfergew\u00f6hnlichen Service und Mehrwert f\u00fcr unsere Kunden zu bieten. Mit unserer umfangreichen Erfahrung, zuverl\u00e4ssigen Infrastruktur und strategischen Partnerschaften sind wir gut ger\u00fcstet, um den vielf\u00e4ltigen Anforderungen der Lebensmittelindustrie gerecht zu werden und zum Erfolg [&#8230;]<\/p>\n<p><a class=\"btn btn-secondary understrap-read-more-link\" href=\"https:\/\/frigoscandia.com\/de\/kontakt\/\">Weiterlesen&#8230;<\/a><\/p>\n","protected":false},"author":2,"featured_media":0,"parent":0,"menu_order":0,"comment_status":"closed","ping_status":"closed","template":"","meta":{"_acf_changed":false,"footnotes":""},"class_list":["post-7786","page","type-page","status-publish","hentry"],"acf":[],"yoast_head":"<!-- This site is optimized with the Yoast SEO plugin v27.5 - https:\/\/yoast.com\/product\/yoast-seo-wordpress\/ -->\n<title>Kontak<\/title>\n<meta name=\"robots\" content=\"index, follow, max-snippet:-1, max-image-preview:large, max-video-preview:-1\" \/>\n<link rel=\"canonical\" href=\"https:\/\/frigoscandia.com\/de\/kontakt\/\" \/>\n<meta property=\"og:locale\" content=\"de_DE\" \/>\n<meta property=\"og:type\" content=\"article\" \/>\n<meta property=\"og:title\" content=\"Kontak\" \/>\n<meta property=\"og:description\" content=\"[vc_row][vc_column width=&#8220;1\/5&#8243;][\/vc_column][vc_column width=&#8220;3\/5&#8243; css=&#8220;.vc_custom_1708001509120{margin-top: 20px !important;margin-bottom: 20px !important;}&#8220;][vc_column_text] Vielen Dank f\u00fcr Ihren Besuch auf unserer Website Bei Frigoscandia sind wir bestrebt, au\u00dfergew\u00f6hnlichen Service und Mehrwert f\u00fcr unsere Kunden zu bieten. Mit unserer umfangreichen Erfahrung, zuverl\u00e4ssigen Infrastruktur und strategischen Partnerschaften sind wir gut ger\u00fcstet, um den vielf\u00e4ltigen Anforderungen der Lebensmittelindustrie gerecht zu werden und zum Erfolg [...]Weiterlesen...\" \/>\n<meta property=\"og:url\" content=\"https:\/\/frigoscandia.com\/de\/kontakt\/\" \/>\n<meta property=\"og:site_name\" content=\"Frigoscandia\" \/>\n<meta property=\"article:modified_time\" content=\"2024-02-15T12:57:07+00:00\" \/>\n<meta name=\"twitter:card\" content=\"summary_large_image\" \/>\n<meta name=\"twitter:label1\" content=\"Gesch\u00e4tzte Lesezeit\" \/>\n\t<meta name=\"twitter:data1\" content=\"1\u00a0Minute\" \/>\n<script type=\"application\/ld+json\" class=\"yoast-schema-graph\">{\"@context\":\"https:\\\/\\\/schema.org\",\"@graph\":[{\"@type\":\"WebPage\",\"@id\":\"https:\\\/\\\/frigoscandia.com\\\/de\\\/kontakt\\\/\",\"url\":\"https:\\\/\\\/frigoscandia.com\\\/de\\\/kontakt\\\/\",\"name\":\"Kontak\",\"isPartOf\":{\"@id\":\"https:\\\/\\\/frigoscandia.com\\\/#website\"},\"datePublished\":\"2024-02-15T09:55:45+00:00\",\"dateModified\":\"2024-02-15T12:57:07+00:00\",\"breadcrumb\":{\"@id\":\"https:\\\/\\\/frigoscandia.com\\\/de\\\/kontakt\\\/#breadcrumb\"},\"inLanguage\":\"de\",\"potentialAction\":[{\"@type\":\"ReadAction\",\"target\":[\"https:\\\/\\\/frigoscandia.com\\\/de\\\/kontakt\\\/\"]}]},{\"@type\":\"BreadcrumbList\",\"@id\":\"https:\\\/\\\/frigoscandia.com\\\/de\\\/kontakt\\\/#breadcrumb\",\"itemListElement\":[{\"@type\":\"ListItem\",\"position\":1,\"name\":\"Hem\",\"item\":\"https:\\\/\\\/frigoscandia.com\\\/de\\\/\"},{\"@type\":\"ListItem\",\"position\":2,\"name\":\"Kontakt\"}]},{\"@type\":\"WebSite\",\"@id\":\"https:\\\/\\\/frigoscandia.com\\\/#website\",\"url\":\"https:\\\/\\\/frigoscandia.com\\\/\",\"name\":\"Frigoscandia\",\"description\":\"Frakttj\u00e4nster\",\"publisher\":{\"@id\":\"https:\\\/\\\/frigoscandia.com\\\/#organization\"},\"potentialAction\":[{\"@type\":\"SearchAction\",\"target\":{\"@type\":\"EntryPoint\",\"urlTemplate\":\"https:\\\/\\\/frigoscandia.com\\\/?s={search_term_string}\"},\"query-input\":{\"@type\":\"PropertyValueSpecification\",\"valueRequired\":true,\"valueName\":\"search_term_string\"}}],\"inLanguage\":\"de\"},{\"@type\":\"Organization\",\"@id\":\"https:\\\/\\\/frigoscandia.com\\\/#organization\",\"name\":\"Frigoscandia\",\"url\":\"https:\\\/\\\/frigoscandia.com\\\/\",\"logo\":{\"@type\":\"ImageObject\",\"inLanguage\":\"de\",\"@id\":\"https:\\\/\\\/frigoscandia.com\\\/#\\\/schema\\\/logo\\\/image\\\/\",\"url\":\"https:\\\/\\\/frigoscandia.com\\\/wp-content\\\/uploads\\\/2021\\\/07\\\/Frigoscandia_logo.png\",\"contentUrl\":\"https:\\\/\\\/frigoscandia.com\\\/wp-content\\\/uploads\\\/2021\\\/07\\\/Frigoscandia_logo.png\",\"width\":2362,\"height\":341,\"caption\":\"Frigoscandia\"},\"image\":{\"@id\":\"https:\\\/\\\/frigoscandia.com\\\/#\\\/schema\\\/logo\\\/image\\\/\"}}]}<\/script>\n<!-- \/ Yoast SEO plugin. -->","yoast_head_json":{"title":"Kontak","robots":{"index":"index","follow":"follow","max-snippet":"max-snippet:-1","max-image-preview":"max-image-preview:large","max-video-preview":"max-video-preview:-1"},"canonical":"https:\/\/frigoscandia.com\/de\/kontakt\/","og_locale":"de_DE","og_type":"article","og_title":"Kontak","og_description":"[vc_row][vc_column width=&#8220;1\/5&#8243;][\/vc_column][vc_column width=&#8220;3\/5&#8243; css=&#8220;.vc_custom_1708001509120{margin-top: 20px !important;margin-bottom: 20px !important;}&#8220;][vc_column_text] Vielen Dank f\u00fcr Ihren Besuch auf unserer Website Bei Frigoscandia sind wir bestrebt, au\u00dfergew\u00f6hnlichen Service und Mehrwert f\u00fcr unsere Kunden zu bieten. Mit unserer umfangreichen Erfahrung, zuverl\u00e4ssigen Infrastruktur und strategischen Partnerschaften sind wir gut ger\u00fcstet, um den vielf\u00e4ltigen Anforderungen der Lebensmittelindustrie gerecht zu werden und zum Erfolg [...]Weiterlesen...","og_url":"https:\/\/frigoscandia.com\/de\/kontakt\/","og_site_name":"Frigoscandia","article_modified_time":"2024-02-15T12:57:07+00:00","twitter_card":"summary_large_image","twitter_misc":{"Gesch\u00e4tzte Lesezeit":"1\u00a0Minute"},"schema":{"@context":"https:\/\/schema.org","@graph":[{"@type":"WebPage","@id":"https:\/\/frigoscandia.com\/de\/kontakt\/","url":"https:\/\/frigoscandia.com\/de\/kontakt\/","name":"Kontak","isPartOf":{"@id":"https:\/\/frigoscandia.com\/#website"},"datePublished":"2024-02-15T09:55:45+00:00","dateModified":"2024-02-15T12:57:07+00:00","breadcrumb":{"@id":"https:\/\/frigoscandia.com\/de\/kontakt\/#breadcrumb"},"inLanguage":"de","potentialAction":[{"@type":"ReadAction","target":["https:\/\/frigoscandia.com\/de\/kontakt\/"]}]},{"@type":"BreadcrumbList","@id":"https:\/\/frigoscandia.com\/de\/kontakt\/#breadcrumb","itemListElement":[{"@type":"ListItem","position":1,"name":"Hem","item":"https:\/\/frigoscandia.com\/de\/"},{"@type":"ListItem","position":2,"name":"Kontakt"}]},{"@type":"WebSite","@id":"https:\/\/frigoscandia.com\/#website","url":"https:\/\/frigoscandia.com\/","name":"Frigoscandia","description":"Frakttj\u00e4nster","publisher":{"@id":"https:\/\/frigoscandia.com\/#organization"},"potentialAction":[{"@type":"SearchAction","target":{"@type":"EntryPoint","urlTemplate":"https:\/\/frigoscandia.com\/?s={search_term_string}"},"query-input":{"@type":"PropertyValueSpecification","valueRequired":true,"valueName":"search_term_string"}}],"inLanguage":"de"},{"@type":"Organization","@id":"https:\/\/frigoscandia.com\/#organization","name":"Frigoscandia","url":"https:\/\/frigoscandia.com\/","logo":{"@type":"ImageObject","inLanguage":"de","@id":"https:\/\/frigoscandia.com\/#\/schema\/logo\/image\/","url":"https:\/\/frigoscandia.com\/wp-content\/uploads\/2021\/07\/Frigoscandia_logo.png","contentUrl":"https:\/\/frigoscandia.com\/wp-content\/uploads\/2021\/07\/Frigoscandia_logo.png","width":2362,"height":341,"caption":"Frigoscandia"},"image":{"@id":"https:\/\/frigoscandia.com\/#\/schema\/logo\/image\/"}}]}},"_links":{"self":[{"href":"https:\/\/frigoscandia.com\/de\/wp-json\/wp\/v2\/pages\/7786","targetHints":{"allow":["GET"]}}],"collection":[{"href":"https:\/\/frigoscandia.com\/de\/wp-json\/wp\/v2\/pages"}],"about":[{"href":"https:\/\/frigoscandia.com\/de\/wp-json\/wp\/v2\/types\/page"}],"author":[{"embeddable":true,"href":"https:\/\/frigoscandia.com\/de\/wp-json\/wp\/v2\/users\/2"}],"replies":[{"embeddable":true,"href":"https:\/\/frigoscandia.com\/de\/wp-json\/wp\/v2\/comments?post=7786"}],"version-history":[{"count":7,"href":"https:\/\/frigoscandia.com\/de\/wp-json\/wp\/v2\/pages\/7786\/revisions"}],"predecessor-version":[{"id":7823,"href":"https:\/\/frigoscandia.com\/de\/wp-json\/wp\/v2\/pages\/7786\/revisions\/7823"}],"wp:attachment":[{"href":"https:\/\/frigoscandia.com\/de\/wp-json\/wp\/v2\/media?parent=7786"}],"curies":[{"name":"wp","href":"https:\/\/api.w.org\/{rel}","templated":true}]}}