{"id":7669,"date":"2024-02-14T14:38:45","date_gmt":"2024-02-14T14:38:45","guid":{"rendered":"https:\/\/frigoscandia.com\/?page_id=7669"},"modified":"2024-02-15T07:40:20","modified_gmt":"2024-02-15T07:40:20","slug":"europa","status":"publish","type":"page","link":"https:\/\/frigoscandia.com\/de\/europa\/","title":{"rendered":"Europa &#8211; Nordics verbinden"},"content":{"rendered":"<div class=\"wpb-content-wrapper\"><p>[vc_row content_placement=&#8220;top&#8220; el_class=&#8220;bigblock2&#8243;][vc_column width=&#8220;1\/2&#8243; el_class=&#8220;textblock&#8220; offset=&#8220;vc_hidden-xs&#8220;][vc_column_text]<\/p>\n<h3>Wir bieten Transport-dienstleistungen f\u00fcr Lebensmittel an, die alle M\u00e4rkte in den Nordics abdecken<\/h3>\n<ul>\n<li>Umfangreiche Expertise in der Zollabwicklung<\/li>\n<li>L\u00f6sungen f\u00fcr verschiedene Temperaturzonen<\/li>\n<li>Bereitstellung von tier\u00e4rztlichen Kontrollen<\/li>\n<li>Cross-Docking<\/li>\n<li>Charterverkehr<\/li>\n<li>Mitglied des European Food Network (EFN)<\/li>\n<li>\u00dcberseetransport. Betrieb in 51 nationalen M\u00e4rkten \u00fcber Stra\u00dfen- und\/oder \u00dcberseetransport.<\/li>\n<\/ul>\n<p>Frigoscandia hat regionale B\u00fcros in Schweden, D\u00e4nemark, Norwegen, Finnland und Niederlande.[\/vc_column_text][\/vc_column][vc_column width=&#8220;1\/2&#8243;][vc_single_image image=&#8220;7670&#8243; img_size=&#8220;full&#8220;][\/vc_column][\/vc_row]<\/p>\n<\/div>","protected":false},"excerpt":{"rendered":"<p>[vc_row content_placement=&#8220;top&#8220; el_class=&#8220;bigblock2&#8243;][vc_column width=&#8220;1\/2&#8243; el_class=&#8220;textblock&#8220; offset=&#8220;vc_hidden-xs&#8220;][vc_column_text] Wir bieten Transport-dienstleistungen f\u00fcr Lebensmittel an, die alle M\u00e4rkte in den Nordics abdecken Umfangreiche Expertise in der Zollabwicklung L\u00f6sungen f\u00fcr verschiedene Temperaturzonen Bereitstellung von tier\u00e4rztlichen Kontrollen Cross-Docking Charterverkehr Mitglied des European Food Network (EFN) \u00dcberseetransport. Betrieb in 51 nationalen M\u00e4rkten \u00fcber Stra\u00dfen- und\/oder \u00dcberseetransport. Frigoscandia hat regionale B\u00fcros in [&#8230;]<\/p>\n<p><a class=\"btn btn-secondary understrap-read-more-link\" href=\"https:\/\/frigoscandia.com\/de\/europa\/\">Weiterlesen&#8230;<\/a><\/p>\n","protected":false},"author":2,"featured_media":0,"parent":0,"menu_order":0,"comment_status":"closed","ping_status":"closed","template":"","meta":{"_acf_changed":false,"footnotes":""},"class_list":["post-7669","page","type-page","status-publish","hentry"],"acf":[],"yoast_head":"<!-- This site is optimized with the Yoast SEO plugin v27.5 - https:\/\/yoast.com\/product\/yoast-seo-wordpress\/ -->\n<title>Grenz\u00fcberschreitende Transportdienstleistungen<\/title>\n<meta name=\"description\" content=\"Grenz\u00fcberschreitende Transportdienstleistungen, die Europa mit den Nordics verbinden\" \/>\n<meta name=\"robots\" content=\"index, follow, max-snippet:-1, max-image-preview:large, max-video-preview:-1\" \/>\n<link rel=\"canonical\" href=\"https:\/\/frigoscandia.com\/de\/europa\/\" \/>\n<meta property=\"og:locale\" content=\"de_DE\" \/>\n<meta property=\"og:type\" content=\"article\" \/>\n<meta property=\"og:title\" content=\"Grenz\u00fcberschreitende Transportdienstleistungen\" \/>\n<meta property=\"og:description\" content=\"Grenz\u00fcberschreitende Transportdienstleistungen, die Europa mit den Nordics verbinden\" \/>\n<meta property=\"og:url\" content=\"https:\/\/frigoscandia.com\/de\/europa\/\" \/>\n<meta property=\"og:site_name\" content=\"Frigoscandia\" \/>\n<meta property=\"article:modified_time\" content=\"2024-02-15T07:40:20+00:00\" \/>\n<meta name=\"twitter:card\" content=\"summary_large_image\" \/>\n<meta name=\"twitter:label1\" content=\"Gesch\u00e4tzte Lesezeit\" \/>\n\t<meta name=\"twitter:data1\" content=\"1\u00a0Minute\" \/>\n<script type=\"application\/ld+json\" class=\"yoast-schema-graph\">{\"@context\":\"https:\\\/\\\/schema.org\",\"@graph\":[{\"@type\":\"WebPage\",\"@id\":\"https:\\\/\\\/frigoscandia.com\\\/de\\\/europa\\\/\",\"url\":\"https:\\\/\\\/frigoscandia.com\\\/de\\\/europa\\\/\",\"name\":\"Grenz\u00fcberschreitende Transportdienstleistungen\",\"isPartOf\":{\"@id\":\"https:\\\/\\\/frigoscandia.com\\\/#website\"},\"datePublished\":\"2024-02-14T14:38:45+00:00\",\"dateModified\":\"2024-02-15T07:40:20+00:00\",\"description\":\"Grenz\u00fcberschreitende Transportdienstleistungen, die Europa mit den Nordics verbinden\",\"breadcrumb\":{\"@id\":\"https:\\\/\\\/frigoscandia.com\\\/de\\\/europa\\\/#breadcrumb\"},\"inLanguage\":\"de\",\"potentialAction\":[{\"@type\":\"ReadAction\",\"target\":[\"https:\\\/\\\/frigoscandia.com\\\/de\\\/europa\\\/\"]}]},{\"@type\":\"BreadcrumbList\",\"@id\":\"https:\\\/\\\/frigoscandia.com\\\/de\\\/europa\\\/#breadcrumb\",\"itemListElement\":[{\"@type\":\"ListItem\",\"position\":1,\"name\":\"Hem\",\"item\":\"https:\\\/\\\/frigoscandia.com\\\/de\\\/\"},{\"@type\":\"ListItem\",\"position\":2,\"name\":\"Europa &#8211; Nordics verbinden\"}]},{\"@type\":\"WebSite\",\"@id\":\"https:\\\/\\\/frigoscandia.com\\\/#website\",\"url\":\"https:\\\/\\\/frigoscandia.com\\\/\",\"name\":\"Frigoscandia\",\"description\":\"Frakttj\u00e4nster\",\"publisher\":{\"@id\":\"https:\\\/\\\/frigoscandia.com\\\/#organization\"},\"potentialAction\":[{\"@type\":\"SearchAction\",\"target\":{\"@type\":\"EntryPoint\",\"urlTemplate\":\"https:\\\/\\\/frigoscandia.com\\\/?s={search_term_string}\"},\"query-input\":{\"@type\":\"PropertyValueSpecification\",\"valueRequired\":true,\"valueName\":\"search_term_string\"}}],\"inLanguage\":\"de\"},{\"@type\":\"Organization\",\"@id\":\"https:\\\/\\\/frigoscandia.com\\\/#organization\",\"name\":\"Frigoscandia\",\"url\":\"https:\\\/\\\/frigoscandia.com\\\/\",\"logo\":{\"@type\":\"ImageObject\",\"inLanguage\":\"de\",\"@id\":\"https:\\\/\\\/frigoscandia.com\\\/#\\\/schema\\\/logo\\\/image\\\/\",\"url\":\"https:\\\/\\\/frigoscandia.com\\\/wp-content\\\/uploads\\\/2021\\\/07\\\/Frigoscandia_logo.png\",\"contentUrl\":\"https:\\\/\\\/frigoscandia.com\\\/wp-content\\\/uploads\\\/2021\\\/07\\\/Frigoscandia_logo.png\",\"width\":2362,\"height\":341,\"caption\":\"Frigoscandia\"},\"image\":{\"@id\":\"https:\\\/\\\/frigoscandia.com\\\/#\\\/schema\\\/logo\\\/image\\\/\"}}]}<\/script>\n<!-- \/ Yoast SEO plugin. -->","yoast_head_json":{"title":"Grenz\u00fcberschreitende Transportdienstleistungen","description":"Grenz\u00fcberschreitende Transportdienstleistungen, die Europa mit den Nordics verbinden","robots":{"index":"index","follow":"follow","max-snippet":"max-snippet:-1","max-image-preview":"max-image-preview:large","max-video-preview":"max-video-preview:-1"},"canonical":"https:\/\/frigoscandia.com\/de\/europa\/","og_locale":"de_DE","og_type":"article","og_title":"Grenz\u00fcberschreitende Transportdienstleistungen","og_description":"Grenz\u00fcberschreitende Transportdienstleistungen, die Europa mit den Nordics verbinden","og_url":"https:\/\/frigoscandia.com\/de\/europa\/","og_site_name":"Frigoscandia","article_modified_time":"2024-02-15T07:40:20+00:00","twitter_card":"summary_large_image","twitter_misc":{"Gesch\u00e4tzte Lesezeit":"1\u00a0Minute"},"schema":{"@context":"https:\/\/schema.org","@graph":[{"@type":"WebPage","@id":"https:\/\/frigoscandia.com\/de\/europa\/","url":"https:\/\/frigoscandia.com\/de\/europa\/","name":"Grenz\u00fcberschreitende Transportdienstleistungen","isPartOf":{"@id":"https:\/\/frigoscandia.com\/#website"},"datePublished":"2024-02-14T14:38:45+00:00","dateModified":"2024-02-15T07:40:20+00:00","description":"Grenz\u00fcberschreitende Transportdienstleistungen, die Europa mit den Nordics verbinden","breadcrumb":{"@id":"https:\/\/frigoscandia.com\/de\/europa\/#breadcrumb"},"inLanguage":"de","potentialAction":[{"@type":"ReadAction","target":["https:\/\/frigoscandia.com\/de\/europa\/"]}]},{"@type":"BreadcrumbList","@id":"https:\/\/frigoscandia.com\/de\/europa\/#breadcrumb","itemListElement":[{"@type":"ListItem","position":1,"name":"Hem","item":"https:\/\/frigoscandia.com\/de\/"},{"@type":"ListItem","position":2,"name":"Europa &#8211; Nordics verbinden"}]},{"@type":"WebSite","@id":"https:\/\/frigoscandia.com\/#website","url":"https:\/\/frigoscandia.com\/","name":"Frigoscandia","description":"Frakttj\u00e4nster","publisher":{"@id":"https:\/\/frigoscandia.com\/#organization"},"potentialAction":[{"@type":"SearchAction","target":{"@type":"EntryPoint","urlTemplate":"https:\/\/frigoscandia.com\/?s={search_term_string}"},"query-input":{"@type":"PropertyValueSpecification","valueRequired":true,"valueName":"search_term_string"}}],"inLanguage":"de"},{"@type":"Organization","@id":"https:\/\/frigoscandia.com\/#organization","name":"Frigoscandia","url":"https:\/\/frigoscandia.com\/","logo":{"@type":"ImageObject","inLanguage":"de","@id":"https:\/\/frigoscandia.com\/#\/schema\/logo\/image\/","url":"https:\/\/frigoscandia.com\/wp-content\/uploads\/2021\/07\/Frigoscandia_logo.png","contentUrl":"https:\/\/frigoscandia.com\/wp-content\/uploads\/2021\/07\/Frigoscandia_logo.png","width":2362,"height":341,"caption":"Frigoscandia"},"image":{"@id":"https:\/\/frigoscandia.com\/#\/schema\/logo\/image\/"}}]}},"_links":{"self":[{"href":"https:\/\/frigoscandia.com\/de\/wp-json\/wp\/v2\/pages\/7669","targetHints":{"allow":["GET"]}}],"collection":[{"href":"https:\/\/frigoscandia.com\/de\/wp-json\/wp\/v2\/pages"}],"about":[{"href":"https:\/\/frigoscandia.com\/de\/wp-json\/wp\/v2\/types\/page"}],"author":[{"embeddable":true,"href":"https:\/\/frigoscandia.com\/de\/wp-json\/wp\/v2\/users\/2"}],"replies":[{"embeddable":true,"href":"https:\/\/frigoscandia.com\/de\/wp-json\/wp\/v2\/comments?post=7669"}],"version-history":[{"count":4,"href":"https:\/\/frigoscandia.com\/de\/wp-json\/wp\/v2\/pages\/7669\/revisions"}],"predecessor-version":[{"id":7774,"href":"https:\/\/frigoscandia.com\/de\/wp-json\/wp\/v2\/pages\/7669\/revisions\/7774"}],"wp:attachment":[{"href":"https:\/\/frigoscandia.com\/de\/wp-json\/wp\/v2\/media?parent=7669"}],"curies":[{"name":"wp","href":"https:\/\/api.w.org\/{rel}","templated":true}]}}