{"id":7661,"date":"2024-02-14T14:33:03","date_gmt":"2024-02-14T14:33:03","guid":{"rendered":"https:\/\/frigoscandia.com\/?page_id=7661"},"modified":"2024-02-15T07:40:40","modified_gmt":"2024-02-15T07:40:40","slug":"lager","status":"publish","type":"page","link":"https:\/\/frigoscandia.com\/de\/lager\/","title":{"rendered":"Lager"},"content":{"rendered":"<div class=\"wpb-content-wrapper\"><p>[vc_row content_placement=&#8220;top&#8220; el_class=&#8220;bigblock2&#8243;][vc_column width=&#8220;1\/2&#8243; el_class=&#8220;textblock&#8220; offset=&#8220;vc_hidden-xs&#8220;][vc_column_text]<\/p>\n<h3><b>Wir bieten eine breite Palette von Dienstleistungen f\u00fcr die Lebensmittellagerung in <\/b><b>ver-schiedenen<\/b><b> Temperaturzonen an<\/b><\/h3>\n<p><strong>Flexible und optimierte Lagerhaltung<\/strong><br \/>\nFrigoscandia verf\u00fcgt \u00fcber einzigartige Expertise in der Lagerung und Handhabung von Lebensmitteln. Unsere Lagerl\u00f6sungen sind flexibel und optimiert f\u00fcr alle Arten von Produkten, die Temperaturkontrolle erfordern.[\/vc_column_text][\/vc_column][vc_column width=&#8220;1\/2&#8243;][vc_single_image image=&#8220;7662&#8243; img_size=&#8220;full&#8220;][\/vc_column][\/vc_row][vc_row el_class=&#8220;textblock&#8220;][vc_column offset=&#8220;vc_hidden-lg vc_hidden-md vc_hidden-sm&#8220;][vc_column_text]<\/p>\n<h3><b>Wir bieten eine breite Palette von Dienstleistungen f\u00fcr die Lebensmittellagerung in <\/b><b>ver-schiedenen<\/b><b> Temperaturzonen an<\/b><\/h3>\n<p><strong>Flexible und optimierte Lagerhaltung<\/strong><br \/>\nFrigoscandia verf\u00fcgt \u00fcber einzigartige Expertise in der Lagerung und Handhabung von Lebensmitteln. Unsere Lagerl\u00f6sungen sind flexibel und optimiert f\u00fcr alle Arten von Produkten, die Temperaturkontrolle erfordern.[\/vc_column_text][\/vc_column][\/vc_row][vc_row content_placement=&#8220;top&#8220; el_class=&#8220;bigblock2&#8243;][vc_column width=&#8220;1\/2&#8243; offset=&#8220;vc_hidden-xs&#8220;][vc_single_image image=&#8220;7665&#8243; img_size=&#8220;full&#8220;][\/vc_column][vc_column width=&#8220;1\/2&#8243; el_class=&#8220;textblock&#8220;][vc_column_text]<b>Dienstleistungen<\/b><\/p>\n<ul>\n<li>Warenlagerung<\/li>\n<li>Kommissionierung und andere Handling- Services<\/li>\n<li>Einfrierservices<\/li>\n<li>Auftauservices<\/li>\n<li>Containerbeladung und -entladung<\/li>\n<li>Export- und Importdienstleistungen<\/li>\n<li>Zoll- und Transitlagerl\u00f6sungen<\/li>\n<li>Wertsch\u00f6pfungsdienstleistungen (Etikettierung, Pr\u00e4sentation usw.)<\/li>\n<\/ul>\n<p>[\/vc_column_text][\/vc_column][\/vc_row]<\/p>\n<\/div>","protected":false},"excerpt":{"rendered":"<p>[vc_row content_placement=&#8220;top&#8220; el_class=&#8220;bigblock2&#8243;][vc_column width=&#8220;1\/2&#8243; el_class=&#8220;textblock&#8220; offset=&#8220;vc_hidden-xs&#8220;][vc_column_text] Wir bieten eine breite Palette von Dienstleistungen f\u00fcr die Lebensmittellagerung in ver-schiedenen Temperaturzonen an Flexible und optimierte Lagerhaltung Frigoscandia verf\u00fcgt \u00fcber einzigartige Expertise in der Lagerung und Handhabung von Lebensmitteln. Unsere Lagerl\u00f6sungen sind flexibel und optimiert f\u00fcr alle Arten von Produkten, die Temperaturkontrolle erfordern.[\/vc_column_text][\/vc_column][vc_column width=&#8220;1\/2&#8243;][vc_single_image image=&#8220;7662&#8243; img_size=&#8220;full&#8220;][\/vc_column][\/vc_row][vc_row el_class=&#8220;textblock&#8220;][vc_column offset=&#8220;vc_hidden-lg [&#8230;]<\/p>\n<p><a class=\"btn btn-secondary understrap-read-more-link\" href=\"https:\/\/frigoscandia.com\/de\/lager\/\">Weiterlesen&#8230;<\/a><\/p>\n","protected":false},"author":2,"featured_media":0,"parent":0,"menu_order":0,"comment_status":"closed","ping_status":"closed","template":"","meta":{"_acf_changed":false,"footnotes":""},"class_list":["post-7661","page","type-page","status-publish","hentry"],"acf":[],"yoast_head":"<!-- This site is optimized with the Yoast SEO plugin v27.4 - https:\/\/yoast.com\/product\/yoast-seo-wordpress\/ -->\n<title>Lagerdienstleistungen in Schweden und Norwegen<\/title>\n<meta name=\"description\" content=\"Wir bieten eine breite Palette von Dienstleistungen f\u00fcr die Lebensmittellagerung in ver-schiedenen Temperaturzonen an\" \/>\n<meta name=\"robots\" content=\"index, follow, max-snippet:-1, max-image-preview:large, max-video-preview:-1\" \/>\n<link rel=\"canonical\" href=\"https:\/\/frigoscandia.com\/de\/lager\/\" \/>\n<meta property=\"og:locale\" content=\"de_DE\" \/>\n<meta property=\"og:type\" content=\"article\" \/>\n<meta property=\"og:title\" content=\"Lagerdienstleistungen in Schweden und Norwegen\" \/>\n<meta property=\"og:description\" content=\"Wir bieten eine breite Palette von Dienstleistungen f\u00fcr die Lebensmittellagerung in ver-schiedenen Temperaturzonen an\" \/>\n<meta property=\"og:url\" content=\"https:\/\/frigoscandia.com\/de\/lager\/\" \/>\n<meta property=\"og:site_name\" content=\"Frigoscandia\" \/>\n<meta property=\"article:modified_time\" content=\"2024-02-15T07:40:40+00:00\" \/>\n<meta name=\"twitter:card\" content=\"summary_large_image\" \/>\n<meta name=\"twitter:label1\" content=\"Gesch\u00e4tzte Lesezeit\" \/>\n\t<meta name=\"twitter:data1\" content=\"1\u00a0Minute\" \/>\n<script type=\"application\/ld+json\" class=\"yoast-schema-graph\">{\"@context\":\"https:\\\/\\\/schema.org\",\"@graph\":[{\"@type\":\"WebPage\",\"@id\":\"https:\\\/\\\/frigoscandia.com\\\/de\\\/lager\\\/\",\"url\":\"https:\\\/\\\/frigoscandia.com\\\/de\\\/lager\\\/\",\"name\":\"Lagerdienstleistungen in Schweden und Norwegen\",\"isPartOf\":{\"@id\":\"https:\\\/\\\/frigoscandia.com\\\/#website\"},\"datePublished\":\"2024-02-14T14:33:03+00:00\",\"dateModified\":\"2024-02-15T07:40:40+00:00\",\"description\":\"Wir bieten eine breite Palette von Dienstleistungen f\u00fcr die Lebensmittellagerung in ver-schiedenen Temperaturzonen an\",\"breadcrumb\":{\"@id\":\"https:\\\/\\\/frigoscandia.com\\\/de\\\/lager\\\/#breadcrumb\"},\"inLanguage\":\"de\",\"potentialAction\":[{\"@type\":\"ReadAction\",\"target\":[\"https:\\\/\\\/frigoscandia.com\\\/de\\\/lager\\\/\"]}]},{\"@type\":\"BreadcrumbList\",\"@id\":\"https:\\\/\\\/frigoscandia.com\\\/de\\\/lager\\\/#breadcrumb\",\"itemListElement\":[{\"@type\":\"ListItem\",\"position\":1,\"name\":\"Hem\",\"item\":\"https:\\\/\\\/frigoscandia.com\\\/de\\\/\"},{\"@type\":\"ListItem\",\"position\":2,\"name\":\"Lager\"}]},{\"@type\":\"WebSite\",\"@id\":\"https:\\\/\\\/frigoscandia.com\\\/#website\",\"url\":\"https:\\\/\\\/frigoscandia.com\\\/\",\"name\":\"Frigoscandia\",\"description\":\"Frakttj\u00e4nster\",\"publisher\":{\"@id\":\"https:\\\/\\\/frigoscandia.com\\\/#organization\"},\"potentialAction\":[{\"@type\":\"SearchAction\",\"target\":{\"@type\":\"EntryPoint\",\"urlTemplate\":\"https:\\\/\\\/frigoscandia.com\\\/?s={search_term_string}\"},\"query-input\":{\"@type\":\"PropertyValueSpecification\",\"valueRequired\":true,\"valueName\":\"search_term_string\"}}],\"inLanguage\":\"de\"},{\"@type\":\"Organization\",\"@id\":\"https:\\\/\\\/frigoscandia.com\\\/#organization\",\"name\":\"Frigoscandia\",\"url\":\"https:\\\/\\\/frigoscandia.com\\\/\",\"logo\":{\"@type\":\"ImageObject\",\"inLanguage\":\"de\",\"@id\":\"https:\\\/\\\/frigoscandia.com\\\/#\\\/schema\\\/logo\\\/image\\\/\",\"url\":\"https:\\\/\\\/frigoscandia.com\\\/wp-content\\\/uploads\\\/2021\\\/07\\\/Frigoscandia_logo.png\",\"contentUrl\":\"https:\\\/\\\/frigoscandia.com\\\/wp-content\\\/uploads\\\/2021\\\/07\\\/Frigoscandia_logo.png\",\"width\":2362,\"height\":341,\"caption\":\"Frigoscandia\"},\"image\":{\"@id\":\"https:\\\/\\\/frigoscandia.com\\\/#\\\/schema\\\/logo\\\/image\\\/\"}}]}<\/script>\n<!-- \/ Yoast SEO plugin. -->","yoast_head_json":{"title":"Lagerdienstleistungen in Schweden und Norwegen","description":"Wir bieten eine breite Palette von Dienstleistungen f\u00fcr die Lebensmittellagerung in ver-schiedenen Temperaturzonen an","robots":{"index":"index","follow":"follow","max-snippet":"max-snippet:-1","max-image-preview":"max-image-preview:large","max-video-preview":"max-video-preview:-1"},"canonical":"https:\/\/frigoscandia.com\/de\/lager\/","og_locale":"de_DE","og_type":"article","og_title":"Lagerdienstleistungen in Schweden und Norwegen","og_description":"Wir bieten eine breite Palette von Dienstleistungen f\u00fcr die Lebensmittellagerung in ver-schiedenen Temperaturzonen an","og_url":"https:\/\/frigoscandia.com\/de\/lager\/","og_site_name":"Frigoscandia","article_modified_time":"2024-02-15T07:40:40+00:00","twitter_card":"summary_large_image","twitter_misc":{"Gesch\u00e4tzte Lesezeit":"1\u00a0Minute"},"schema":{"@context":"https:\/\/schema.org","@graph":[{"@type":"WebPage","@id":"https:\/\/frigoscandia.com\/de\/lager\/","url":"https:\/\/frigoscandia.com\/de\/lager\/","name":"Lagerdienstleistungen in Schweden und Norwegen","isPartOf":{"@id":"https:\/\/frigoscandia.com\/#website"},"datePublished":"2024-02-14T14:33:03+00:00","dateModified":"2024-02-15T07:40:40+00:00","description":"Wir bieten eine breite Palette von Dienstleistungen f\u00fcr die Lebensmittellagerung in ver-schiedenen Temperaturzonen an","breadcrumb":{"@id":"https:\/\/frigoscandia.com\/de\/lager\/#breadcrumb"},"inLanguage":"de","potentialAction":[{"@type":"ReadAction","target":["https:\/\/frigoscandia.com\/de\/lager\/"]}]},{"@type":"BreadcrumbList","@id":"https:\/\/frigoscandia.com\/de\/lager\/#breadcrumb","itemListElement":[{"@type":"ListItem","position":1,"name":"Hem","item":"https:\/\/frigoscandia.com\/de\/"},{"@type":"ListItem","position":2,"name":"Lager"}]},{"@type":"WebSite","@id":"https:\/\/frigoscandia.com\/#website","url":"https:\/\/frigoscandia.com\/","name":"Frigoscandia","description":"Frakttj\u00e4nster","publisher":{"@id":"https:\/\/frigoscandia.com\/#organization"},"potentialAction":[{"@type":"SearchAction","target":{"@type":"EntryPoint","urlTemplate":"https:\/\/frigoscandia.com\/?s={search_term_string}"},"query-input":{"@type":"PropertyValueSpecification","valueRequired":true,"valueName":"search_term_string"}}],"inLanguage":"de"},{"@type":"Organization","@id":"https:\/\/frigoscandia.com\/#organization","name":"Frigoscandia","url":"https:\/\/frigoscandia.com\/","logo":{"@type":"ImageObject","inLanguage":"de","@id":"https:\/\/frigoscandia.com\/#\/schema\/logo\/image\/","url":"https:\/\/frigoscandia.com\/wp-content\/uploads\/2021\/07\/Frigoscandia_logo.png","contentUrl":"https:\/\/frigoscandia.com\/wp-content\/uploads\/2021\/07\/Frigoscandia_logo.png","width":2362,"height":341,"caption":"Frigoscandia"},"image":{"@id":"https:\/\/frigoscandia.com\/#\/schema\/logo\/image\/"}}]}},"_links":{"self":[{"href":"https:\/\/frigoscandia.com\/de\/wp-json\/wp\/v2\/pages\/7661","targetHints":{"allow":["GET"]}}],"collection":[{"href":"https:\/\/frigoscandia.com\/de\/wp-json\/wp\/v2\/pages"}],"about":[{"href":"https:\/\/frigoscandia.com\/de\/wp-json\/wp\/v2\/types\/page"}],"author":[{"embeddable":true,"href":"https:\/\/frigoscandia.com\/de\/wp-json\/wp\/v2\/users\/2"}],"replies":[{"embeddable":true,"href":"https:\/\/frigoscandia.com\/de\/wp-json\/wp\/v2\/comments?post=7661"}],"version-history":[{"count":3,"href":"https:\/\/frigoscandia.com\/de\/wp-json\/wp\/v2\/pages\/7661\/revisions"}],"predecessor-version":[{"id":7775,"href":"https:\/\/frigoscandia.com\/de\/wp-json\/wp\/v2\/pages\/7661\/revisions\/7775"}],"wp:attachment":[{"href":"https:\/\/frigoscandia.com\/de\/wp-json\/wp\/v2\/media?parent=7661"}],"curies":[{"name":"wp","href":"https:\/\/api.w.org\/{rel}","templated":true}]}}