{"id":7635,"date":"2022-05-11T09:14:05","date_gmt":"2022-05-11T09:14:05","guid":{"rendered":"https:\/\/frigoscandia.com\/leapdelivery\/"},"modified":"2024-02-20T08:02:20","modified_gmt":"2024-02-20T08:02:20","slug":"leapdelivery","status":"publish","type":"page","link":"https:\/\/frigoscandia.com\/de\/leapdelivery\/","title":{"rendered":"Leap Delivery"},"content":{"rendered":"<div class=\"wpb-content-wrapper\"><p>[vc_row][vc_column width=&#8220;1\/2&#8243;][vc_single_image image=&#8220;7638&#8243; img_size=&#8220;full&#8220;][\/vc_column][vc_column width=&#8220;1\/2&#8243; el_class=&#8220;textblock&#8220; offset=&#8220;vc_hidden-xs&#8220;][vc_column_text]<\/p>\n<h3>Jetzt haben wir einen Logistikfluss f\u00fcr nicht gelistete Lebensmittelprodukte er\u00f6ffnet<\/h3>\n<p>Leap Delivery ist ein neuer Service, der die Logistik f\u00fcr Produkte revolutioniert, die nicht zentral bei den Gro\u00dfh\u00e4ndlern gelistet sind.<\/p>\n<p>Indem wir nicht gelistete Produkte lagern und sie mit den regul\u00e4ren Logistikfl\u00fcssen von Frigoscandia f\u00fcr frische, gek\u00fchlte, gefrorene oder trockene Lebensmittel &#8222;mitfahren&#8220; lassen, k\u00f6nnen wir:<\/p>\n<ul>\n<li>ein landesweites Vertriebsnetzwerk mit Lieferungen an alle Lebensmittelgesch\u00e4fte in Schweden einmal oder mehrmals pro Woche anbieten<\/li>\n<li>die Logistikkosten auch bei kleinen Mengen senken<\/li>\n<li>die Umweltbelastung durch geb\u00fcndelte Ladenlieferungen reduzieren<\/li>\n<\/ul>\n<p>[\/vc_column_text][vc_btn title=&#8220;Verk\u00e4ufer kontaktieren&#8220; color=&#8220;green&#8220; link=&#8220;url:mailto%3Amattias.palm%40frigoscandia.com&#8220;][\/vc_column][\/vc_row][vc_row el_class=&#8220;textblock&#8220;][vc_column offset=&#8220;vc_hidden-lg vc_hidden-md vc_hidden-sm&#8220;][vc_column_text]<\/p>\n<h3>Jetzt haben wir einen Logistikfluss f\u00fcr nicht gelistete Lebensmittelprodukte er\u00f6ffnet<\/h3>\n<p>Leap Delivery ist ein neuer Service, der die Logistik f\u00fcr Produkte revolutioniert, die nicht zentral bei den Gro\u00dfh\u00e4ndlern gelistet sind.<\/p>\n<p>Indem wir nicht gelistete Produkte lagern und sie mit den regul\u00e4ren Logistikfl\u00fcssen von Frigoscandia f\u00fcr frische, gek\u00fchlte, gefrorene oder trockene Lebensmittel &#8222;mitfahren&#8220; lassen, k\u00f6nnen wir:<\/p>\n<ul>\n<li>ein landesweites Vertriebsnetzwerk mit Lieferungen an alle Lebensmittelgesch\u00e4fte in Schweden einmal oder mehrmals pro Woche anbieten<\/li>\n<li>die Logistikkosten auch bei kleinen Mengen senken<\/li>\n<li>die Umweltbelastung durch geb\u00fcndelte Ladenlieferungen reduzieren<\/li>\n<\/ul>\n<p>Klicken Sie auf die untenstehenden K\u00e4stchen, um mehr \u00fcber Leap Delivery zu erfahren und von den verschiedenen Vorteilen des Services zu profitieren, unabh\u00e4ngig davon, ob Sie Produkte an Lieferanten liefern oder im Einzelhandel einkaufen.[\/vc_column_text][\/vc_column][\/vc_row][vc_row][vc_column width=&#8220;1\/2&#8243; el_class=&#8220;textblock&#8220;][vc_column_text css=&#8220;.vc_custom_1707916570842{margin-bottom: 15px !important;}&#8220;]<\/p>\n<h3>M\u00f6chten Sie wissen, wie der Warenfluss im Leap Delivery-Service aussieht?<\/h3>\n<p>Klicken Sie auf den Link unten, um den Warenfluss im Leap Delivery-Service Schritt f\u00fcr Schritt zu verfolgen. Auf diese Weise k\u00f6nnen Sie verstehen, wie der Fluss funktioniert und wer in der Lieferkette welche Aufgaben hat.<\/p>\n<p>Klicken Sie auf die Zahlen im Bild oder im Men\u00fc links unten, um mehr zu erfahren \u00fcber:<\/p>\n<p>Schritt 1-2: Rohstoffbeschaffung<br \/>\nSchritt 3: Lieferung von Lebensmittelprodukten an das Lager<br \/>\nSchritt 4-7: Operationen vom Lagerempfang bis zur Kundenbestellung<br \/>\nSchritt 8-11: Operationen von der Auftragskommissionierung bis zur Verteilung<br \/>\nSchritt 12-13: Lieferung an das Gesch\u00e4ft[\/vc_column_text][vc_btn title=&#8220;Interaktive Karte des Leap-Delivery-Versorgungsketten&#8220; color=&#8220;green&#8220; link=&#8220;url:https%3A%2F%2Ffrigoscandia.com%2Fsupplychain_popup%2F%3Fid%3D7826|title:Leap%20Delivery|target:_blank&#8220;][\/vc_column][vc_column width=&#8220;1\/2&#8243; offset=&#8220;vc_hidden-xs&#8220;][vc_single_image image=&#8220;7560&#8243; img_size=&#8220;full&#8220;][\/vc_column][\/vc_row]<\/p>\n<\/div>","protected":false},"excerpt":{"rendered":"<p>[vc_row][vc_column width=&#8220;1\/2&#8243;][vc_single_image image=&#8220;7638&#8243; img_size=&#8220;full&#8220;][\/vc_column][vc_column width=&#8220;1\/2&#8243; el_class=&#8220;textblock&#8220; offset=&#8220;vc_hidden-xs&#8220;][vc_column_text] Jetzt haben wir einen Logistikfluss f\u00fcr nicht gelistete Lebensmittelprodukte er\u00f6ffnet Leap Delivery ist ein neuer Service, der die Logistik f\u00fcr Produkte revolutioniert, die nicht zentral bei den Gro\u00dfh\u00e4ndlern gelistet sind. Indem wir nicht gelistete Produkte lagern und sie mit den regul\u00e4ren Logistikfl\u00fcssen von Frigoscandia f\u00fcr frische, gek\u00fchlte, gefrorene [&#8230;]<\/p>\n<p><a class=\"btn btn-secondary understrap-read-more-link\" href=\"https:\/\/frigoscandia.com\/de\/leapdelivery\/\">Weiterlesen&#8230;<\/a><\/p>\n","protected":false},"author":2,"featured_media":0,"parent":0,"menu_order":0,"comment_status":"closed","ping_status":"closed","template":"","meta":{"_acf_changed":false,"footnotes":""},"class_list":["post-7635","page","type-page","status-publish","hentry"],"acf":[],"yoast_head":"<!-- This site is optimized with the Yoast SEO plugin v27.4 - https:\/\/yoast.com\/product\/yoast-seo-wordpress\/ -->\n<title>Leap Delivery - Frigoscandia<\/title>\n<meta name=\"description\" content=\"Jetzt haben wir einen Logistikfluss f\u00fcr nicht gelistete Lebensmittelprodukte er\u00f6ffnet\" \/>\n<meta name=\"robots\" content=\"index, follow, max-snippet:-1, max-image-preview:large, max-video-preview:-1\" \/>\n<link rel=\"canonical\" href=\"https:\/\/frigoscandia.com\/de\/leapdelivery\/\" \/>\n<meta property=\"og:locale\" content=\"de_DE\" \/>\n<meta property=\"og:type\" content=\"article\" \/>\n<meta property=\"og:title\" content=\"Leap Delivery - Frigoscandia\" \/>\n<meta property=\"og:description\" content=\"Jetzt haben wir einen Logistikfluss f\u00fcr nicht gelistete Lebensmittelprodukte er\u00f6ffnet\" \/>\n<meta property=\"og:url\" content=\"https:\/\/frigoscandia.com\/de\/leapdelivery\/\" \/>\n<meta property=\"og:site_name\" content=\"Frigoscandia\" \/>\n<meta property=\"article:modified_time\" content=\"2024-02-20T08:02:20+00:00\" \/>\n<meta name=\"twitter:card\" content=\"summary_large_image\" \/>\n<meta name=\"twitter:label1\" content=\"Gesch\u00e4tzte Lesezeit\" \/>\n\t<meta name=\"twitter:data1\" content=\"2\u00a0Minuten\" \/>\n<script type=\"application\/ld+json\" class=\"yoast-schema-graph\">{\"@context\":\"https:\\\/\\\/schema.org\",\"@graph\":[{\"@type\":\"WebPage\",\"@id\":\"https:\\\/\\\/frigoscandia.com\\\/de\\\/leapdelivery\\\/\",\"url\":\"https:\\\/\\\/frigoscandia.com\\\/de\\\/leapdelivery\\\/\",\"name\":\"Leap Delivery - Frigoscandia\",\"isPartOf\":{\"@id\":\"https:\\\/\\\/frigoscandia.com\\\/#website\"},\"datePublished\":\"2022-05-11T09:14:05+00:00\",\"dateModified\":\"2024-02-20T08:02:20+00:00\",\"description\":\"Jetzt haben wir einen Logistikfluss f\u00fcr nicht gelistete Lebensmittelprodukte er\u00f6ffnet\",\"breadcrumb\":{\"@id\":\"https:\\\/\\\/frigoscandia.com\\\/de\\\/leapdelivery\\\/#breadcrumb\"},\"inLanguage\":\"de\",\"potentialAction\":[{\"@type\":\"ReadAction\",\"target\":[\"https:\\\/\\\/frigoscandia.com\\\/de\\\/leapdelivery\\\/\"]}]},{\"@type\":\"BreadcrumbList\",\"@id\":\"https:\\\/\\\/frigoscandia.com\\\/de\\\/leapdelivery\\\/#breadcrumb\",\"itemListElement\":[{\"@type\":\"ListItem\",\"position\":1,\"name\":\"Hem\",\"item\":\"https:\\\/\\\/frigoscandia.com\\\/de\\\/\"},{\"@type\":\"ListItem\",\"position\":2,\"name\":\"Leap Delivery\"}]},{\"@type\":\"WebSite\",\"@id\":\"https:\\\/\\\/frigoscandia.com\\\/#website\",\"url\":\"https:\\\/\\\/frigoscandia.com\\\/\",\"name\":\"Frigoscandia\",\"description\":\"Frakttj\u00e4nster\",\"publisher\":{\"@id\":\"https:\\\/\\\/frigoscandia.com\\\/#organization\"},\"potentialAction\":[{\"@type\":\"SearchAction\",\"target\":{\"@type\":\"EntryPoint\",\"urlTemplate\":\"https:\\\/\\\/frigoscandia.com\\\/?s={search_term_string}\"},\"query-input\":{\"@type\":\"PropertyValueSpecification\",\"valueRequired\":true,\"valueName\":\"search_term_string\"}}],\"inLanguage\":\"de\"},{\"@type\":\"Organization\",\"@id\":\"https:\\\/\\\/frigoscandia.com\\\/#organization\",\"name\":\"Frigoscandia\",\"url\":\"https:\\\/\\\/frigoscandia.com\\\/\",\"logo\":{\"@type\":\"ImageObject\",\"inLanguage\":\"de\",\"@id\":\"https:\\\/\\\/frigoscandia.com\\\/#\\\/schema\\\/logo\\\/image\\\/\",\"url\":\"https:\\\/\\\/frigoscandia.com\\\/wp-content\\\/uploads\\\/2021\\\/07\\\/Frigoscandia_logo.png\",\"contentUrl\":\"https:\\\/\\\/frigoscandia.com\\\/wp-content\\\/uploads\\\/2021\\\/07\\\/Frigoscandia_logo.png\",\"width\":2362,\"height\":341,\"caption\":\"Frigoscandia\"},\"image\":{\"@id\":\"https:\\\/\\\/frigoscandia.com\\\/#\\\/schema\\\/logo\\\/image\\\/\"}}]}<\/script>\n<!-- \/ Yoast SEO plugin. -->","yoast_head_json":{"title":"Leap Delivery - Frigoscandia","description":"Jetzt haben wir einen Logistikfluss f\u00fcr nicht gelistete Lebensmittelprodukte er\u00f6ffnet","robots":{"index":"index","follow":"follow","max-snippet":"max-snippet:-1","max-image-preview":"max-image-preview:large","max-video-preview":"max-video-preview:-1"},"canonical":"https:\/\/frigoscandia.com\/de\/leapdelivery\/","og_locale":"de_DE","og_type":"article","og_title":"Leap Delivery - Frigoscandia","og_description":"Jetzt haben wir einen Logistikfluss f\u00fcr nicht gelistete Lebensmittelprodukte er\u00f6ffnet","og_url":"https:\/\/frigoscandia.com\/de\/leapdelivery\/","og_site_name":"Frigoscandia","article_modified_time":"2024-02-20T08:02:20+00:00","twitter_card":"summary_large_image","twitter_misc":{"Gesch\u00e4tzte Lesezeit":"2\u00a0Minuten"},"schema":{"@context":"https:\/\/schema.org","@graph":[{"@type":"WebPage","@id":"https:\/\/frigoscandia.com\/de\/leapdelivery\/","url":"https:\/\/frigoscandia.com\/de\/leapdelivery\/","name":"Leap Delivery - Frigoscandia","isPartOf":{"@id":"https:\/\/frigoscandia.com\/#website"},"datePublished":"2022-05-11T09:14:05+00:00","dateModified":"2024-02-20T08:02:20+00:00","description":"Jetzt haben wir einen Logistikfluss f\u00fcr nicht gelistete Lebensmittelprodukte er\u00f6ffnet","breadcrumb":{"@id":"https:\/\/frigoscandia.com\/de\/leapdelivery\/#breadcrumb"},"inLanguage":"de","potentialAction":[{"@type":"ReadAction","target":["https:\/\/frigoscandia.com\/de\/leapdelivery\/"]}]},{"@type":"BreadcrumbList","@id":"https:\/\/frigoscandia.com\/de\/leapdelivery\/#breadcrumb","itemListElement":[{"@type":"ListItem","position":1,"name":"Hem","item":"https:\/\/frigoscandia.com\/de\/"},{"@type":"ListItem","position":2,"name":"Leap Delivery"}]},{"@type":"WebSite","@id":"https:\/\/frigoscandia.com\/#website","url":"https:\/\/frigoscandia.com\/","name":"Frigoscandia","description":"Frakttj\u00e4nster","publisher":{"@id":"https:\/\/frigoscandia.com\/#organization"},"potentialAction":[{"@type":"SearchAction","target":{"@type":"EntryPoint","urlTemplate":"https:\/\/frigoscandia.com\/?s={search_term_string}"},"query-input":{"@type":"PropertyValueSpecification","valueRequired":true,"valueName":"search_term_string"}}],"inLanguage":"de"},{"@type":"Organization","@id":"https:\/\/frigoscandia.com\/#organization","name":"Frigoscandia","url":"https:\/\/frigoscandia.com\/","logo":{"@type":"ImageObject","inLanguage":"de","@id":"https:\/\/frigoscandia.com\/#\/schema\/logo\/image\/","url":"https:\/\/frigoscandia.com\/wp-content\/uploads\/2021\/07\/Frigoscandia_logo.png","contentUrl":"https:\/\/frigoscandia.com\/wp-content\/uploads\/2021\/07\/Frigoscandia_logo.png","width":2362,"height":341,"caption":"Frigoscandia"},"image":{"@id":"https:\/\/frigoscandia.com\/#\/schema\/logo\/image\/"}}]}},"_links":{"self":[{"href":"https:\/\/frigoscandia.com\/de\/wp-json\/wp\/v2\/pages\/7635","targetHints":{"allow":["GET"]}}],"collection":[{"href":"https:\/\/frigoscandia.com\/de\/wp-json\/wp\/v2\/pages"}],"about":[{"href":"https:\/\/frigoscandia.com\/de\/wp-json\/wp\/v2\/types\/page"}],"author":[{"embeddable":true,"href":"https:\/\/frigoscandia.com\/de\/wp-json\/wp\/v2\/users\/2"}],"replies":[{"embeddable":true,"href":"https:\/\/frigoscandia.com\/de\/wp-json\/wp\/v2\/comments?post=7635"}],"version-history":[{"count":10,"href":"https:\/\/frigoscandia.com\/de\/wp-json\/wp\/v2\/pages\/7635\/revisions"}],"predecessor-version":[{"id":7828,"href":"https:\/\/frigoscandia.com\/de\/wp-json\/wp\/v2\/pages\/7635\/revisions\/7828"}],"wp:attachment":[{"href":"https:\/\/frigoscandia.com\/de\/wp-json\/wp\/v2\/media?parent=7635"}],"curies":[{"name":"wp","href":"https:\/\/api.w.org\/{rel}","templated":true}]}}