{"id":7628,"date":"2021-01-09T11:01:53","date_gmt":"2021-01-09T11:01:53","guid":{"rendered":"https:\/\/frigoscandia.com\/efn\/"},"modified":"2024-02-15T12:55:24","modified_gmt":"2024-02-15T12:55:24","slug":"efn","status":"publish","type":"page","link":"https:\/\/frigoscandia.com\/de\/efn\/","title":{"rendered":"EFN"},"content":{"rendered":"<div class=\"wpb-content-wrapper\"><p>[vc_row][vc_column width=&#8220;1\/2&#8243;][vc_single_image image=&#8220;7631&#8243; img_size=&#8220;full&#8220;][\/vc_column][vc_column width=&#8220;1\/2&#8243; el_class=&#8220;textblock&#8220; offset=&#8220;vc_hidden-xs&#8220;][vc_column_text]<\/p>\n<h3>Effiziente Transporte nach und von Europa.<\/h3>\n<p>Regelm\u00e4\u00dfige und zuverl\u00e4ssige temperaturkontrollierte L\u00f6sungen f\u00fcr St\u00fcckguttransporte in Europa sind oft schwer zu etablieren. Daher gibt es das European Food Network (EFN), eine seit vielen Jahren etablierte Zusammenarbeit zwischen rund 20 verschiedenen europ\u00e4ischen Spediteuren mit einem klaren Ziel: effiziente und qualitativ hochwertige temperaturkontrollierte St\u00fcckguttransporte sicherzustellen.<\/p>\n<p>Frigoscandia ist Partner im EFN und verantwortet heute die Distribution und Abholung in Schweden, Norwegen und Finnland. F\u00fcr uns ist die Zusammenarbeit wichtig, da sie der nordischen Lebensmittelindustrie zugutekommt.[\/vc_column_text][vc_btn title=&#8220;european-foodnetwork.com&#8220; color=&#8220;green&#8220; size=&#8220;sm&#8220; link=&#8220;url:https%3A%2F%2Feuropean-foodnetwork.com%2F|target:_blank&#8220;][\/vc_column][\/vc_row][vc_row el_class=&#8220;textblock&#8220;][vc_column offset=&#8220;vc_hidden-lg vc_hidden-md vc_hidden-sm&#8220;][vc_column_text]<\/p>\n<h3>Effiziente Transporte nach und von Europa.<\/h3>\n<p>Regelm\u00e4\u00dfige und zuverl\u00e4ssige temperaturkontrollierte L\u00f6sungen f\u00fcr St\u00fcckguttransporte in Europa sind oft schwer zu etablieren. Daher gibt es das European Food Network (EFN), eine seit vielen Jahren etablierte Zusammenarbeit zwischen rund 20 verschiedenen europ\u00e4ischen Spediteuren mit einem klaren Ziel: effiziente und qualitativ hochwertige temperaturkontrollierte St\u00fcckguttransporte sicherzustellen.<\/p>\n<p>Frigoscandia ist Partner im EFN und verantwortet heute die Distribution und Abholung in Schweden, Norwegen und Finnland. F\u00fcr uns ist die Zusammenarbeit wichtig, da sie der nordischen Lebensmittelindustrie zugutekommt.[\/vc_column_text][vc_btn title=&#8220;european-foodnetwork.com&#8220; color=&#8220;green&#8220; size=&#8220;sm&#8220; link=&#8220;url:https%3A%2F%2Feuropean-foodnetwork.com%2F|target:_blank&#8220;][\/vc_column][\/vc_row][vc_row el_class=&#8220;bigblock2&#8243;][vc_column width=&#8220;1\/2&#8243; el_class=&#8220;textblock&#8220; offset=&#8220;vc_hidden-xs&#8220;][vc_column_text el_class=&#8220;textblock&#8220;]<\/p>\n<h3>Durch die Zusammenarbeit \u00f6ffnen wir die T\u00fcr nach Europa mit folgenden Vorteilen:<\/h3>\n<p>Ein zuverl\u00e4ssiges und dynamisches Netzwerk mit standardisierten Produkten und klar definierten Vorlaufzeiten f\u00fcr maximale Transparenz Vollst\u00e4ndige Abdeckung ganz Europas, unabh\u00e4ngig davon, wo sich Kunden oder Lieferanten befinden Qualitativ hochwertige Transporte mit etablierten und erfahrenen Partnern, bei denen Ihre Waren und die erforderliche K\u00fchlkette immer Priorit\u00e4t haben Lokal starke und flexible Partner auf jedem Markt[\/vc_column_text][\/vc_column][vc_column width=&#8220;1\/2&#8243;][vc_single_image image=&#8220;6290&#8243; img_size=&#8220;full&#8220;][\/vc_column][\/vc_row][vc_row el_class=&#8220;textblock&#8220;][vc_column offset=&#8220;vc_hidden-lg vc_hidden-md vc_hidden-sm&#8220;][vc_column_text]<\/p>\n<h3>Durch die Zusammenarbeit \u00f6ffnen wir die T\u00fcr nach Europa mit folgenden Vorteilen:<\/h3>\n<p>Ein zuverl\u00e4ssiges und dynamisches Netzwerk mit standardisierten Produkten und klar definierten Vorlaufzeiten f\u00fcr maximale Transparenz Vollst\u00e4ndige Abdeckung ganz Europas, unabh\u00e4ngig davon, wo sich Kunden oder Lieferanten befinden Qualitativ hochwertige Transporte mit etablierten und erfahrenen Partnern, bei denen Ihre Waren und die erforderliche K\u00fchlkette immer Priorit\u00e4t haben Lokal starke und flexible Partner auf jedem Markt[\/vc_column_text][\/vc_column][\/vc_row][vc_row][vc_column css=&#8220;.vc_custom_1628685410835{background-image: url(https:\/\/frigoscandia.com\/wp-content\/uploads\/2021\/08\/FRIGO_imagebild_homepage_1400x580px_textyta_PA_2.jpg?id=3214) !important;}&#8220; el_class=&#8220;imageback&#8220;][vc_column_text]<\/p>\n<h3>M\u00f6chten Sie mehr \u00fcber das EFN erfahren?<\/h3>\n<p>Bitte kontaktieren Sie gerne unsere Vertriebsabteilung, die \u00fcber langj\u00e4hrige Erfahrung im St\u00fcckguttransport nach und von Europa verf\u00fcgt.[\/vc_column_text][vc_btn title=&#8220;E-Post&#8220; color=&#8220;green&#8220; align=&#8220;center&#8220; link=&#8220;url:mailto%3Amattias.palm%40frigoscandia.com|title:Generell%20kontakt&#8220;][\/vc_column][\/vc_row]<\/p>\n<\/div>","protected":false},"excerpt":{"rendered":"<p>[vc_row][vc_column width=&#8220;1\/2&#8243;][vc_single_image image=&#8220;7631&#8243; img_size=&#8220;full&#8220;][\/vc_column][vc_column width=&#8220;1\/2&#8243; el_class=&#8220;textblock&#8220; offset=&#8220;vc_hidden-xs&#8220;][vc_column_text] Effiziente Transporte nach und von Europa. Regelm\u00e4\u00dfige und zuverl\u00e4ssige temperaturkontrollierte L\u00f6sungen f\u00fcr St\u00fcckguttransporte in Europa sind oft schwer zu etablieren. Daher gibt es das European Food Network (EFN), eine seit vielen Jahren etablierte Zusammenarbeit zwischen rund 20 verschiedenen europ\u00e4ischen Spediteuren mit einem klaren Ziel: effiziente und qualitativ hochwertige [&#8230;]<\/p>\n<p><a class=\"btn btn-secondary understrap-read-more-link\" href=\"https:\/\/frigoscandia.com\/de\/efn\/\">Weiterlesen&#8230;<\/a><\/p>\n","protected":false},"author":2,"featured_media":0,"parent":0,"menu_order":0,"comment_status":"closed","ping_status":"closed","template":"","meta":{"_acf_changed":false,"footnotes":""},"class_list":["post-7628","page","type-page","status-publish","hentry"],"acf":[],"yoast_head":"<!-- This site is optimized with the Yoast SEO plugin v27.5 - https:\/\/yoast.com\/product\/yoast-seo-wordpress\/ -->\n<title>EFN Partner - Frigoscandia<\/title>\n<meta name=\"description\" content=\"Durch das EFN war es noch nie einfacher, effiziente Logistikl\u00f6sungen f\u00fcr temperaturkontrollierte Transporte in Europa zu gestalten.\" \/>\n<meta name=\"robots\" content=\"index, follow, max-snippet:-1, max-image-preview:large, max-video-preview:-1\" \/>\n<link rel=\"canonical\" href=\"https:\/\/frigoscandia.com\/de\/efn\/\" \/>\n<meta property=\"og:locale\" content=\"de_DE\" \/>\n<meta property=\"og:type\" content=\"article\" \/>\n<meta property=\"og:title\" content=\"EFN Partner - Frigoscandia\" \/>\n<meta property=\"og:description\" content=\"Durch das EFN war es noch nie einfacher, effiziente Logistikl\u00f6sungen f\u00fcr temperaturkontrollierte Transporte in Europa zu gestalten.\" \/>\n<meta property=\"og:url\" content=\"https:\/\/frigoscandia.com\/de\/efn\/\" \/>\n<meta property=\"og:site_name\" content=\"Frigoscandia\" \/>\n<meta property=\"article:modified_time\" content=\"2024-02-15T12:55:24+00:00\" \/>\n<meta name=\"twitter:card\" content=\"summary_large_image\" \/>\n<meta name=\"twitter:label1\" content=\"Gesch\u00e4tzte Lesezeit\" \/>\n\t<meta name=\"twitter:data1\" content=\"2\u00a0Minuten\" \/>\n<script type=\"application\/ld+json\" class=\"yoast-schema-graph\">{\"@context\":\"https:\\\/\\\/schema.org\",\"@graph\":[{\"@type\":\"WebPage\",\"@id\":\"https:\\\/\\\/frigoscandia.com\\\/de\\\/efn\\\/\",\"url\":\"https:\\\/\\\/frigoscandia.com\\\/de\\\/efn\\\/\",\"name\":\"EFN Partner - Frigoscandia\",\"isPartOf\":{\"@id\":\"https:\\\/\\\/frigoscandia.com\\\/#website\"},\"datePublished\":\"2021-01-09T11:01:53+00:00\",\"dateModified\":\"2024-02-15T12:55:24+00:00\",\"description\":\"Durch das EFN war es noch nie einfacher, effiziente Logistikl\u00f6sungen f\u00fcr temperaturkontrollierte Transporte in Europa zu gestalten.\",\"breadcrumb\":{\"@id\":\"https:\\\/\\\/frigoscandia.com\\\/de\\\/efn\\\/#breadcrumb\"},\"inLanguage\":\"de\",\"potentialAction\":[{\"@type\":\"ReadAction\",\"target\":[\"https:\\\/\\\/frigoscandia.com\\\/de\\\/efn\\\/\"]}]},{\"@type\":\"BreadcrumbList\",\"@id\":\"https:\\\/\\\/frigoscandia.com\\\/de\\\/efn\\\/#breadcrumb\",\"itemListElement\":[{\"@type\":\"ListItem\",\"position\":1,\"name\":\"Hem\",\"item\":\"https:\\\/\\\/frigoscandia.com\\\/de\\\/\"},{\"@type\":\"ListItem\",\"position\":2,\"name\":\"EFN\"}]},{\"@type\":\"WebSite\",\"@id\":\"https:\\\/\\\/frigoscandia.com\\\/#website\",\"url\":\"https:\\\/\\\/frigoscandia.com\\\/\",\"name\":\"Frigoscandia\",\"description\":\"Frakttj\u00e4nster\",\"publisher\":{\"@id\":\"https:\\\/\\\/frigoscandia.com\\\/#organization\"},\"potentialAction\":[{\"@type\":\"SearchAction\",\"target\":{\"@type\":\"EntryPoint\",\"urlTemplate\":\"https:\\\/\\\/frigoscandia.com\\\/?s={search_term_string}\"},\"query-input\":{\"@type\":\"PropertyValueSpecification\",\"valueRequired\":true,\"valueName\":\"search_term_string\"}}],\"inLanguage\":\"de\"},{\"@type\":\"Organization\",\"@id\":\"https:\\\/\\\/frigoscandia.com\\\/#organization\",\"name\":\"Frigoscandia\",\"url\":\"https:\\\/\\\/frigoscandia.com\\\/\",\"logo\":{\"@type\":\"ImageObject\",\"inLanguage\":\"de\",\"@id\":\"https:\\\/\\\/frigoscandia.com\\\/#\\\/schema\\\/logo\\\/image\\\/\",\"url\":\"https:\\\/\\\/frigoscandia.com\\\/wp-content\\\/uploads\\\/2021\\\/07\\\/Frigoscandia_logo.png\",\"contentUrl\":\"https:\\\/\\\/frigoscandia.com\\\/wp-content\\\/uploads\\\/2021\\\/07\\\/Frigoscandia_logo.png\",\"width\":2362,\"height\":341,\"caption\":\"Frigoscandia\"},\"image\":{\"@id\":\"https:\\\/\\\/frigoscandia.com\\\/#\\\/schema\\\/logo\\\/image\\\/\"}}]}<\/script>\n<!-- \/ Yoast SEO plugin. -->","yoast_head_json":{"title":"EFN Partner - Frigoscandia","description":"Durch das EFN war es noch nie einfacher, effiziente Logistikl\u00f6sungen f\u00fcr temperaturkontrollierte Transporte in Europa zu gestalten.","robots":{"index":"index","follow":"follow","max-snippet":"max-snippet:-1","max-image-preview":"max-image-preview:large","max-video-preview":"max-video-preview:-1"},"canonical":"https:\/\/frigoscandia.com\/de\/efn\/","og_locale":"de_DE","og_type":"article","og_title":"EFN Partner - Frigoscandia","og_description":"Durch das EFN war es noch nie einfacher, effiziente Logistikl\u00f6sungen f\u00fcr temperaturkontrollierte Transporte in Europa zu gestalten.","og_url":"https:\/\/frigoscandia.com\/de\/efn\/","og_site_name":"Frigoscandia","article_modified_time":"2024-02-15T12:55:24+00:00","twitter_card":"summary_large_image","twitter_misc":{"Gesch\u00e4tzte Lesezeit":"2\u00a0Minuten"},"schema":{"@context":"https:\/\/schema.org","@graph":[{"@type":"WebPage","@id":"https:\/\/frigoscandia.com\/de\/efn\/","url":"https:\/\/frigoscandia.com\/de\/efn\/","name":"EFN Partner - Frigoscandia","isPartOf":{"@id":"https:\/\/frigoscandia.com\/#website"},"datePublished":"2021-01-09T11:01:53+00:00","dateModified":"2024-02-15T12:55:24+00:00","description":"Durch das EFN war es noch nie einfacher, effiziente Logistikl\u00f6sungen f\u00fcr temperaturkontrollierte Transporte in Europa zu gestalten.","breadcrumb":{"@id":"https:\/\/frigoscandia.com\/de\/efn\/#breadcrumb"},"inLanguage":"de","potentialAction":[{"@type":"ReadAction","target":["https:\/\/frigoscandia.com\/de\/efn\/"]}]},{"@type":"BreadcrumbList","@id":"https:\/\/frigoscandia.com\/de\/efn\/#breadcrumb","itemListElement":[{"@type":"ListItem","position":1,"name":"Hem","item":"https:\/\/frigoscandia.com\/de\/"},{"@type":"ListItem","position":2,"name":"EFN"}]},{"@type":"WebSite","@id":"https:\/\/frigoscandia.com\/#website","url":"https:\/\/frigoscandia.com\/","name":"Frigoscandia","description":"Frakttj\u00e4nster","publisher":{"@id":"https:\/\/frigoscandia.com\/#organization"},"potentialAction":[{"@type":"SearchAction","target":{"@type":"EntryPoint","urlTemplate":"https:\/\/frigoscandia.com\/?s={search_term_string}"},"query-input":{"@type":"PropertyValueSpecification","valueRequired":true,"valueName":"search_term_string"}}],"inLanguage":"de"},{"@type":"Organization","@id":"https:\/\/frigoscandia.com\/#organization","name":"Frigoscandia","url":"https:\/\/frigoscandia.com\/","logo":{"@type":"ImageObject","inLanguage":"de","@id":"https:\/\/frigoscandia.com\/#\/schema\/logo\/image\/","url":"https:\/\/frigoscandia.com\/wp-content\/uploads\/2021\/07\/Frigoscandia_logo.png","contentUrl":"https:\/\/frigoscandia.com\/wp-content\/uploads\/2021\/07\/Frigoscandia_logo.png","width":2362,"height":341,"caption":"Frigoscandia"},"image":{"@id":"https:\/\/frigoscandia.com\/#\/schema\/logo\/image\/"}}]}},"_links":{"self":[{"href":"https:\/\/frigoscandia.com\/de\/wp-json\/wp\/v2\/pages\/7628","targetHints":{"allow":["GET"]}}],"collection":[{"href":"https:\/\/frigoscandia.com\/de\/wp-json\/wp\/v2\/pages"}],"about":[{"href":"https:\/\/frigoscandia.com\/de\/wp-json\/wp\/v2\/types\/page"}],"author":[{"embeddable":true,"href":"https:\/\/frigoscandia.com\/de\/wp-json\/wp\/v2\/users\/2"}],"replies":[{"embeddable":true,"href":"https:\/\/frigoscandia.com\/de\/wp-json\/wp\/v2\/comments?post=7628"}],"version-history":[{"count":6,"href":"https:\/\/frigoscandia.com\/de\/wp-json\/wp\/v2\/pages\/7628\/revisions"}],"predecessor-version":[{"id":7821,"href":"https:\/\/frigoscandia.com\/de\/wp-json\/wp\/v2\/pages\/7628\/revisions\/7821"}],"wp:attachment":[{"href":"https:\/\/frigoscandia.com\/de\/wp-json\/wp\/v2\/media?parent=7628"}],"curies":[{"name":"wp","href":"https:\/\/api.w.org\/{rel}","templated":true}]}}