{"id":7613,"date":"2021-01-09T13:57:21","date_gmt":"2021-01-09T13:57:21","guid":{"rendered":"https:\/\/frigoscandia.com\/om-frigoscandia\/"},"modified":"2024-02-15T12:56:36","modified_gmt":"2024-02-15T12:56:36","slug":"um-frigoscandia","status":"publish","type":"page","link":"https:\/\/frigoscandia.com\/de\/um-frigoscandia\/","title":{"rendered":"Um Frigoscandia"},"content":{"rendered":"<div class=\"wpb-content-wrapper\"><p>[vc_row][vc_column width=&#8220;1\/5&#8243;][\/vc_column][vc_column width=&#8220;3\/5&#8243; css=&#8220;.vc_custom_1708001587993{margin-top: 20px !important;margin-bottom: 20px !important;}&#8220;][vc_column_text]<\/p>\n<h3 style=\"text-align: center;\"><strong>1948 Gesch\u00e4ftskonzept: Angebot von Kostenbeteiligung f\u00fcr Warenbesitzer f\u00fcr Investitionen in K\u00fchlung, Lagerung und Distribution<\/strong><\/h3>\n<p style=\"text-align: center;\">Die Idee hinter dem Start der Gefrierbetriebe von Frigoscandia im Jahr 1948 war es, die Warenbesitzer von der Last zu befreien, ihre eigenen Gefrier-, Lager- und Distributionsanlagen zu besitzen. Das Konzept sah vor, dass die Warenbesitzer die teuren Investitionen teilten, die erforderlich waren, um eine sichere und effiziente Lebensmittelproduktion zu erm\u00f6glichen.<\/p>\n<p>[\/vc_column_text][\/vc_column][vc_column width=&#8220;1\/5&#8243;][\/vc_column][\/vc_row][vc_row content_placement=&#8220;top&#8220; el_class=&#8220;bigblock2&#8243;][vc_column width=&#8220;1\/2&#8243; el_class=&#8220;textblock&#8220; offset=&#8220;vc_hidden-xs&#8220;][vc_column_text]Das erste Gefrierlager wurde 1950 fertiggestellt und konzentrierte sich auf die beiden wertsch\u00f6pfenden Dienstleistungen &#8222;Gefrieren&#8220; und &#8222;K\u00fchl Lagerung&#8220;, die schnell in die Fertigungsprozesse der Kunden integriert wurden. Um das Gefrierlager herum entstand eine sogenannte &#8222;Food Town&#8220;, die Produktionsanlagen umfasste, in denen Branchenf\u00fchrer wie SCAN und Findus ihre Betriebe etablierten.<\/p>\n<p>In den 1960er, 1970er, 1980er und 1990er Jahren expandierte Frigoscandia global und erreichte bis zur Jahrtausendwende eine Gesamtlagerkapazit\u00e4t von \u00fcber 5,6 Millionen Kubikmetern. Gleichzeitig erweiterte Frigoscandia sein Angebot f\u00fcr die Lebensmittelindustrie, indem es Ausr\u00fcstung (heute JBT) f\u00fcr die Produktionsprozesse der Warenbesitzer bereitstellte.[\/vc_column_text][\/vc_column][vc_column width=&#8220;1\/2&#8243;][vc_single_image image=&#8220;7624&#8243; img_size=&#8220;full&#8220;][\/vc_column][\/vc_row][vc_row el_class=&#8220;textblock&#8220;][vc_column offset=&#8220;vc_hidden-lg vc_hidden-md vc_hidden-sm&#8220;][vc_column_text]Das erste Gefrierlager wurde 1950 fertiggestellt und konzentrierte sich auf die beiden wertsch\u00f6pfenden Dienstleistungen &#8222;Gefrieren&#8220; und &#8222;K\u00fchl Lagerung&#8220;, die schnell in die Fertigungsprozesse der Kunden integriert wurden. Um das Gefrierlager herum entstand eine sogenannte &#8222;Food Town&#8220;, die Produktionsanlagen umfasste, in denen Branchenf\u00fchrer wie SCAN und Findus ihre Betriebe etablierten.<\/p>\n<p>In den 1960er, 1970er, 1980er und 1990er Jahren expandierte Frigoscandia global und erreichte bis zur Jahrtausendwende eine Gesamtlagerkapazit\u00e4t von \u00fcber 5,6 Millionen Kubikmetern. Gleichzeitig erweiterte Frigoscandia sein Angebot f\u00fcr die Lebensmittelindustrie, indem es Ausr\u00fcstung (heute JBT) f\u00fcr die Produktionsprozesse der Warenbesitzer bereitstellte.[\/vc_column_text][\/vc_column][\/vc_row]<\/p>\n<\/div>","protected":false},"excerpt":{"rendered":"<p>[vc_row][vc_column width=&#8220;1\/5&#8243;][\/vc_column][vc_column width=&#8220;3\/5&#8243; css=&#8220;.vc_custom_1708001587993{margin-top: 20px !important;margin-bottom: 20px !important;}&#8220;][vc_column_text] 1948 Gesch\u00e4ftskonzept: Angebot von Kostenbeteiligung f\u00fcr Warenbesitzer f\u00fcr Investitionen in K\u00fchlung, Lagerung und Distribution Die Idee hinter dem Start der Gefrierbetriebe von Frigoscandia im Jahr 1948 war es, die Warenbesitzer von der Last zu befreien, ihre eigenen Gefrier-, Lager- und Distributionsanlagen zu besitzen. Das Konzept sah vor, [&#8230;]<\/p>\n<p><a class=\"btn btn-secondary understrap-read-more-link\" href=\"https:\/\/frigoscandia.com\/de\/um-frigoscandia\/\">Weiterlesen&#8230;<\/a><\/p>\n","protected":false},"author":2,"featured_media":0,"parent":0,"menu_order":0,"comment_status":"closed","ping_status":"closed","template":"","meta":{"_acf_changed":false,"footnotes":""},"class_list":["post-7613","page","type-page","status-publish","hentry"],"acf":[],"yoast_head":"<!-- This site is optimized with the Yoast SEO plugin v27.5 - https:\/\/yoast.com\/product\/yoast-seo-wordpress\/ -->\n<title>Um Frigoscandia<\/title>\n<meta name=\"description\" content=\"Mit fundiertem Wissen im Bereich Lebensmittelmanagement und indem wir niemals Kompromisse bei Sicherheit und Qualit\u00e4t eingehen, haben wir seit 1948 frische, gek\u00fchlte und gefrorene Lebensmittel geliefert.\" \/>\n<meta name=\"robots\" content=\"index, follow, max-snippet:-1, max-image-preview:large, max-video-preview:-1\" \/>\n<link rel=\"canonical\" href=\"https:\/\/frigoscandia.com\/de\/um-frigoscandia\/\" \/>\n<meta property=\"og:locale\" content=\"de_DE\" \/>\n<meta property=\"og:type\" content=\"article\" \/>\n<meta property=\"og:title\" content=\"Um Frigoscandia\" \/>\n<meta property=\"og:description\" content=\"Mit fundiertem Wissen im Bereich Lebensmittelmanagement und indem wir niemals Kompromisse bei Sicherheit und Qualit\u00e4t eingehen, haben wir seit 1948 frische, gek\u00fchlte und gefrorene Lebensmittel geliefert.\" \/>\n<meta property=\"og:url\" content=\"https:\/\/frigoscandia.com\/de\/um-frigoscandia\/\" \/>\n<meta property=\"og:site_name\" content=\"Frigoscandia\" \/>\n<meta property=\"article:modified_time\" content=\"2024-02-15T12:56:36+00:00\" \/>\n<meta name=\"twitter:card\" content=\"summary_large_image\" \/>\n<meta name=\"twitter:label1\" content=\"Gesch\u00e4tzte Lesezeit\" \/>\n\t<meta name=\"twitter:data1\" content=\"2\u00a0Minuten\" \/>\n<script type=\"application\/ld+json\" class=\"yoast-schema-graph\">{\"@context\":\"https:\\\/\\\/schema.org\",\"@graph\":[{\"@type\":\"WebPage\",\"@id\":\"https:\\\/\\\/frigoscandia.com\\\/de\\\/um-frigoscandia\\\/\",\"url\":\"https:\\\/\\\/frigoscandia.com\\\/de\\\/um-frigoscandia\\\/\",\"name\":\"Um Frigoscandia\",\"isPartOf\":{\"@id\":\"https:\\\/\\\/frigoscandia.com\\\/#website\"},\"datePublished\":\"2021-01-09T13:57:21+00:00\",\"dateModified\":\"2024-02-15T12:56:36+00:00\",\"description\":\"Mit fundiertem Wissen im Bereich Lebensmittelmanagement und indem wir niemals Kompromisse bei Sicherheit und Qualit\u00e4t eingehen, haben wir seit 1948 frische, gek\u00fchlte und gefrorene Lebensmittel geliefert.\",\"breadcrumb\":{\"@id\":\"https:\\\/\\\/frigoscandia.com\\\/de\\\/um-frigoscandia\\\/#breadcrumb\"},\"inLanguage\":\"de\",\"potentialAction\":[{\"@type\":\"ReadAction\",\"target\":[\"https:\\\/\\\/frigoscandia.com\\\/de\\\/um-frigoscandia\\\/\"]}]},{\"@type\":\"BreadcrumbList\",\"@id\":\"https:\\\/\\\/frigoscandia.com\\\/de\\\/um-frigoscandia\\\/#breadcrumb\",\"itemListElement\":[{\"@type\":\"ListItem\",\"position\":1,\"name\":\"Hem\",\"item\":\"https:\\\/\\\/frigoscandia.com\\\/de\\\/\"},{\"@type\":\"ListItem\",\"position\":2,\"name\":\"Um Frigoscandia\"}]},{\"@type\":\"WebSite\",\"@id\":\"https:\\\/\\\/frigoscandia.com\\\/#website\",\"url\":\"https:\\\/\\\/frigoscandia.com\\\/\",\"name\":\"Frigoscandia\",\"description\":\"Frakttj\u00e4nster\",\"publisher\":{\"@id\":\"https:\\\/\\\/frigoscandia.com\\\/#organization\"},\"potentialAction\":[{\"@type\":\"SearchAction\",\"target\":{\"@type\":\"EntryPoint\",\"urlTemplate\":\"https:\\\/\\\/frigoscandia.com\\\/?s={search_term_string}\"},\"query-input\":{\"@type\":\"PropertyValueSpecification\",\"valueRequired\":true,\"valueName\":\"search_term_string\"}}],\"inLanguage\":\"de\"},{\"@type\":\"Organization\",\"@id\":\"https:\\\/\\\/frigoscandia.com\\\/#organization\",\"name\":\"Frigoscandia\",\"url\":\"https:\\\/\\\/frigoscandia.com\\\/\",\"logo\":{\"@type\":\"ImageObject\",\"inLanguage\":\"de\",\"@id\":\"https:\\\/\\\/frigoscandia.com\\\/#\\\/schema\\\/logo\\\/image\\\/\",\"url\":\"https:\\\/\\\/frigoscandia.com\\\/wp-content\\\/uploads\\\/2021\\\/07\\\/Frigoscandia_logo.png\",\"contentUrl\":\"https:\\\/\\\/frigoscandia.com\\\/wp-content\\\/uploads\\\/2021\\\/07\\\/Frigoscandia_logo.png\",\"width\":2362,\"height\":341,\"caption\":\"Frigoscandia\"},\"image\":{\"@id\":\"https:\\\/\\\/frigoscandia.com\\\/#\\\/schema\\\/logo\\\/image\\\/\"}}]}<\/script>\n<!-- \/ Yoast SEO plugin. -->","yoast_head_json":{"title":"Um Frigoscandia","description":"Mit fundiertem Wissen im Bereich Lebensmittelmanagement und indem wir niemals Kompromisse bei Sicherheit und Qualit\u00e4t eingehen, haben wir seit 1948 frische, gek\u00fchlte und gefrorene Lebensmittel geliefert.","robots":{"index":"index","follow":"follow","max-snippet":"max-snippet:-1","max-image-preview":"max-image-preview:large","max-video-preview":"max-video-preview:-1"},"canonical":"https:\/\/frigoscandia.com\/de\/um-frigoscandia\/","og_locale":"de_DE","og_type":"article","og_title":"Um Frigoscandia","og_description":"Mit fundiertem Wissen im Bereich Lebensmittelmanagement und indem wir niemals Kompromisse bei Sicherheit und Qualit\u00e4t eingehen, haben wir seit 1948 frische, gek\u00fchlte und gefrorene Lebensmittel geliefert.","og_url":"https:\/\/frigoscandia.com\/de\/um-frigoscandia\/","og_site_name":"Frigoscandia","article_modified_time":"2024-02-15T12:56:36+00:00","twitter_card":"summary_large_image","twitter_misc":{"Gesch\u00e4tzte Lesezeit":"2\u00a0Minuten"},"schema":{"@context":"https:\/\/schema.org","@graph":[{"@type":"WebPage","@id":"https:\/\/frigoscandia.com\/de\/um-frigoscandia\/","url":"https:\/\/frigoscandia.com\/de\/um-frigoscandia\/","name":"Um Frigoscandia","isPartOf":{"@id":"https:\/\/frigoscandia.com\/#website"},"datePublished":"2021-01-09T13:57:21+00:00","dateModified":"2024-02-15T12:56:36+00:00","description":"Mit fundiertem Wissen im Bereich Lebensmittelmanagement und indem wir niemals Kompromisse bei Sicherheit und Qualit\u00e4t eingehen, haben wir seit 1948 frische, gek\u00fchlte und gefrorene Lebensmittel geliefert.","breadcrumb":{"@id":"https:\/\/frigoscandia.com\/de\/um-frigoscandia\/#breadcrumb"},"inLanguage":"de","potentialAction":[{"@type":"ReadAction","target":["https:\/\/frigoscandia.com\/de\/um-frigoscandia\/"]}]},{"@type":"BreadcrumbList","@id":"https:\/\/frigoscandia.com\/de\/um-frigoscandia\/#breadcrumb","itemListElement":[{"@type":"ListItem","position":1,"name":"Hem","item":"https:\/\/frigoscandia.com\/de\/"},{"@type":"ListItem","position":2,"name":"Um Frigoscandia"}]},{"@type":"WebSite","@id":"https:\/\/frigoscandia.com\/#website","url":"https:\/\/frigoscandia.com\/","name":"Frigoscandia","description":"Frakttj\u00e4nster","publisher":{"@id":"https:\/\/frigoscandia.com\/#organization"},"potentialAction":[{"@type":"SearchAction","target":{"@type":"EntryPoint","urlTemplate":"https:\/\/frigoscandia.com\/?s={search_term_string}"},"query-input":{"@type":"PropertyValueSpecification","valueRequired":true,"valueName":"search_term_string"}}],"inLanguage":"de"},{"@type":"Organization","@id":"https:\/\/frigoscandia.com\/#organization","name":"Frigoscandia","url":"https:\/\/frigoscandia.com\/","logo":{"@type":"ImageObject","inLanguage":"de","@id":"https:\/\/frigoscandia.com\/#\/schema\/logo\/image\/","url":"https:\/\/frigoscandia.com\/wp-content\/uploads\/2021\/07\/Frigoscandia_logo.png","contentUrl":"https:\/\/frigoscandia.com\/wp-content\/uploads\/2021\/07\/Frigoscandia_logo.png","width":2362,"height":341,"caption":"Frigoscandia"},"image":{"@id":"https:\/\/frigoscandia.com\/#\/schema\/logo\/image\/"}}]}},"_links":{"self":[{"href":"https:\/\/frigoscandia.com\/de\/wp-json\/wp\/v2\/pages\/7613","targetHints":{"allow":["GET"]}}],"collection":[{"href":"https:\/\/frigoscandia.com\/de\/wp-json\/wp\/v2\/pages"}],"about":[{"href":"https:\/\/frigoscandia.com\/de\/wp-json\/wp\/v2\/types\/page"}],"author":[{"embeddable":true,"href":"https:\/\/frigoscandia.com\/de\/wp-json\/wp\/v2\/users\/2"}],"replies":[{"embeddable":true,"href":"https:\/\/frigoscandia.com\/de\/wp-json\/wp\/v2\/comments?post=7613"}],"version-history":[{"count":10,"href":"https:\/\/frigoscandia.com\/de\/wp-json\/wp\/v2\/pages\/7613\/revisions"}],"predecessor-version":[{"id":7822,"href":"https:\/\/frigoscandia.com\/de\/wp-json\/wp\/v2\/pages\/7613\/revisions\/7822"}],"wp:attachment":[{"href":"https:\/\/frigoscandia.com\/de\/wp-json\/wp\/v2\/media?parent=7613"}],"curies":[{"name":"wp","href":"https:\/\/api.w.org\/{rel}","templated":true}]}}